{"id":12966,"date":"2020-07-03T10:30:18","date_gmt":"2020-07-03T08:30:18","guid":{"rendered":"https:\/\/cicaboom.com\/posta-del-dr-bazz\/"},"modified":"2022-07-28T21:58:59","modified_gmt":"2022-07-28T19:58:59","slug":"post-dr-bazz","status":"publish","type":"page","link":"https:\/\/cicaboom.com\/de\/post-dr-bazz\/","title":{"rendered":"Posta del Dr. Bazz"},"content":{"rendered":"<h1>Post f\u00fcr Dr. Bazz<\/h1>\n<p><img src=\"\/wp-content\/uploads\/2020\/07\/Dr.Bazz-posta-e1579494317988.png\" alt=\"\"><\/p>\n<p>\n    <a href=\"#section-disegni\">zu den Zeichnungen<\/a>\n<\/p>\n<h2>Schick mir eine Zeichnung von dir \/ Foto<\/h2>\n<div>\n<h3>Das Formular ausf\u00fcllen<\/h3>\n<div>\n<div role=\"form\" class=\"wpcf7\" id=\"wpcf7-f12969-o1\" lang=\"it-IT\" dir=\"ltr\">\n<div class=\"screen-reader-response\"><p role=\"status\" aria-live=\"polite\" aria-atomic=\"true\"><\/p> <ul><\/ul><\/div>\n<form action=\"\/de\/wp-json\/wp\/v2\/pages\/12966#wpcf7-f12969-o1\" method=\"post\" class=\"wpcf7-form init\" enctype=\"multipart\/form-data\" novalidate=\"novalidate\" data-status=\"init\">\n<div style=\"display: none;\">\n<input type=\"hidden\" name=\"_wpcf7\" value=\"12969\" \/>\n<input type=\"hidden\" name=\"_wpcf7_version\" value=\"5.5.6\" \/>\n<input type=\"hidden\" name=\"_wpcf7_locale\" value=\"it_IT\" \/>\n<input type=\"hidden\" name=\"_wpcf7_unit_tag\" value=\"wpcf7-f12969-o1\" \/>\n<input type=\"hidden\" name=\"_wpcf7_container_post\" value=\"0\" \/>\n<input type=\"hidden\" name=\"_wpcf7_posted_data_hash\" value=\"\" \/>\n<\/div>\n<div class=\"uk-child-width-1-2@s\" uk-grid>\n<div>\n <label class=\"uk-form-label\" for=\"form-stacked-text\">Name des einwilligenden Elternteils *<\/label><br \/>\n <span class=\"wpcf7-form-control-wrap nome-genitore\"><input type=\"text\" name=\"nome-genitore\" value=\"\" size=\"40\" class=\"wpcf7-form-control wpcf7-text wpcf7-validates-as-required uk-input\" aria-required=\"true\" aria-invalid=\"false\" placeholder=\"Nur der Vorname\" \/><\/span>\n<\/div>\n<div>\n <label class=\"uk-form-label\" for=\"form-stacked-text\">Name des Kindes *<\/label><br \/>\n <span class=\"wpcf7-form-control-wrap nome\"><input type=\"text\" name=\"nome\" value=\"\" size=\"40\" class=\"wpcf7-form-control wpcf7-text wpcf7-validates-as-required uk-input\" aria-required=\"true\" aria-invalid=\"false\" placeholder=\"Nur der Vorname\" \/><\/span>\n<\/div>\n<div>\n   <label class=\"uk-form-label\" for=\"form-stacked-text\">Alter des Kindes *<\/label><br \/>\n   <span class=\"wpcf7-form-control-wrap anni\"><input type=\"text\" name=\"anni\" value=\"\" size=\"40\" class=\"wpcf7-form-control wpcf7-text wpcf7-validates-as-required uk-input\" aria-required=\"true\" aria-invalid=\"false\" placeholder=\"Beispiel: 5 Jahre\" \/><\/span>\n<\/div>\n<div>\n   <label class=\"uk-form-label\" for=\"form-stacked-text\">Email *<\/label><br \/>\n   <span class=\"wpcf7-form-control-wrap email\"><input type=\"email\" name=\"email\" value=\"\" size=\"40\" class=\"wpcf7-form-control wpcf7-text wpcf7-email wpcf7-validates-as-required wpcf7-validates-as-email uk-input\" aria-required=\"true\" aria-invalid=\"false\" placeholder=\"Gib deine E-Mail-Adresse an\" \/><\/span>\n<\/div>\n<div>\n<label class=\"uk-form-label\" for=\"form-stacked-text\">Wo wohnst du? *<\/label><br \/>\n<span class=\"wpcf7-form-control-wrap paese\"><select name=\"paese\" class=\"wpcf7-form-control wpcf7-select wpcf7-validates-as-required uk-select\" aria-required=\"true\" aria-invalid=\"false\"><option value=\"\">---<\/option><option value=\"Italien\">Italien<\/option><option value=\"Frankreich\">Frankreich<\/option><option value=\"Deutschland\">Deutschland<\/option><option value=\"Spanien\">Spanien<\/option><option value=\"England\">England<\/option><option value=\"Maxiko\">Maxiko<\/option><option value=\"Polen\">Polen<\/option><option value=\"Portugal\">Portugal<\/option><option value=\"Rum\u00e4nien\">Rum\u00e4nien<\/option><option value=\"Russland\">Russland<\/option><\/select><\/span><\/p>\n<\/div>\n<\/div>\n<div class=\"uk-margin-medium uk-child-width-auto@s uk-flex uk-flex-middle\" uk-grid>\n<div class=\"uk-text-center\">\n<span class=\"wpcf7-form-control-wrap send-picture\"><input type=\"file\" name=\"send-picture\" size=\"40\" class=\"wpcf7-form-control wpcf7-file\" accept=\".jpg,.png,.jpeg\" aria-invalid=\"false\" \/><\/span>\n<\/div>\n<p><label class=\"uk-form-label\" for=\"form-stacked-text\">W\u00e4hle die Zeichnung, die du mir zusenden m\u00f6chtest, die Datei darf max. 1,5\u00a0MB gro\u00df sein *<\/label>\n<\/div>\n<div class=\"privacy-row\">\n<span class=\"wpcf7-form-control-wrap privacy\"><span class=\"wpcf7-form-control wpcf7-checkbox wpcf7-validates-as-required\"><span class=\"wpcf7-list-item first last\"><input type=\"checkbox\" name=\"privacy[]\" value=\"Zustimmung zur Ver\u00f6ffentlichung der Zeichnungen \/ Foto\" \/><span class=\"wpcf7-list-item-label\">Zustimmung zur Ver\u00f6ffentlichung der Zeichnungen \/ Foto<\/span><\/span><\/span><\/span><\/p>\n<p class=\"uk-text-small\">Ich gebe meine Zustimmung zur Verarbeitung meiner personenbezogenen Daten und der personenbezogenen Daten meines Sohnes\/meiner Tochter f\u00fcr die Ver\u00f6ffentlichung in der Zeitschrift und\/oder auf dieser Website und\/oder in den sozialen Netzwerken von Cicaboom und ich erkl\u00e4re, dass ich die <b><a href=\"https:\/\/www.iubenda.com\/privacy-policy\/59964434\" target=\"_blank\">Datenschutzbestimmungen<\/a><\/b> gelesen habe und akzeptiere.<\/p>\n<\/div>\n<div class=\"newsletter-row\">\n<span class=\"wpcf7-form-control-wrap newsletter\"><span class=\"wpcf7-form-control wpcf7-acceptance\"><span class=\"wpcf7-list-item\"><label><input type=\"checkbox\" name=\"newsletter\" value=\"1\" aria-invalid=\"false\" \/><span class=\"wpcf7-list-item-label\">1<\/span><\/label><\/span><\/span><\/span><label class=\"uk-form-label\" for=\"form-stacked-text\">Abonnieren Sie den Newsletter, um \u00fcber Neuigkeiten aus der Cicaboom-Welt informiert zu werden!<!--MELD DICH F\u00dcR DEN NEWSLETTER AN, UM AUF DEINEN N\u00c4CHSTEN EINKAUF 5% RABATT ZU ERHALTEN! (Bitte \u00fcberpr\u00fcfe dein Postfach zur Best\u00e4tigung. Wenn du die E-mail nicht findest, schau im Spamordner nach)--><\/label>\n<\/div>\n<div>\n<input type=\"submit\" value=\"Senden\" class=\"wpcf7-form-control has-spinner wpcf7-submit uk-button uk-button-large uk-button-primary\" id=\"cf7_submit_de\" \/>\n<\/div>\n<div class=\"wpcf7-response-output\" aria-hidden=\"true\"><\/div><\/form><\/div>\n<\/div>\n<\/div>\n<div>\n<p>Ich werde die Zeichnungen, die ihr mir zugeschickt habt, auf dieser Seite ver\u00f6ffentlichen. Wenn ihr wollt, k\u00f6nnt ihr eure Arbeiten in den sozialen Medien mit dem Hashtag <strong>#lapostadeldottorbazz<\/strong> teilen. Besucht mein Profil auf <a href=\"https:\/\/www.facebook.com\/cicaboomworld\" target=\"_blank\" rel=\"noopener\"><strong>Facebook<\/strong><\/a> oder <strong><a href=\"https:\/\/www.instagram.com\/cicaboomworld\/\" target=\"_blank\" rel=\"noopener\">Instagram<\/a><\/strong>.<\/p>\n<p>Bl\u00e4ttere weiter nach unten, sieh dir alle Briefe an, die ich bekommen habe.<\/p>\n<\/div>\n<h2>Eure Zeichnungen<\/h2>\n<div>\n<form data-sf-form-id='12973' data-is-rtl='0' data-maintain-state='' data-results-url='\/posta-dr-bazz-disegni-di-bambini' data-ajax-url='\/posta-dr-bazz-disegni-di-bambini?sf_data=results' data-ajax-form-url='https:\/\/cicaboom.com\/de\/?sfid=12973&amp;sf_action=get_data&amp;sf_data=form' data-display-result-method='custom' data-use-history-api='1' data-template-loaded='0' data-lang-code='de' data-ajax='1' data-ajax-data-type='html' data-ajax-links-selector='.pagination a' data-ajax-target='#ajax-container' data-ajax-pagination-type='normal' data-update-ajax-url='1' data-only-results-ajax='0' data-scroll-to-pos='custom' data-custom-scroll-to='#filter-container' data-scroll-on-action='all' data-init-paged='1' data-auto-update='1' action='\/posta-dr-bazz-disegni-di-bambini' method='post' class='searchandfilter' id='search-filter-form-12973' autocomplete='off' data-instance-count='1'><ul><li class=\"sf-field-post-meta-nazione\" data-sf-field-name=\"_sfm_nazione\" data-sf-field-type=\"post_meta\" data-sf-field-input-type=\"select\" data-sf-meta-type=\"choice\"><h4>Nach Nation suchen<\/h4>\t\t<label>\r\n\t\t\t\t<select name=\"_sfm_nazione[]\" class=\"sf-input-select\" title=\"\">\r\n\t\t\t\r\n\t\t\t\t\t\t<option class=\"sf-level-0 sf-item-0 sf-option-active\" selected=\"selected\" data-sf-depth=\"0\" value=\"\">Alle Nationen<\/option>\r\n\t\t\t\t\t\t<option class=\"sf-level-0 \" data-sf-count=\"-1\" data-sf-depth=\"0\" value=\"Inghilterra\">Inghilterra<\/option>\r\n\t\t\t\t\t\t<option class=\"sf-level-0 \" data-sf-count=\"-1\" data-sf-depth=\"0\" value=\"Italia\">Italia<\/option>\r\n\t\t\t\t\t\t<option class=\"sf-level-0 \" data-sf-count=\"-1\" data-sf-depth=\"0\" value=\"Messico\">Messico<\/option>\r\n\t\t\t\t\t\t<option class=\"sf-level-0 \" data-sf-count=\"-1\" data-sf-depth=\"0\" value=\"Portogallo\">Portogallo<\/option>\r\n\t\t\t\t\t\t<option class=\"sf-level-0 \" data-sf-count=\"-1\" data-sf-depth=\"0\" value=\"Spagna\">Spagna<\/option>\r\n\t\t\t\t\t<\/select>\r\n\t\t<\/label>\t\t<\/li><li class=\"sf-field-search\" data-sf-field-name=\"search\" data-sf-field-type=\"search\" data-sf-field-input-type=\"\"><h4>Nach Name suchen<\/h4>\t\t<label><input placeholder=\"Suche \u2026\" name=\"_sf_search[]\" class=\"sf-input-text\" type=\"text\" value=\"\" title=\"\"><\/label>\t\t<\/li><li class=\"sf-field-tag\" data-sf-field-name=\"_sft_post_tag\" data-sf-field-type=\"tag\" data-sf-field-input-type=\"select\" data-sf-term-rewrite='[]'><h4>Nach Tag suchen<\/h4>\t\t<label>\r\n\t\t\t\t<select name=\"_sft_post_tag[]\" class=\"sf-input-select\" title=\"\">\r\n\t\t\t\r\n\t\t\t\t\t<\/select>\r\n\t\t<\/label>\t\t<\/li><li class=\"sf-field-reset\" data-sf-field-name=\"reset\" data-sf-field-type=\"reset\" data-sf-field-input-type=\"link\"><a href=\"#\" class=\"search-filter-reset\" data-search-form-id=\"12973\" data-sf-submit-form=\"always\">Filtern l\u00f6schen<\/a><\/li><\/ul><\/form><\/div>\n<div>\n<\/div>\n<p><!--more--><br \/>\n<!-- {\"type\":\"layout\",\"children\":[{\"type\":\"section\",\"props\":{\"style\":\"default\",\"width\":\"default\",\"vertical_align\":\"middle\",\"title_position\":\"top-left\",\"title_rotation\":\"left\",\"title_breakpoint\":\"xl\",\"image_position\":\"center-center\",\"class\":\"cb-posta-bazz-section\",\"image\":\"wp-content\\\/uploads\\\/2020\\\/07\\\/sfondo-posta-dr-bazz.jpg\",\"media_overlay\":\"rgba(245, 137, 5, 0.85)\",\"image_size\":\"cover\"},\"children\":[{\"type\":\"row\",\"children\":[{\"type\":\"column\",\"props\":{\"image_position\":\"center-center\",\"media_overlay_gradient\":\"\",\"position_sticky_breakpoint\":\"m\"},\"children\":[{\"type\":\"headline\",\"props\":{\"title_element\":\"h1\",\"content\":\"Post f\\u00fcr Dr. Bazz\",\"title_color\":\"muted\",\"title_style\":\"heading-medium\",\"text_align\":\"center\"}}]}]},{\"type\":\"row\",\"props\":{\"layout\":\"1-3,2-3\"},\"children\":[{\"type\":\"column\",\"props\":{\"image_position\":\"center-center\",\"media_overlay_gradient\":\"\",\"width_medium\":\"1-3\",\"vertical_align\":\"middle\",\"position_sticky_breakpoint\":\"m\"},\"children\":[{\"type\":\"image\",\"props\":{\"margin\":\"default\",\"image_svg_color\":\"emphasis\",\"image\":\"wp-content\\\/uploads\\\/2020\\\/07\\\/Dr.Bazz-posta-e1579494317988.png\",\"text_align\":\"center\"}},{\"type\":\"button\",\"props\":{\"grid_column_gap\":\"small\",\"grid_row_gap\":\"small\",\"margin\":\"default\",\"text_align\":\"center\"},\"children\":[{\"type\":\"button_item\",\"props\":{\"button_style\":\"primary\",\"icon_align\":\"right\",\"content\":\"zu den Zeichnungen\",\"link\":\"#section-disegni\",\"icon\":\"chevron-down\"}}],\"name\":\"Button - vai ai disegni\"}]},{\"type\":\"column\",\"props\":{\"image_position\":\"center-center\",\"media_overlay_gradient\":\"\",\"width_medium\":\"2-3\",\"vertical_align\":\"middle\",\"position_sticky_breakpoint\":\"m\"},\"children\":[{\"type\":\"headline\",\"props\":{\"title_element\":\"h2\",\"content\":\"Schick mir eine Zeichnung von dir \\\/ Foto\",\"title_color\":\"muted\"}},{\"type\":\"accordion\",\"props\":{\"show_image\":true,\"show_link\":true,\"collapsible\":true,\"content_column_breakpoint\":\"m\",\"image_svg_color\":\"emphasis\",\"image_align\":\"top\",\"image_grid_width\":\"1-2\",\"image_grid_breakpoint\":\"m\",\"link_text\":\"Read more\",\"link_style\":\"default\",\"class\":\"cb-posta accordion\"},\"children\":[{\"type\":\"accordion_item\",\"props\":{\"title\":\"Das Formular ausf\\u00fcllen\",\"content\":\"\n\n<p>[contact-form-7 id=\\\"12969\\\" title=\\\"Modulo di contatto - DE\\\"]<\\\/p>\"}}]}]}]}]},{\"type\":\"section\",\"props\":{\"style\":\"default\",\"width\":\"default\",\"vertical_align\":\"middle\",\"title_position\":\"top-left\",\"title_rotation\":\"left\",\"title_breakpoint\":\"xl\",\"image_position\":\"center-center\",\"padding_remove_bottom\":true},\"children\":[{\"type\":\"row\",\"children\":[{\"type\":\"column\",\"props\":{\"image_position\":\"center-center\",\"media_overlay_gradient\":\"\",\"position_sticky_breakpoint\":\"m\"},\"children\":[{\"type\":\"text\",\"props\":{\"margin\":\"default\",\"column_breakpoint\":\"m\",\"content\":\"\n\n<p>Ich werde die Zeichnungen, die ihr mir zugeschickt habt, auf dieser Seite ver\\u00f6ffentlichen. Wenn ihr wollt, k\\u00f6nnt ihr eure Arbeiten in den sozialen Medien mit dem Hashtag <strong>#lapostadeldottorbazz<\\\/strong> teilen. Besucht mein Profil auf <a href=\\\"https:\\\/\\\/www.facebook.com\\\/cicaboomworld\\\" target=\\\"_blank\\\" rel=\\\"noopener\\\"><strong>Facebook<\\\/strong><\\\/a> oder <strong><a href=\\\"https:\\\/\\\/www.instagram.com\\\/cicaboomworld\\\/\\\" target=\\\"_blank\\\" rel=\\\"noopener\\\">Instagram<\\\/a><\\\/strong>.<\\\/p>\\n\n\n<p>Bl\\u00e4ttere weiter nach unten, sieh dir alle Briefe an, die ich bekommen habe.<\\\/p>\",\"text_align\":\"center\"}}]}]}]},{\"type\":\"section\",\"props\":{\"style\":\"default\",\"width\":\"default\",\"vertical_align\":\"middle\",\"title_position\":\"top-left\",\"title_rotation\":\"left\",\"title_breakpoint\":\"xl\",\"image_position\":\"center-center\"},\"children\":[{\"type\":\"row\",\"props\":{\"margin\":\"large\"},\"children\":[{\"type\":\"column\",\"props\":{\"image_position\":\"center-center\",\"media_overlay_gradient\":\"\",\"position_sticky_breakpoint\":\"m\"},\"children\":[{\"type\":\"headline\",\"props\":{\"title_element\":\"h2\",\"content\":\"Eure Zeichnungen\",\"title_color\":\"secondary\",\"text_align\":\"center\",\"title_style\":\"heading-small\"}}]}]},{\"type\":\"row\",\"children\":[{\"type\":\"column\",\"props\":{\"image_position\":\"center-center\",\"media_overlay_gradient\":\"\",\"position_sticky_breakpoint\":\"m\"},\"children\":[{\"type\":\"html\",\"props\":{\"content\":\"[searchandfilter id=\\\"12973\\\"]\",\"id\":\"filter-container\",\"class\":\"cb-posta-filters\"},\"name\":\"Filtro\"}]}],\"props\":{\"id\":\"section-disegni\"}},{\"type\":\"row\",\"children\":[{\"type\":\"column\",\"props\":{\"image_position\":\"center-center\",\"media_overlay_gradient\":\"\",\"position_sticky_breakpoint\":\"m\"},\"children\":[{\"type\":\"html\",\"props\":{\"content\":\"[lb-gallery-list category=gallery]\"}}]}]}]}],\"version\":\"2.7.21\"} --><\/p>\n","protected":false},"excerpt":{"rendered":"<p>Post f\u00fcr Dr. Bazz zu den Zeichnungen Schick mir eine Zeichnung von dir \/ Foto Das Formular ausf\u00fcllen Ich werde die Zeichnungen, die ihr mir zugeschickt habt, auf dieser Seite ver\u00f6ffentlichen. Wenn ihr wollt, k\u00f6nnt ihr eure Arbeiten in den sozialen Medien mit dem Hashtag #lapostadeldottorbazz teilen. Besucht mein Profil auf Facebook oder Instagram. Bl\u00e4ttere [&hellip;]<\/p>\n","protected":false},"author":2,"featured_media":0,"parent":0,"menu_order":0,"comment_status":"closed","ping_status":"closed","template":"","meta":[],"acf":[],"yoast_head":"<!-- This site is optimized with the Yoast SEO plugin v18.5.1 - https:\/\/yoast.com\/wordpress\/plugins\/seo\/ -->\n<title>Posta del Dr. Bazz | Kinderzeichnungen Welt Cicaboom und Letrabots<\/title>\n<meta name=\"description\" content=\"Bl\u00e4ttere weiter nach unten, sieh dir alle Briefe an, die Dr Bazz bekommen hat.\" \/>\n<meta name=\"robots\" content=\"index, follow, max-snippet:-1, max-image-preview:large, max-video-preview:-1\" \/>\n<link rel=\"canonical\" href=\"https:\/\/cicaboom.com\/de\/post-dr-bazz\/\" \/>\n<meta property=\"og:locale\" content=\"de_DE\" \/>\n<meta property=\"og:type\" content=\"article\" \/>\n<meta property=\"og:title\" content=\"Posta del Dr. Bazz | Kinderzeichnungen Welt Cicaboom und Letrabots\" \/>\n<meta property=\"og:description\" content=\"Bl\u00e4ttere weiter nach unten, sieh dir alle Briefe an, die Dr Bazz bekommen hat.\" \/>\n<meta property=\"og:url\" content=\"https:\/\/cicaboom.com\/de\/post-dr-bazz\/\" \/>\n<meta property=\"og:site_name\" content=\"Cicaboom e i suoi brand Letrabots \u00a9 , Letranimal \u00a9, Kartbots \u00a9, Numberbots \u00a9\" \/>\n<meta property=\"article:modified_time\" content=\"2022-07-28T19:58:59+00:00\" \/>\n<meta name=\"twitter:card\" content=\"summary_large_image\" \/>\n<script type=\"application\/ld+json\" class=\"yoast-schema-graph\">{\"@context\":\"https:\/\/schema.org\",\"@graph\":[{\"@type\":\"Organization\",\"@id\":\"https:\/\/cicaboom.com\/#organization\",\"name\":\"Cicaboom\",\"url\":\"https:\/\/cicaboom.com\/\",\"sameAs\":[],\"logo\":{\"@type\":\"ImageObject\",\"@id\":\"https:\/\/cicaboom.com\/#logo\",\"inLanguage\":\"de\",\"url\":\"https:\/\/cicaboom.com\/wp-content\/uploads\/2024\/12\/logo-cicaboom.svg\",\"contentUrl\":\"https:\/\/cicaboom.com\/wp-content\/uploads\/2024\/12\/logo-cicaboom.svg\",\"caption\":\"Cicaboom\"},\"image\":{\"@id\":\"https:\/\/cicaboom.com\/#logo\"}},{\"@type\":\"WebSite\",\"@id\":\"https:\/\/cicaboom.com\/#website\",\"url\":\"https:\/\/cicaboom.com\/\",\"name\":\"Cicaboom e i suoi brand Letrabots \u00a9 , Letranimal \u00a9, Kartbots \u00a9, Numberbots \u00a9\",\"description\":\"Cicaboom, editore italiano che con entusiasmo e creativit\u00e0 fa divertire i bambini con Letrabots \u00a9, Letranimal \u00a9, Kartbots \u00a9, Numberbots \u00a9 clicca e scoprili tutti.\",\"publisher\":{\"@id\":\"https:\/\/cicaboom.com\/#organization\"},\"potentialAction\":[{\"@type\":\"SearchAction\",\"target\":{\"@type\":\"EntryPoint\",\"urlTemplate\":\"https:\/\/cicaboom.com\/?s={search_term_string}\"},\"query-input\":\"required name=search_term_string\"}],\"inLanguage\":\"de\"},{\"@type\":\"WebPage\",\"@id\":\"https:\/\/cicaboom.com\/de\/post-dr-bazz\/#webpage\",\"url\":\"https:\/\/cicaboom.com\/de\/post-dr-bazz\/\",\"name\":\"Posta del Dr. Bazz | Kinderzeichnungen Welt Cicaboom und Letrabots\",\"isPartOf\":{\"@id\":\"https:\/\/cicaboom.com\/#website\"},\"datePublished\":\"2020-07-03T08:30:18+00:00\",\"dateModified\":\"2022-07-28T19:58:59+00:00\",\"description\":\"Bl\u00e4ttere weiter nach unten, sieh dir alle Briefe an, die Dr Bazz bekommen hat.\",\"breadcrumb\":{\"@id\":\"https:\/\/cicaboom.com\/de\/post-dr-bazz\/#breadcrumb\"},\"inLanguage\":\"de\",\"potentialAction\":[{\"@type\":\"ReadAction\",\"target\":[\"https:\/\/cicaboom.com\/de\/post-dr-bazz\/\"]}]},{\"@type\":\"BreadcrumbList\",\"@id\":\"https:\/\/cicaboom.com\/de\/post-dr-bazz\/#breadcrumb\",\"itemListElement\":[{\"@type\":\"ListItem\",\"position\":1,\"name\":\"Home\",\"item\":\"https:\/\/cicaboom.com\/de\/\"},{\"@type\":\"ListItem\",\"position\":2,\"name\":\"Posta del Dr. Bazz\"}]}]}<\/script>\n<!-- \/ Yoast SEO plugin. -->","yoast_head_json":{"title":"Posta del Dr. Bazz | Kinderzeichnungen Welt Cicaboom und Letrabots","description":"Bl\u00e4ttere weiter nach unten, sieh dir alle Briefe an, die Dr Bazz bekommen hat.","robots":{"index":"index","follow":"follow","max-snippet":"max-snippet:-1","max-image-preview":"max-image-preview:large","max-video-preview":"max-video-preview:-1"},"canonical":"https:\/\/cicaboom.com\/de\/post-dr-bazz\/","og_locale":"de_DE","og_type":"article","og_title":"Posta del Dr. Bazz | Kinderzeichnungen Welt Cicaboom und Letrabots","og_description":"Bl\u00e4ttere weiter nach unten, sieh dir alle Briefe an, die Dr Bazz bekommen hat.","og_url":"https:\/\/cicaboom.com\/de\/post-dr-bazz\/","og_site_name":"Cicaboom e i suoi brand Letrabots \u00a9 , Letranimal \u00a9, Kartbots \u00a9, Numberbots \u00a9","article_modified_time":"2022-07-28T19:58:59+00:00","twitter_card":"summary_large_image","schema":{"@context":"https:\/\/schema.org","@graph":[{"@type":"Organization","@id":"https:\/\/cicaboom.com\/#organization","name":"Cicaboom","url":"https:\/\/cicaboom.com\/","sameAs":[],"logo":{"@type":"ImageObject","@id":"https:\/\/cicaboom.com\/#logo","inLanguage":"de","url":"https:\/\/cicaboom.com\/wp-content\/uploads\/2024\/12\/logo-cicaboom.svg","contentUrl":"https:\/\/cicaboom.com\/wp-content\/uploads\/2024\/12\/logo-cicaboom.svg","caption":"Cicaboom"},"image":{"@id":"https:\/\/cicaboom.com\/#logo"}},{"@type":"WebSite","@id":"https:\/\/cicaboom.com\/#website","url":"https:\/\/cicaboom.com\/","name":"Cicaboom e i suoi brand Letrabots \u00a9 , Letranimal \u00a9, Kartbots \u00a9, Numberbots \u00a9","description":"Cicaboom, editore italiano che con entusiasmo e creativit\u00e0 fa divertire i bambini con Letrabots \u00a9, Letranimal \u00a9, Kartbots \u00a9, Numberbots \u00a9 clicca e scoprili tutti.","publisher":{"@id":"https:\/\/cicaboom.com\/#organization"},"potentialAction":[{"@type":"SearchAction","target":{"@type":"EntryPoint","urlTemplate":"https:\/\/cicaboom.com\/?s={search_term_string}"},"query-input":"required name=search_term_string"}],"inLanguage":"de"},{"@type":"WebPage","@id":"https:\/\/cicaboom.com\/de\/post-dr-bazz\/#webpage","url":"https:\/\/cicaboom.com\/de\/post-dr-bazz\/","name":"Posta del Dr. Bazz | Kinderzeichnungen Welt Cicaboom und Letrabots","isPartOf":{"@id":"https:\/\/cicaboom.com\/#website"},"datePublished":"2020-07-03T08:30:18+00:00","dateModified":"2022-07-28T19:58:59+00:00","description":"Bl\u00e4ttere weiter nach unten, sieh dir alle Briefe an, die Dr Bazz bekommen hat.","breadcrumb":{"@id":"https:\/\/cicaboom.com\/de\/post-dr-bazz\/#breadcrumb"},"inLanguage":"de","potentialAction":[{"@type":"ReadAction","target":["https:\/\/cicaboom.com\/de\/post-dr-bazz\/"]}]},{"@type":"BreadcrumbList","@id":"https:\/\/cicaboom.com\/de\/post-dr-bazz\/#breadcrumb","itemListElement":[{"@type":"ListItem","position":1,"name":"Home","item":"https:\/\/cicaboom.com\/de\/"},{"@type":"ListItem","position":2,"name":"Posta del Dr. Bazz"}]}]}},"_links":{"self":[{"href":"https:\/\/cicaboom.com\/de\/wp-json\/wp\/v2\/pages\/12966"}],"collection":[{"href":"https:\/\/cicaboom.com\/de\/wp-json\/wp\/v2\/pages"}],"about":[{"href":"https:\/\/cicaboom.com\/de\/wp-json\/wp\/v2\/types\/page"}],"author":[{"embeddable":true,"href":"https:\/\/cicaboom.com\/de\/wp-json\/wp\/v2\/users\/2"}],"replies":[{"embeddable":true,"href":"https:\/\/cicaboom.com\/de\/wp-json\/wp\/v2\/comments?post=12966"}],"version-history":[{"count":5,"href":"https:\/\/cicaboom.com\/de\/wp-json\/wp\/v2\/pages\/12966\/revisions"}],"predecessor-version":[{"id":24677,"href":"https:\/\/cicaboom.com\/de\/wp-json\/wp\/v2\/pages\/12966\/revisions\/24677"}],"wp:attachment":[{"href":"https:\/\/cicaboom.com\/de\/wp-json\/wp\/v2\/media?parent=12966"}],"curies":[{"name":"wp","href":"https:\/\/api.w.org\/{rel}","templated":true}]}}