{"id":12978,"date":"2020-07-29T15:18:27","date_gmt":"2020-07-29T13:18:27","guid":{"rendered":"https:\/\/cicaboom.com\/chi-siamo\/"},"modified":"2022-02-14T12:53:54","modified_gmt":"2022-02-14T11:53:54","slug":"wer-wir-sind","status":"publish","type":"page","link":"https:\/\/cicaboom.com\/de\/wer-wir-sind\/","title":{"rendered":"Chi siamo"},"content":{"rendered":"<p><img src=\"\/wp-content\/uploads\/2020\/06\/logo-cicaboom.svg\" alt=\"\"><\/p>\n<h1>Wir erschaffen Tr\u00e4ume, keine Plastikteile!<\/h1>\n<p><img src=\"\/wp-content\/uploads\/2020\/06\/immagine-intro-cicaboom.png\" alt=\"\"><\/p>\n<h2>Das Unternehmen<\/h2>\n<div>\n<p><strong>Cicaboom s.r.l.<\/strong> ist ein italienisches Unternehmen, das sich auf die Konzeption, Herstellung und Vermarktung von Spielzeug sowie Verlags- und Unterhaltungsprodukten f\u00fcr Kinder spezialisiert hat.<\/p>\n<p>Der Auftrag von Cicaboom ist es, Spielzeug von hoher Qualit\u00e4t herzustellen, das zeitlos in einem erz\u00e4hlerischen Universum untergebracht ist, das Kinder zum Tr\u00e4umen bringt.<\/p>\n<\/div>\n<h2>Unsere Geschichte<\/h2>\n<div>\n<\/div>\n<div>\n<p><i>Scorri di lato per navigare la linea temporale <\/i><\/p>\n<\/div>\n<h2>Letrabots<\/h2>\n<div>\n<p>Cicaboom ist Eigent\u00fcmer des Brands Letrabots, Spielzeugbuchstaben, die in Roboter sich verwandeln.<\/p>\n<\/div>\n<div>\n<h3>Mehr \u00fcber Letrabots<\/h3>\n<div>\n<p>Letrabots, geboren Ende 2016 und Firmensitz des Unternehmens, ist nicht nur eine Spielzeugmarke, sondern eine Firmen-Property, die durch die Schaffung einer <strong>Storytelling<\/strong>, die verschiedene Kommunikationskan\u00e4le nutzt, aufgebaut wurde: <strong>Comics<\/strong>, <strong>Webserie<\/strong>, <strong>Social Media<\/strong> und auch eine sehr erfolgreiche <strong>TV-Miniserie<\/strong> auf den wichtigsten Kids Channel.<\/p>\n<\/div>\n<\/div>\n<p><img src=\"\/wp-content\/uploads\/2021\/02\/mondo-letra-prodotto-min.jpg\" alt=\"\"><\/p>\n<p><!--more--><br \/>\n<!-- {\"type\":\"layout\",\"children\":[{\"type\":\"section\",\"props\":{\"style\":\"default\",\"width\":\"default\",\"vertical_align\":\"middle\",\"title_position\":\"top-left\",\"title_rotation\":\"left\",\"title_breakpoint\":\"xl\",\"image_position\":\"bottom-center\",\"image\":\"wp-content\\\/uploads\\\/2020\\\/06\\\/home-intro-bacground.svg\",\"image_size\":\"cover\",\"animation\":\"fade\"},\"children\":[{\"type\":\"row\",\"children\":[{\"type\":\"column\",\"props\":{\"image_position\":\"center-center\",\"media_overlay_gradient\":\"\"},\"children\":[{\"type\":\"image\",\"props\":{\"margin\":\"default\",\"image_svg_color\":\"emphasis\",\"image\":\"wp-content\\\/uploads\\\/2020\\\/06\\\/logo-cicaboom.svg\",\"image_width\":\"400\",\"text_align\":\"center\",\"position\":\"absolute\",\"position_top\":\"-60\",\"position_z_index\":\"1\",\"animation\":\"parallax\",\"parallax_y_end\":\"60\",\"parallax_opacity_end\":\"0.2\",\"parallax_easing\":\"0.2\",\"parallax_target\":true,\"parallax_zindex\":true}}]}],\"props\":{\"status\":\"\",\"class\":\"uk-visible@m\"}},{\"type\":\"row\",\"props\":{\"layout\":\"1-2,1-2\"},\"children\":[{\"type\":\"column\",\"props\":{\"image_position\":\"center-center\",\"media_overlay_gradient\":\"\",\"width_medium\":\"1-2\",\"vertical_align\":\"middle\",\"class\":\"cb-chisiamo-firsttxt\"},\"children\":[{\"type\":\"headline\",\"props\":{\"title_element\":\"h1\",\"content\":\"Wir erschaffen Tr\\u00e4ume, keine Plastikteile!\",\"title_style\":\"heading-small\",\"title_color\":\"muted\",\"text_align\":\"center\",\"animation\":\"slide-left\",\"class\":\"\"},\"name\":\"Titolo\"}]},{\"type\":\"column\",\"props\":{\"image_position\":\"center-center\",\"media_overlay_gradient\":\"\",\"width_medium\":\"1-2\",\"vertical_align\":\"middle\",\"class\":\"cb-chisiamo-firstimg\"},\"children\":[{\"type\":\"image\",\"props\":{\"margin\":\"default\",\"image_svg_color\":\"emphasis\",\"image\":\"wp-content\\\/uploads\\\/2020\\\/06\\\/immagine-intro-cicaboom.png\",\"text_align\":\"center\",\"image_width\":\"400\",\"animation\":\"slide-right\",\"class\":\"\"}}]}]}],\"name\":\"Home - section - benvenuti\"},{\"type\":\"section\",\"props\":{\"style\":\"default\",\"width\":\"default\",\"vertical_align\":\"middle\",\"title_position\":\"top-left\",\"title_rotation\":\"left\",\"title_breakpoint\":\"xl\",\"image_position\":\"center-center\",\"class\":\"cb-chisiamo-intro\"},\"children\":[{\"type\":\"row\",\"children\":[{\"type\":\"column\",\"props\":{\"image_position\":\"center-center\",\"media_overlay_gradient\":\"\"},\"children\":[{\"type\":\"headline\",\"props\":{\"title_element\":\"h2\",\"content\":\"Das Unternehmen\",\"title_style\":\"heading-small\",\"title_color\":\"secondary\"}}]}]},{\"type\":\"row\",\"children\":[{\"type\":\"column\",\"props\":{\"image_position\":\"center-center\",\"media_overlay_gradient\":\"\"},\"children\":[{\"type\":\"text\",\"props\":{\"margin\":\"default\",\"column_breakpoint\":\"m\",\"content\":\"\n\n<p><strong>Cicaboom s.r.l.<\\\/strong> ist ein italienisches Unternehmen, das sich auf die Konzeption, Herstellung und Vermarktung von Spielzeug sowie Verlags- und Unterhaltungsprodukten f\\u00fcr Kinder spezialisiert hat.<\\\/p>\\n\n\n<p>Der Auftrag von Cicaboom ist es, Spielzeug von hoher Qualit\\u00e4t herzustellen, das zeitlos in einem erz\\u00e4hlerischen Universum untergebracht ist, das Kinder zum Tr\\u00e4umen bringt.<\\\/p>\"}}]}]}],\"name\":\"Chi Siamo - Intro\"},{\"type\":\"section\",\"props\":{\"style\":\"default\",\"width\":\"default\",\"vertical_align\":\"middle\",\"title_position\":\"top-left\",\"title_rotation\":\"left\",\"title_breakpoint\":\"xl\",\"image_position\":\"center-center\",\"padding_remove_top\":true},\"children\":[{\"type\":\"row\",\"children\":[{\"type\":\"column\",\"props\":{\"image_position\":\"center-center\",\"media_overlay_gradient\":\"\"},\"children\":[{\"type\":\"headline\",\"props\":{\"title_element\":\"h2\",\"content\":\"Unsere Geschichte\",\"title_style\":\"heading-small\",\"title_color\":\"secondary\"}}]}]},{\"type\":\"row\",\"children\":[{\"type\":\"column\",\"props\":{\"image_position\":\"center-center\",\"media_overlay_gradient\":\"\"},\"children\":[{\"type\":\"html\",\"props\":{\"content\":\"[lb-eventi_posts-list category=eventi-timeline]\",\"class\":\"cb-timeline-block\"}},{\"type\":\"text\",\"props\":{\"margin\":\"default\",\"column_breakpoint\":\"m\",\"content\":\"\n\n<p><i>Scorri di lato per navigare la linea temporale <\\\/i><\\\/p>\",\"text_size\":\"small\",\"margin_remove_top\":true,\"text_align\":\"center\",\"class\":\"uk-hidden@s cb-slider-info-mobile\"},\"name\":\"Indicazione di scorrimento per mobile\"}]}],\"props\":{\"class\":\"lb-checklist-section-grid lb-timeline-section\"}}],\"name\":\"Timeline\"},{\"type\":\"section\",\"props\":{\"style\":\"default\",\"width\":\"default\",\"vertical_align\":\"middle\",\"title_position\":\"top-left\",\"title_rotation\":\"left\",\"title_breakpoint\":\"xl\",\"image_position\":\"center-center\",\"class\":\"cb-chisiamo-letrabots-section\"},\"children\":[{\"type\":\"row\",\"props\":{\"layout\":\"1-2,1-2\"},\"children\":[{\"type\":\"column\",\"props\":{\"image_position\":\"center-center\",\"media_overlay_gradient\":\"\",\"width_medium\":\"1-2\",\"vertical_align\":\"middle\"},\"children\":[{\"type\":\"headline\",\"props\":{\"title_element\":\"h2\",\"content\":\"Letrabots\",\"title_style\":\"heading-small\",\"title_color\":\"primary\"},\"name\":\"Titolo\"},{\"type\":\"text\",\"props\":{\"margin\":\"default\",\"column_breakpoint\":\"m\",\"content\":\"\n\n<p>Cicaboom ist Eigent\\u00fcmer des Brands Letrabots, Spielzeugbuchstaben, die in Roboter sich verwandeln.<\\\/p>\"},\"name\":\"Contenuto\"},{\"type\":\"accordion\",\"props\":{\"show_image\":true,\"show_link\":true,\"collapsible\":true,\"content_column_breakpoint\":\"m\",\"image_svg_color\":\"emphasis\",\"image_align\":\"top\",\"image_grid_width\":\"1-2\",\"image_grid_breakpoint\":\"m\",\"link_text\":\"Read more\",\"link_style\":\"default\",\"class\":\"cb-chisiamoaccordion-more\"},\"children\":[{\"type\":\"accordion_item\",\"props\":{\"title\":\"Mehr \\u00fcber Letrabots\",\"content\":\"\n\n<p>Letrabots, geboren Ende 2016 und Firmensitz des Unternehmens, ist nicht nur eine Spielzeugmarke, sondern eine Firmen-Property, die durch die Schaffung einer <strong>Storytelling<\\\/strong>, die verschiedene Kommunikationskan\\u00e4le nutzt, aufgebaut wurde: <strong>Comics<\\\/strong>, <strong>Webserie<\\\/strong>, <strong>Social Media<\\\/strong> und auch eine sehr erfolgreiche <strong>TV-Miniserie<\\\/strong> auf den wichtigsten Kids Channel.<\\\/p>\"}}]}]},{\"type\":\"column\",\"props\":{\"image_position\":\"center-center\",\"media_overlay_gradient\":\"\",\"width_medium\":\"1-2\"},\"children\":[{\"type\":\"image\",\"props\":{\"margin\":\"default\",\"image_svg_color\":\"emphasis\",\"image\":\"wp-content\\\/uploads\\\/2021\\\/02\\\/mondo-letra-prodotto-min.jpg\"}}]}]}],\"name\":\"Chi Siamo - Letrabots\"},{\"type\":\"section\",\"props\":{\"style\":\"default\",\"width\":\"default\",\"vertical_align\":\"middle\",\"title_position\":\"top-left\",\"title_rotation\":\"left\",\"title_breakpoint\":\"xl\",\"image_position\":\"center-center\",\"class\":\"cb-chisiamo-marvel-section\",\"status\":\"disabled\"},\"children\":[{\"type\":\"row\",\"props\":{\"layout\":\"1-2,1-2\"},\"children\":[{\"type\":\"column\",\"props\":{\"image_position\":\"center-center\",\"media_overlay_gradient\":\"\",\"width_medium\":\"1-2\",\"vertical_align\":\"middle\"},\"children\":[{\"type\":\"headline\",\"props\":{\"title_element\":\"h2\",\"content\":\"Marvel\",\"title_style\":\"heading-small\",\"title_color\":\"secondary\"},\"name\":\"Titolo\"},{\"type\":\"text\",\"props\":{\"margin\":\"default\",\"column_breakpoint\":\"m\",\"content\":\"\n\n<p>Cicaboom ist seit 2017 f\\u00fcr Italien und seit 2019 auch f\\u00fcr Spanien, Deutschland, Frankreich, das Vereinigte K\\u00f6nigreich und Russland Lizenznehmerin bei der Marke <strong>Marvel<\\\/strong>.<\\\/p>\"},\"name\":\"Contenuto\"},{\"type\":\"accordion\",\"props\":{\"show_image\":true,\"show_link\":true,\"collapsible\":true,\"content_column_breakpoint\":\"m\",\"image_svg_color\":\"emphasis\",\"image_align\":\"top\",\"image_grid_width\":\"1-2\",\"image_grid_breakpoint\":\"m\",\"link_text\":\"Read more\",\"link_style\":\"default\",\"class\":\"cb-chisiamoaccordion-more\"},\"children\":[{\"type\":\"accordion_item\",\"props\":{\"title\":\"Mehr \\u00fcber Marvel\",\"content\":\"\n\n<p>Zusammen mit Marvel entwickelt das Unternehmen neue Produktlinien f\\u00fcr sehr heterogene Zielgruppen, die \\u00fcber die Spielzeuggr\\u00f6sse hinausgehen und sich in <strong>Pop-Kultur-Trends<\\\/strong> einf\\u00fcgen.<\\\/p>\"}}]}]},{\"type\":\"column\",\"props\":{\"image_position\":\"center-center\",\"media_overlay_gradient\":\"\",\"width_medium\":\"1-2\",\"order_first\":\"m\"},\"children\":[{\"type\":\"image\",\"props\":{\"margin\":\"default\",\"image_svg_color\":\"emphasis\",\"image\":\"wp-content\\\/uploads\\\/2021\\\/02\\\/progetto_boomez.jpg\"}}]}]}],\"name\":\"Chi Siamo - Marvel\"},{\"type\":\"section\",\"props\":{\"style\":\"default\",\"width\":\"default\",\"vertical_align\":\"middle\",\"title_position\":\"top-left\",\"title_rotation\":\"left\",\"title_breakpoint\":\"xl\",\"image_position\":\"center-center\",\"class\":\"cb-chisiamo-prodotti-section\",\"status\":\"disabled\"},\"children\":[{\"type\":\"row\",\"props\":{\"layout\":\"1-2,1-2\"},\"children\":[{\"type\":\"column\",\"props\":{\"image_position\":\"center-center\",\"media_overlay_gradient\":\"\",\"width_medium\":\"1-2\"},\"children\":[{\"type\":\"headline\",\"props\":{\"title_element\":\"h2\",\"content\":\"Die Produkte\",\"title_style\":\"heading-small\",\"title_color\":\"secondary\"},\"name\":\"Titolo\"},{\"type\":\"text\",\"props\":{\"margin\":\"default\",\"column_breakpoint\":\"m\",\"content\":\"\n\n<p>Cicaboom hat sein <em>Know-how<\\\/em> in Italien entwickelt und hat seit jeher die Entwicklung und das Design von Produkten im Haus f\\u00fcr die Produktion der Kompetenz italienischer und ausl\\u00e4ndischer Lieferanten in Bezug auf die Warenkategorie des zu vermarktenden Produkts genutzt.<\\\/p>\"},\"name\":\"Contenuto\"},{\"type\":\"accordion\",\"props\":{\"show_image\":true,\"show_link\":true,\"collapsible\":true,\"content_column_breakpoint\":\"m\",\"image_svg_color\":\"emphasis\",\"image_align\":\"top\",\"image_grid_width\":\"1-2\",\"image_grid_breakpoint\":\"m\",\"link_text\":\"Read more\",\"link_style\":\"default\",\"class\":\"cb-chisiamoaccordion-more\"},\"children\":[{\"type\":\"accordion_item\",\"props\":{\"title\":\"Mehr \\u00fcber die Produkte\",\"content\":\"\n\n<p>Das Unternehmen glaubt an <strong>Forschung und Entwicklung<\\\/strong> und investiert den gr\\u00f6\\u00dften Teil seines Gewinns in diesem Bereich. Unsere beiden B\\u00fcros, Italien und Asien, sind in st\\u00e4ndiger Aufruhr und arbeiten auf sehr viel Synergie, indem sie die geographischen und kulturellen Grenzen beseitigen. <br \\\/>Im Bewusstsein der sensiblen Zielgruppe unserer Produkte, w\\u00e4hlt unser Qualit\\u00e4tsb\\u00fcro die Lieferanten in einem strengen, selektiven Prozess aus, indem die Endprodukte getestet und freigegeben werden, um <strong>h\\u00f6chste Qualit\\u00e4ts- und Sicherheitsstandards<\\\/strong> zu erreichen.<br \\\/>Cicaboom ist auch eine Brutst\\u00e4tte f\\u00fcr Talente, eine Firma, stolz darauf. Jeder Fachkr\\u00e4fte, der in und mit Cicaboom arbeitet, wird auf der Grundlage seiner Kreativit\\u00e4t, aber auch seiner Organisations- und Probleml\\u00f6sungsf\\u00e4higkeit ausgew\\u00e4hlt.<\\\/p>\"}}]}]},{\"type\":\"column\",\"props\":{\"image_position\":\"center-center\",\"media_overlay_gradient\":\"\",\"width_medium\":\"1-2\"},\"children\":[{\"type\":\"image\",\"props\":{\"margin\":\"default\",\"image_svg_color\":\"emphasis\",\"image\":\"wp-content\\\/uploads\\\/2021\\\/02\\\/bozzetti_prodotti.jpg\"}}]}]}],\"name\":\"Chi Siamo - Prodotti\"}],\"version\":\"2.5.4\"} --><\/p>\n","protected":false},"excerpt":{"rendered":"<p>Wir erschaffen Tr\u00e4ume, keine Plastikteile! Das Unternehmen Cicaboom s.r.l. ist ein italienisches Unternehmen, das sich auf die Konzeption, Herstellung und Vermarktung von Spielzeug sowie Verlags- und Unterhaltungsprodukten f\u00fcr Kinder spezialisiert hat. Der Auftrag von Cicaboom ist es, Spielzeug von hoher Qualit\u00e4t herzustellen, das zeitlos in einem erz\u00e4hlerischen Universum untergebracht ist, das Kinder zum Tr\u00e4umen bringt. [&hellip;]<\/p>\n","protected":false},"author":2,"featured_media":0,"parent":0,"menu_order":0,"comment_status":"closed","ping_status":"closed","template":"","meta":[],"acf":[],"yoast_head":"<!-- This site is optimized with the Yoast SEO plugin v18.5.1 - https:\/\/yoast.com\/wordpress\/plugins\/seo\/ -->\n<title>Chi siamo - Cicaboom e i suoi brand Letrabots \u00a9 , Letranimal \u00a9, Kartbots \u00a9, Numberbots \u00a9<\/title>\n<meta name=\"robots\" content=\"index, follow, max-snippet:-1, max-image-preview:large, max-video-preview:-1\" \/>\n<link rel=\"canonical\" href=\"https:\/\/cicaboom.com\/de\/wer-wir-sind\/\" \/>\n<meta property=\"og:locale\" content=\"de_DE\" \/>\n<meta property=\"og:type\" content=\"article\" \/>\n<meta property=\"og:title\" content=\"Chi siamo - Cicaboom e i suoi brand Letrabots \u00a9 , Letranimal \u00a9, Kartbots \u00a9, Numberbots \u00a9\" \/>\n<meta property=\"og:description\" content=\"Wir erschaffen Tr\u00e4ume, keine Plastikteile! Das Unternehmen Cicaboom s.r.l. ist ein italienisches Unternehmen, das sich auf die Konzeption, Herstellung und Vermarktung von Spielzeug sowie Verlags- und Unterhaltungsprodukten f\u00fcr Kinder spezialisiert hat. Der Auftrag von Cicaboom ist es, Spielzeug von hoher Qualit\u00e4t herzustellen, das zeitlos in einem erz\u00e4hlerischen Universum untergebracht ist, das Kinder zum Tr\u00e4umen bringt. [&hellip;]\" \/>\n<meta property=\"og:url\" content=\"https:\/\/cicaboom.com\/de\/wer-wir-sind\/\" \/>\n<meta property=\"og:site_name\" content=\"Cicaboom e i suoi brand Letrabots \u00a9 , Letranimal \u00a9, Kartbots \u00a9, Numberbots \u00a9\" \/>\n<meta property=\"article:modified_time\" content=\"2022-02-14T11:53:54+00:00\" \/>\n<meta name=\"twitter:card\" content=\"summary_large_image\" \/>\n<meta name=\"twitter:label1\" content=\"Gesch\u00e4tzte Lesezeit\" \/>\n\t<meta name=\"twitter:data1\" content=\"1\u00a0Minute\" \/>\n<script type=\"application\/ld+json\" class=\"yoast-schema-graph\">{\"@context\":\"https:\/\/schema.org\",\"@graph\":[{\"@type\":\"Organization\",\"@id\":\"https:\/\/cicaboom.com\/#organization\",\"name\":\"Cicaboom\",\"url\":\"https:\/\/cicaboom.com\/\",\"sameAs\":[],\"logo\":{\"@type\":\"ImageObject\",\"@id\":\"https:\/\/cicaboom.com\/#logo\",\"inLanguage\":\"de\",\"url\":\"https:\/\/cicaboom.com\/wp-content\/uploads\/2024\/12\/logo-cicaboom.svg\",\"contentUrl\":\"https:\/\/cicaboom.com\/wp-content\/uploads\/2024\/12\/logo-cicaboom.svg\",\"caption\":\"Cicaboom\"},\"image\":{\"@id\":\"https:\/\/cicaboom.com\/#logo\"}},{\"@type\":\"WebSite\",\"@id\":\"https:\/\/cicaboom.com\/#website\",\"url\":\"https:\/\/cicaboom.com\/\",\"name\":\"Cicaboom e i suoi brand Letrabots \u00a9 , Letranimal \u00a9, Kartbots \u00a9, Numberbots \u00a9\",\"description\":\"Cicaboom, editore italiano che con entusiasmo e creativit\u00e0 fa divertire i bambini con Letrabots \u00a9, Letranimal \u00a9, Kartbots \u00a9, Numberbots \u00a9 clicca e scoprili tutti.\",\"publisher\":{\"@id\":\"https:\/\/cicaboom.com\/#organization\"},\"potentialAction\":[{\"@type\":\"SearchAction\",\"target\":{\"@type\":\"EntryPoint\",\"urlTemplate\":\"https:\/\/cicaboom.com\/?s={search_term_string}\"},\"query-input\":\"required name=search_term_string\"}],\"inLanguage\":\"de\"},{\"@type\":\"WebPage\",\"@id\":\"https:\/\/cicaboom.com\/de\/wer-wir-sind\/#webpage\",\"url\":\"https:\/\/cicaboom.com\/de\/wer-wir-sind\/\",\"name\":\"Chi siamo - Cicaboom e i suoi brand Letrabots \u00a9 , Letranimal \u00a9, Kartbots \u00a9, Numberbots \u00a9\",\"isPartOf\":{\"@id\":\"https:\/\/cicaboom.com\/#website\"},\"datePublished\":\"2020-07-29T13:18:27+00:00\",\"dateModified\":\"2022-02-14T11:53:54+00:00\",\"breadcrumb\":{\"@id\":\"https:\/\/cicaboom.com\/de\/wer-wir-sind\/#breadcrumb\"},\"inLanguage\":\"de\",\"potentialAction\":[{\"@type\":\"ReadAction\",\"target\":[\"https:\/\/cicaboom.com\/de\/wer-wir-sind\/\"]}]},{\"@type\":\"BreadcrumbList\",\"@id\":\"https:\/\/cicaboom.com\/de\/wer-wir-sind\/#breadcrumb\",\"itemListElement\":[{\"@type\":\"ListItem\",\"position\":1,\"name\":\"Home\",\"item\":\"https:\/\/cicaboom.com\/de\/\"},{\"@type\":\"ListItem\",\"position\":2,\"name\":\"Chi siamo\"}]}]}<\/script>\n<!-- \/ Yoast SEO plugin. -->","yoast_head_json":{"title":"Chi siamo - Cicaboom e i suoi brand Letrabots \u00a9 , Letranimal \u00a9, Kartbots \u00a9, Numberbots \u00a9","robots":{"index":"index","follow":"follow","max-snippet":"max-snippet:-1","max-image-preview":"max-image-preview:large","max-video-preview":"max-video-preview:-1"},"canonical":"https:\/\/cicaboom.com\/de\/wer-wir-sind\/","og_locale":"de_DE","og_type":"article","og_title":"Chi siamo - Cicaboom e i suoi brand Letrabots \u00a9 , Letranimal \u00a9, Kartbots \u00a9, Numberbots \u00a9","og_description":"Wir erschaffen Tr\u00e4ume, keine Plastikteile! Das Unternehmen Cicaboom s.r.l. ist ein italienisches Unternehmen, das sich auf die Konzeption, Herstellung und Vermarktung von Spielzeug sowie Verlags- und Unterhaltungsprodukten f\u00fcr Kinder spezialisiert hat. Der Auftrag von Cicaboom ist es, Spielzeug von hoher Qualit\u00e4t herzustellen, das zeitlos in einem erz\u00e4hlerischen Universum untergebracht ist, das Kinder zum Tr\u00e4umen bringt. [&hellip;]","og_url":"https:\/\/cicaboom.com\/de\/wer-wir-sind\/","og_site_name":"Cicaboom e i suoi brand Letrabots \u00a9 , Letranimal \u00a9, Kartbots \u00a9, Numberbots \u00a9","article_modified_time":"2022-02-14T11:53:54+00:00","twitter_card":"summary_large_image","twitter_misc":{"Gesch\u00e4tzte Lesezeit":"1\u00a0Minute"},"schema":{"@context":"https:\/\/schema.org","@graph":[{"@type":"Organization","@id":"https:\/\/cicaboom.com\/#organization","name":"Cicaboom","url":"https:\/\/cicaboom.com\/","sameAs":[],"logo":{"@type":"ImageObject","@id":"https:\/\/cicaboom.com\/#logo","inLanguage":"de","url":"https:\/\/cicaboom.com\/wp-content\/uploads\/2024\/12\/logo-cicaboom.svg","contentUrl":"https:\/\/cicaboom.com\/wp-content\/uploads\/2024\/12\/logo-cicaboom.svg","caption":"Cicaboom"},"image":{"@id":"https:\/\/cicaboom.com\/#logo"}},{"@type":"WebSite","@id":"https:\/\/cicaboom.com\/#website","url":"https:\/\/cicaboom.com\/","name":"Cicaboom e i suoi brand Letrabots \u00a9 , Letranimal \u00a9, Kartbots \u00a9, Numberbots \u00a9","description":"Cicaboom, editore italiano che con entusiasmo e creativit\u00e0 fa divertire i bambini con Letrabots \u00a9, Letranimal \u00a9, Kartbots \u00a9, Numberbots \u00a9 clicca e scoprili tutti.","publisher":{"@id":"https:\/\/cicaboom.com\/#organization"},"potentialAction":[{"@type":"SearchAction","target":{"@type":"EntryPoint","urlTemplate":"https:\/\/cicaboom.com\/?s={search_term_string}"},"query-input":"required name=search_term_string"}],"inLanguage":"de"},{"@type":"WebPage","@id":"https:\/\/cicaboom.com\/de\/wer-wir-sind\/#webpage","url":"https:\/\/cicaboom.com\/de\/wer-wir-sind\/","name":"Chi siamo - Cicaboom e i suoi brand Letrabots \u00a9 , Letranimal \u00a9, Kartbots \u00a9, Numberbots \u00a9","isPartOf":{"@id":"https:\/\/cicaboom.com\/#website"},"datePublished":"2020-07-29T13:18:27+00:00","dateModified":"2022-02-14T11:53:54+00:00","breadcrumb":{"@id":"https:\/\/cicaboom.com\/de\/wer-wir-sind\/#breadcrumb"},"inLanguage":"de","potentialAction":[{"@type":"ReadAction","target":["https:\/\/cicaboom.com\/de\/wer-wir-sind\/"]}]},{"@type":"BreadcrumbList","@id":"https:\/\/cicaboom.com\/de\/wer-wir-sind\/#breadcrumb","itemListElement":[{"@type":"ListItem","position":1,"name":"Home","item":"https:\/\/cicaboom.com\/de\/"},{"@type":"ListItem","position":2,"name":"Chi siamo"}]}]}},"_links":{"self":[{"href":"https:\/\/cicaboom.com\/de\/wp-json\/wp\/v2\/pages\/12978"}],"collection":[{"href":"https:\/\/cicaboom.com\/de\/wp-json\/wp\/v2\/pages"}],"about":[{"href":"https:\/\/cicaboom.com\/de\/wp-json\/wp\/v2\/types\/page"}],"author":[{"embeddable":true,"href":"https:\/\/cicaboom.com\/de\/wp-json\/wp\/v2\/users\/2"}],"replies":[{"embeddable":true,"href":"https:\/\/cicaboom.com\/de\/wp-json\/wp\/v2\/comments?post=12978"}],"version-history":[{"count":5,"href":"https:\/\/cicaboom.com\/de\/wp-json\/wp\/v2\/pages\/12978\/revisions"}],"predecessor-version":[{"id":21839,"href":"https:\/\/cicaboom.com\/de\/wp-json\/wp\/v2\/pages\/12978\/revisions\/21839"}],"wp:attachment":[{"href":"https:\/\/cicaboom.com\/de\/wp-json\/wp\/v2\/media?parent=12978"}],"curies":[{"name":"wp","href":"https:\/\/api.w.org\/{rel}","templated":true}]}}