{"id":17519,"date":"2021-07-13T11:29:59","date_gmt":"2021-07-13T09:29:59","guid":{"rendered":"https:\/\/cicaboom.com\/regolamento-marvel-boomez\/"},"modified":"2021-07-13T11:29:59","modified_gmt":"2021-07-13T09:29:59","slug":"regolamento-marvel-boomez","status":"publish","type":"page","link":"https:\/\/cicaboom.com\/es\/regolamento-marvel-boomez\/","title":{"rendered":"Regolamento Marvel Boomez"},"content":{"rendered":"<p><img src=\"\/wp-content\/uploads\/2021\/04\/logo_vetrina_Tavola-disegno-1.png\" alt=\"\"><br \/>\n<img src=\"\/wp-content\/uploads\/2021\/01\/introduttiva_img.png\" alt=\"\"><\/p>\n<h2>Marvel Boomez 3D card game<\/h2>\n<div>\n<p>    <img src=\"\/wp-content\/uploads\/2021\/05\/BANDIERA_ITALIA-1.png\" alt=\"\"><\/p>\n<h3>SCARICA IL REGOLAMENTO IN ITALIANO<\/h3>\n<p><a href=\"\/wp-content\/uploads\/2021\/05\/REGOLAMENTO_ITA.pdf\">SCARICA<\/a><\/p>\n<\/div>\n<div>\n<p>    <img src=\"\/wp-content\/uploads\/2021\/05\/BANDIERA_UK-02.png\" alt=\"\"><\/p>\n<h3>DOWNLOAD THE GAME RULES IN ENGLISH<\/h3>\n<p><a href=\"\/wp-content\/uploads\/2021\/05\/REGOLAMENTO_EN.pdf\">DOWNLOAD<\/a><\/p>\n<\/div>\n<div>\n<p>    <img src=\"\/wp-content\/uploads\/2021\/05\/BANDIERA_FRANCIA.png\" alt=\"\"><\/p>\n<h3>T\u00c9L\u00c9CHARGE LE R\u00c8GLEMENT EN FRAN\u00c7AIS<\/h3>\n<p><a href=\"\/wp-content\/uploads\/2021\/05\/REGOLAMENTO_FR.pdf\">T\u00c9L\u00c9CHARGE<\/a><\/p>\n<\/div>\n<div>\n<p>    <img src=\"\/wp-content\/uploads\/2021\/05\/BANDIERA_SPAGNA.png\" alt=\"\"><\/p>\n<h3>DESCARGA LAS NORMAS EN ESPA\u00d1OL<\/h3>\n<p><a href=\"\/wp-content\/uploads\/2021\/05\/REGOLAMENTO_ES.pdf\">DESCARGA<\/a><\/p>\n<\/div>\n<div>\n<p>    <img src=\"\/wp-content\/uploads\/2021\/05\/BANDIERA_PORTOGALLO.png\" alt=\"\"><\/p>\n<h3>DESCARREGA O REGULAMENTO EM PORTUGU\u00caS<\/h3>\n<p><a href=\"\/wp-content\/uploads\/2021\/05\/REGOLAMENTO_PT.pdf\">DESCARREGA<\/a><\/p>\n<\/div>\n<div>\n<p>    <img src=\"\/wp-content\/uploads\/2021\/05\/BANDIERA_GERMANIA.png\" alt=\"\"><\/p>\n<h3>LADE DIE SPIELREGELN AUF DEUTSCH<\/h3>\n<p><a href=\"\/wp-content\/uploads\/2021\/05\/REGOLAMENTO_DE.pdf\">LADEN<\/a><\/p>\n<\/div>\n<div>\n<p>    <img src=\"\/wp-content\/uploads\/2021\/05\/BANDIERA_POLONIA.png\" alt=\"\"><\/p>\n<h3>POBIERZ ZASADY GRY W JEZYKU POLSKIM teraz<\/h3>\n<p><a href=\"\/wp-content\/uploads\/2021\/05\/REGOLAMENTO_PL.pdf\">POBIERZ<\/a><\/p>\n<\/div>\n<div>\n<p>    <img src=\"\/wp-content\/uploads\/2021\/05\/BANDIERA_RUSSIA.png\" alt=\"\"><\/p>\n<h3>\u0421\u041a\u0410\u0427\u0410\u0422\u042c \u041f\u0420\u0410\u0412\u0418\u041b\u0410 \u0418\u0413\u0420\u042b \u041d\u0410 \u0420\u0423\u0421\u0421\u041a\u041e\u041c \u042f\u0417\u042b\u041a\u0415<\/h3>\n<p><a href=\"\/wp-content\/uploads\/2021\/05\/REGOLAMENTO_RU.pdf\">\u0441\u043a\u0430\u0447\u0430\u0442\u044c<\/a><\/p>\n<\/div>\n<hr>\n<p><!--more--><br \/>\n<!-- {\"type\":\"layout\",\"children\":[{\"type\":\"section\",\"props\":{\"style\":\"default\",\"width\":\"\",\"vertical_align\":\"middle\",\"title_position\":\"top-left\",\"title_rotation\":\"left\",\"title_breakpoint\":\"xl\",\"image_position\":\"center-center\",\"class\":\"cb-collezione-header-section\",\"image\":\"wp-content\\\/uploads\\\/2021\\\/01\\\/introduttiva_sfondo-1.jpg\",\"padding_remove_top\":true,\"padding_remove_bottom\":true,\"image_size\":\"cover\"},\"children\":[{\"type\":\"row\",\"children\":[{\"type\":\"column\",\"props\":{\"image_position\":\"center-center\",\"media_overlay_gradient\":\"\"},\"children\":[{\"type\":\"image\",\"props\":{\"margin\":\"default\",\"image_svg_color\":\"emphasis\",\"block_align\":\"center\",\"class\":\"cb-collection-logo\",\"image\":\"wp-content\\\/uploads\\\/2021\\\/04\\\/logo_vetrina_Tavola-disegno-1.png\",\"text_align\":\"center\"}},{\"type\":\"image\",\"props\":{\"margin\":\"default\",\"image_svg_color\":\"emphasis\",\"block_align\":\"center\",\"class\":\"cb-collection-intro-image uk-visible@s\",\"image\":\"wp-content\\\/uploads\\\/2021\\\/01\\\/introduttiva_img.png\",\"position\":\"relative\",\"position_top\":\"-60\",\"maxwidth_breakpoint\":\"xl\",\"text_align\":\"center\",\"animation\":\"parallax\"}}]}]}]},{\"type\":\"section\",\"props\":{\"style\":\"default\",\"width\":\"default\",\"vertical_align\":\"middle\",\"title_position\":\"top-left\",\"title_rotation\":\"left\",\"title_breakpoint\":\"xl\",\"image_position\":\"center-center\"},\"children\":[{\"type\":\"row\",\"children\":[{\"type\":\"column\",\"props\":{\"image_position\":\"center-center\",\"media_overlay_gradient\":\"\"},\"children\":[{\"type\":\"headline\",\"props\":{\"title_element\":\"h2\",\"content\":\"Marvel Boomez 3D card game\",\"title_style\":\"heading-small\",\"title_color\":\"secondary\",\"text_align\":\"center\"}}]}]},{\"type\":\"row\",\"children\":[{\"type\":\"column\",\"props\":{\"image_position\":\"center-center\",\"media_overlay_gradient\":\"\"},\"children\":[]}]},{\"type\":\"row\",\"children\":[{\"type\":\"column\",\"props\":{\"image_position\":\"center-center\",\"media_overlay_gradient\":\"\",\"width_medium\":\"1-4\",\"width_small\":\"1-2\"},\"children\":[{\"type\":\"grid\",\"props\":{\"show_title\":true,\"show_meta\":true,\"show_content\":true,\"show_image\":true,\"show_link\":true,\"grid_default\":\"1\",\"grid_medium\":\"1\",\"filter_style\":\"tab\",\"filter_all\":true,\"filter_position\":\"top\",\"filter_align\":\"left\",\"filter_grid_width\":\"auto\",\"filter_grid_breakpoint\":\"m\",\"title_hover_style\":\"reset\",\"title_element\":\"h3\",\"title_align\":\"top\",\"title_grid_width\":\"1-2\",\"title_grid_breakpoint\":\"m\",\"meta_style\":\"meta\",\"meta_align\":\"below-title\",\"meta_element\":\"div\",\"content_column_breakpoint\":\"m\",\"icon_width\":80,\"image_align\":\"top\",\"image_grid_width\":\"1-2\",\"image_grid_breakpoint\":\"m\",\"image_svg_color\":\"emphasis\",\"link_text\":\"SCARICA\",\"link_style\":\"text\",\"margin\":\"default\",\"item_animation\":\"\",\"grid_column_align\":false,\"grid_row_align\":false,\"panel_link\":true,\"image_width\":\"30%\",\"image_transition\":\"scale-up\",\"class\":\"BUTTON-SHOP\",\"grid_masonry\":false,\"panel_style\":\"card-default\",\"panel_size\":\"small\",\"position\":\"relative\",\"position_left\":\"0\",\"text_align\":\"center\",\"link_target\":true},\"children\":[{\"type\":\"grid_item\",\"props\":{\"title\":\"SCARICA IL REGOLAMENTO IN ITALIANO\",\"image\":\"wp-content\\\/uploads\\\/2021\\\/05\\\/BANDIERA_ITALIA-1.png\",\"link\":\"wp-content\\\/uploads\\\/2021\\\/05\\\/REGOLAMENTO_ITA.pdf\"}}]}]},{\"type\":\"column\",\"props\":{\"image_position\":\"center-center\",\"media_overlay_gradient\":\"\",\"width_medium\":\"1-4\",\"width_small\":\"1-2\"},\"children\":[{\"type\":\"grid\",\"props\":{\"show_title\":true,\"show_meta\":true,\"show_content\":true,\"show_image\":true,\"show_link\":true,\"grid_default\":\"1\",\"grid_medium\":\"1\",\"filter_style\":\"tab\",\"filter_all\":true,\"filter_position\":\"top\",\"filter_align\":\"left\",\"filter_grid_width\":\"auto\",\"filter_grid_breakpoint\":\"m\",\"title_hover_style\":\"reset\",\"title_element\":\"h3\",\"title_align\":\"top\",\"title_grid_width\":\"1-2\",\"title_grid_breakpoint\":\"m\",\"meta_style\":\"meta\",\"meta_align\":\"below-title\",\"meta_element\":\"div\",\"content_column_breakpoint\":\"m\",\"icon_width\":80,\"image_align\":\"top\",\"image_grid_width\":\"1-2\",\"image_grid_breakpoint\":\"m\",\"image_svg_color\":\"emphasis\",\"link_text\":\"DOWNLOAD\",\"link_style\":\"text\",\"margin\":\"default\",\"item_animation\":\"\",\"grid_column_align\":false,\"grid_row_align\":false,\"panel_link\":true,\"image_width\":\"30%\",\"image_transition\":\"scale-up\",\"class\":\"BUTTON-SHOP\",\"grid_masonry\":false,\"panel_style\":\"card-default\",\"panel_size\":\"small\",\"position\":\"relative\",\"position_left\":\"0\",\"text_align\":\"center\",\"link_target\":true},\"children\":[{\"type\":\"grid_item\",\"props\":{\"title\":\"DOWNLOAD THE GAME RULES IN ENGLISH\",\"image\":\"wp-content\\\/uploads\\\/2021\\\/05\\\/BANDIERA_UK-02.png\",\"link\":\"wp-content\\\/uploads\\\/2021\\\/05\\\/REGOLAMENTO_EN.pdf\"}}]}]},{\"type\":\"column\",\"props\":{\"image_position\":\"center-center\",\"media_overlay_gradient\":\"\",\"width_medium\":\"1-4\",\"width_small\":\"1-2\"},\"children\":[{\"type\":\"grid\",\"props\":{\"show_title\":true,\"show_meta\":true,\"show_content\":true,\"show_image\":true,\"show_link\":true,\"grid_default\":\"1\",\"grid_medium\":\"1\",\"filter_style\":\"tab\",\"filter_all\":true,\"filter_position\":\"top\",\"filter_align\":\"left\",\"filter_grid_width\":\"auto\",\"filter_grid_breakpoint\":\"m\",\"title_hover_style\":\"reset\",\"title_element\":\"h3\",\"title_align\":\"top\",\"title_grid_width\":\"1-2\",\"title_grid_breakpoint\":\"m\",\"meta_style\":\"meta\",\"meta_align\":\"below-title\",\"meta_element\":\"div\",\"content_column_breakpoint\":\"m\",\"icon_width\":80,\"image_align\":\"top\",\"image_grid_width\":\"1-2\",\"image_grid_breakpoint\":\"m\",\"image_svg_color\":\"emphasis\",\"link_text\":\"T\\u00c9L\\u00c9CHARGE\",\"link_style\":\"text\",\"margin\":\"default\",\"item_animation\":\"\",\"grid_column_align\":false,\"grid_row_align\":false,\"panel_link\":true,\"image_width\":\"30%\",\"image_transition\":\"scale-up\",\"class\":\"BUTTON-SHOP\",\"grid_masonry\":false,\"panel_style\":\"card-default\",\"panel_size\":\"small\",\"position\":\"relative\",\"position_left\":\"0\",\"text_align\":\"center\",\"link_target\":true},\"children\":[{\"type\":\"grid_item\",\"props\":{\"title\":\"T\\u00c9L\\u00c9CHARGE LE R\\u00c8GLEMENT EN FRAN\\u00c7AIS\",\"image\":\"wp-content\\\/uploads\\\/2021\\\/05\\\/BANDIERA_FRANCIA.png\",\"link\":\"wp-content\\\/uploads\\\/2021\\\/05\\\/REGOLAMENTO_FR.pdf\"}}]}]},{\"type\":\"column\",\"props\":{\"image_position\":\"center-center\",\"media_overlay_gradient\":\"\",\"width_medium\":\"1-4\",\"width_small\":\"1-2\"},\"children\":[{\"type\":\"grid\",\"props\":{\"show_title\":true,\"show_meta\":true,\"show_content\":true,\"show_image\":true,\"show_link\":true,\"grid_default\":\"1\",\"grid_medium\":\"1\",\"filter_style\":\"tab\",\"filter_all\":true,\"filter_position\":\"top\",\"filter_align\":\"left\",\"filter_grid_width\":\"auto\",\"filter_grid_breakpoint\":\"m\",\"title_hover_style\":\"reset\",\"title_element\":\"h3\",\"title_align\":\"top\",\"title_grid_width\":\"1-2\",\"title_grid_breakpoint\":\"m\",\"meta_style\":\"meta\",\"meta_align\":\"below-title\",\"meta_element\":\"div\",\"content_column_breakpoint\":\"m\",\"icon_width\":80,\"image_align\":\"top\",\"image_grid_width\":\"1-2\",\"image_grid_breakpoint\":\"m\",\"image_svg_color\":\"emphasis\",\"link_text\":\"DESCARGA\",\"link_style\":\"text\",\"margin\":\"default\",\"item_animation\":\"\",\"grid_column_align\":false,\"grid_row_align\":false,\"panel_link\":true,\"image_width\":\"30%\",\"image_transition\":\"scale-up\",\"class\":\"BUTTON-SHOP\",\"grid_masonry\":false,\"panel_style\":\"card-default\",\"panel_size\":\"small\",\"position\":\"relative\",\"position_left\":\"0\",\"text_align\":\"center\",\"link_target\":true},\"children\":[{\"type\":\"grid_item\",\"props\":{\"title\":\"DESCARGA LAS NORMAS EN ESPA\\u00d1OL\",\"image\":\"wp-content\\\/uploads\\\/2021\\\/05\\\/BANDIERA_SPAGNA.png\",\"link\":\"wp-content\\\/uploads\\\/2021\\\/05\\\/REGOLAMENTO_ES.pdf\"}}]}]}],\"props\":{\"layout\":\"1-4,1-4,1-4,1-4|1-2,1-2,1-2,1-2\"}},{\"type\":\"row\",\"children\":[{\"type\":\"column\",\"props\":{\"image_position\":\"center-center\",\"media_overlay_gradient\":\"\",\"width_medium\":\"1-4\",\"width_small\":\"1-2\"},\"children\":[{\"type\":\"grid\",\"props\":{\"show_title\":true,\"show_meta\":true,\"show_content\":true,\"show_image\":true,\"show_link\":true,\"grid_default\":\"1\",\"grid_medium\":\"1\",\"filter_style\":\"tab\",\"filter_all\":true,\"filter_position\":\"top\",\"filter_align\":\"left\",\"filter_grid_width\":\"auto\",\"filter_grid_breakpoint\":\"m\",\"title_hover_style\":\"reset\",\"title_element\":\"h3\",\"title_align\":\"top\",\"title_grid_width\":\"1-2\",\"title_grid_breakpoint\":\"m\",\"meta_style\":\"meta\",\"meta_align\":\"below-title\",\"meta_element\":\"div\",\"content_column_breakpoint\":\"m\",\"icon_width\":80,\"image_align\":\"top\",\"image_grid_width\":\"1-2\",\"image_grid_breakpoint\":\"m\",\"image_svg_color\":\"emphasis\",\"link_text\":\"DESCARREGA\",\"link_style\":\"text\",\"margin\":\"default\",\"item_animation\":\"\",\"grid_column_align\":false,\"grid_row_align\":false,\"panel_link\":true,\"image_width\":\"30%\",\"image_transition\":\"scale-up\",\"class\":\"BUTTON-SHOP\",\"grid_masonry\":false,\"panel_style\":\"card-default\",\"panel_size\":\"small\",\"position\":\"relative\",\"position_left\":\"0\",\"text_align\":\"center\",\"link_target\":true},\"children\":[{\"type\":\"grid_item\",\"props\":{\"title\":\"DESCARREGA O REGULAMENTO EM PORTUGU\\u00caS\",\"image\":\"wp-content\\\/uploads\\\/2021\\\/05\\\/BANDIERA_PORTOGALLO.png\",\"link\":\"wp-content\\\/uploads\\\/2021\\\/05\\\/REGOLAMENTO_PT.pdf\"}}]}]},{\"type\":\"column\",\"props\":{\"image_position\":\"center-center\",\"media_overlay_gradient\":\"\",\"width_medium\":\"1-4\",\"width_small\":\"1-2\"},\"children\":[{\"type\":\"grid\",\"props\":{\"show_title\":true,\"show_meta\":true,\"show_content\":true,\"show_image\":true,\"show_link\":true,\"grid_default\":\"1\",\"grid_medium\":\"1\",\"filter_style\":\"tab\",\"filter_all\":true,\"filter_position\":\"top\",\"filter_align\":\"left\",\"filter_grid_width\":\"auto\",\"filter_grid_breakpoint\":\"m\",\"title_hover_style\":\"reset\",\"title_element\":\"h3\",\"title_align\":\"top\",\"title_grid_width\":\"1-2\",\"title_grid_breakpoint\":\"m\",\"meta_style\":\"meta\",\"meta_align\":\"below-title\",\"meta_element\":\"div\",\"content_column_breakpoint\":\"m\",\"icon_width\":80,\"image_align\":\"top\",\"image_grid_width\":\"1-2\",\"image_grid_breakpoint\":\"m\",\"image_svg_color\":\"emphasis\",\"link_text\":\"LADEN\",\"link_style\":\"text\",\"margin\":\"default\",\"item_animation\":\"\",\"grid_column_align\":false,\"grid_row_align\":false,\"panel_link\":true,\"image_width\":\"30%\",\"image_transition\":\"scale-up\",\"class\":\"BUTTON-SHOP\",\"grid_masonry\":false,\"panel_style\":\"card-default\",\"panel_size\":\"small\",\"position\":\"relative\",\"position_left\":\"0\",\"text_align\":\"center\",\"link_target\":true},\"children\":[{\"type\":\"grid_item\",\"props\":{\"title\":\"LADE DIE SPIELREGELN AUF DEUTSCH\",\"image\":\"wp-content\\\/uploads\\\/2021\\\/05\\\/BANDIERA_GERMANIA.png\",\"link\":\"wp-content\\\/uploads\\\/2021\\\/05\\\/REGOLAMENTO_DE.pdf\"}}]}]},{\"type\":\"column\",\"props\":{\"image_position\":\"center-center\",\"media_overlay_gradient\":\"\",\"width_medium\":\"1-4\",\"width_small\":\"1-2\"},\"children\":[{\"type\":\"grid\",\"props\":{\"show_title\":true,\"show_meta\":true,\"show_content\":true,\"show_image\":true,\"show_link\":true,\"grid_default\":\"1\",\"grid_medium\":\"1\",\"filter_style\":\"tab\",\"filter_all\":true,\"filter_position\":\"top\",\"filter_align\":\"left\",\"filter_grid_width\":\"auto\",\"filter_grid_breakpoint\":\"m\",\"title_hover_style\":\"reset\",\"title_element\":\"h3\",\"title_align\":\"top\",\"title_grid_width\":\"1-2\",\"title_grid_breakpoint\":\"m\",\"meta_style\":\"meta\",\"meta_align\":\"below-title\",\"meta_element\":\"div\",\"content_column_breakpoint\":\"m\",\"icon_width\":80,\"image_align\":\"top\",\"image_grid_width\":\"1-2\",\"image_grid_breakpoint\":\"m\",\"image_svg_color\":\"emphasis\",\"link_text\":\"POBIERZ\",\"link_style\":\"text\",\"margin\":\"default\",\"item_animation\":\"\",\"grid_column_align\":false,\"grid_row_align\":false,\"panel_link\":true,\"image_width\":\"30%\",\"image_transition\":\"scale-up\",\"class\":\"BUTTON-SHOP\",\"grid_masonry\":false,\"panel_style\":\"card-default\",\"panel_size\":\"small\",\"position\":\"relative\",\"position_left\":\"0\",\"text_align\":\"center\",\"link_target\":true},\"children\":[{\"type\":\"grid_item\",\"props\":{\"title\":\"POBIERZ ZASADY GRY W JEZYKU POLSKIM teraz\",\"image\":\"wp-content\\\/uploads\\\/2021\\\/05\\\/BANDIERA_POLONIA.png\",\"link\":\"wp-content\\\/uploads\\\/2021\\\/05\\\/REGOLAMENTO_PL.pdf\"}}]}]},{\"type\":\"column\",\"props\":{\"image_position\":\"center-center\",\"media_overlay_gradient\":\"\",\"width_medium\":\"1-4\",\"width_small\":\"1-2\"},\"children\":[{\"type\":\"grid\",\"props\":{\"show_title\":true,\"show_meta\":true,\"show_content\":true,\"show_image\":true,\"show_link\":true,\"grid_default\":\"1\",\"grid_medium\":\"1\",\"filter_style\":\"tab\",\"filter_all\":true,\"filter_position\":\"top\",\"filter_align\":\"left\",\"filter_grid_width\":\"auto\",\"filter_grid_breakpoint\":\"m\",\"title_hover_style\":\"reset\",\"title_element\":\"h3\",\"title_align\":\"top\",\"title_grid_width\":\"1-2\",\"title_grid_breakpoint\":\"m\",\"meta_style\":\"meta\",\"meta_align\":\"below-title\",\"meta_element\":\"div\",\"content_column_breakpoint\":\"m\",\"icon_width\":80,\"image_align\":\"top\",\"image_grid_width\":\"1-2\",\"image_grid_breakpoint\":\"m\",\"image_svg_color\":\"emphasis\",\"link_text\":\"\\u0441\\u043a\\u0430\\u0447\\u0430\\u0442\\u044c\",\"link_style\":\"text\",\"margin\":\"default\",\"item_animation\":\"\",\"grid_column_align\":false,\"grid_row_align\":false,\"panel_link\":true,\"image_width\":\"30%\",\"image_transition\":\"scale-up\",\"class\":\"BUTTON-SHOP\",\"grid_masonry\":false,\"panel_style\":\"card-default\",\"panel_size\":\"small\",\"position\":\"relative\",\"position_left\":\"0\",\"text_align\":\"center\",\"link_target\":true},\"children\":[{\"type\":\"grid_item\",\"props\":{\"title\":\"\\u0421\\u041a\\u0410\\u0427\\u0410\\u0422\\u042c \\u041f\\u0420\\u0410\\u0412\\u0418\\u041b\\u0410 \\u0418\\u0413\\u0420\\u042b \\u041d\\u0410 \\u0420\\u0423\\u0421\\u0421\\u041a\\u041e\\u041c \\u042f\\u0417\\u042b\\u041a\\u0415\",\"image\":\"wp-content\\\/uploads\\\/2021\\\/05\\\/BANDIERA_RUSSIA.png\",\"link\":\"wp-content\\\/uploads\\\/2021\\\/05\\\/REGOLAMENTO_RU.pdf\"}}]}]}],\"props\":{\"layout\":\"1-4,1-4,1-4,1-4|1-2,1-2,1-2,1-2\"}},{\"type\":\"row\",\"children\":[{\"type\":\"column\",\"props\":{\"image_position\":\"center-center\",\"media_overlay_gradient\":\"\"},\"children\":[{\"type\":\"divider\",\"props\":{\"divider_element\":\"hr\"}}]}]}]}],\"version\":\"2.4.14\"} --><\/p>\n","protected":false},"excerpt":{"rendered":"<p>Marvel Boomez 3D card game SCARICA IL REGOLAMENTO IN ITALIANO SCARICA DOWNLOAD THE GAME RULES IN ENGLISH DOWNLOAD T\u00c9L\u00c9CHARGE LE R\u00c8GLEMENT EN FRAN\u00c7AIS T\u00c9L\u00c9CHARGE DESCARGA LAS NORMAS EN ESPA\u00d1OL DESCARGA DESCARREGA O REGULAMENTO EM PORTUGU\u00caS DESCARREGA LADE DIE SPIELREGELN AUF DEUTSCH LADEN POBIERZ ZASADY GRY W JEZYKU POLSKIM teraz POBIERZ \u0421\u041a\u0410\u0427\u0410\u0422\u042c \u041f\u0420\u0410\u0412\u0418\u041b\u0410 \u0418\u0413\u0420\u042b \u041d\u0410 \u0420\u0423\u0421\u0421\u041a\u041e\u041c [&hellip;]<\/p>\n","protected":false},"author":3,"featured_media":0,"parent":0,"menu_order":0,"comment_status":"closed","ping_status":"closed","template":"","meta":[],"acf":[],"yoast_head":"<!-- This site is optimized with the Yoast SEO plugin v18.5.1 - https:\/\/yoast.com\/wordpress\/plugins\/seo\/ -->\n<title>Regolamento Marvel Boomez - Cicaboom e i suoi brand Letrabots \u00a9 , Letranimal \u00a9, Kartbots \u00a9, Numberbots \u00a9<\/title>\n<meta name=\"robots\" content=\"index, follow, max-snippet:-1, max-image-preview:large, max-video-preview:-1\" \/>\n<link rel=\"canonical\" href=\"https:\/\/cicaboom.com\/es\/regolamento-marvel-boomez\/\" \/>\n<meta property=\"og:locale\" content=\"es_ES\" \/>\n<meta property=\"og:type\" content=\"article\" \/>\n<meta property=\"og:title\" content=\"Regolamento Marvel Boomez - Cicaboom e i suoi brand Letrabots \u00a9 , Letranimal \u00a9, Kartbots \u00a9, Numberbots \u00a9\" \/>\n<meta property=\"og:description\" content=\"Marvel Boomez 3D card game SCARICA IL REGOLAMENTO IN ITALIANO SCARICA DOWNLOAD THE GAME RULES IN ENGLISH DOWNLOAD T\u00c9L\u00c9CHARGE LE R\u00c8GLEMENT EN FRAN\u00c7AIS T\u00c9L\u00c9CHARGE DESCARGA LAS NORMAS EN ESPA\u00d1OL DESCARGA DESCARREGA O REGULAMENTO EM PORTUGU\u00caS DESCARREGA LADE DIE SPIELREGELN AUF DEUTSCH LADEN POBIERZ ZASADY GRY W JEZYKU POLSKIM teraz POBIERZ \u0421\u041a\u0410\u0427\u0410\u0422\u042c \u041f\u0420\u0410\u0412\u0418\u041b\u0410 \u0418\u0413\u0420\u042b \u041d\u0410 \u0420\u0423\u0421\u0421\u041a\u041e\u041c [&hellip;]\" \/>\n<meta property=\"og:url\" content=\"https:\/\/cicaboom.com\/es\/regolamento-marvel-boomez\/\" \/>\n<meta property=\"og:site_name\" content=\"Cicaboom e i suoi brand Letrabots \u00a9 , Letranimal \u00a9, Kartbots \u00a9, Numberbots \u00a9\" \/>\n<meta name=\"twitter:card\" content=\"summary_large_image\" \/>\n<script type=\"application\/ld+json\" class=\"yoast-schema-graph\">{\"@context\":\"https:\/\/schema.org\",\"@graph\":[{\"@type\":\"Organization\",\"@id\":\"https:\/\/cicaboom.com\/#organization\",\"name\":\"Cicaboom\",\"url\":\"https:\/\/cicaboom.com\/\",\"sameAs\":[],\"logo\":{\"@type\":\"ImageObject\",\"@id\":\"https:\/\/cicaboom.com\/#logo\",\"inLanguage\":\"es\",\"url\":\"https:\/\/cicaboom.com\/wp-content\/uploads\/2024\/12\/logo-cicaboom.svg\",\"contentUrl\":\"https:\/\/cicaboom.com\/wp-content\/uploads\/2024\/12\/logo-cicaboom.svg\",\"caption\":\"Cicaboom\"},\"image\":{\"@id\":\"https:\/\/cicaboom.com\/#logo\"}},{\"@type\":\"WebSite\",\"@id\":\"https:\/\/cicaboom.com\/#website\",\"url\":\"https:\/\/cicaboom.com\/\",\"name\":\"Cicaboom e i suoi brand Letrabots \u00a9 , Letranimal \u00a9, Kartbots \u00a9, Numberbots \u00a9\",\"description\":\"Cicaboom, editore italiano che con entusiasmo e creativit\u00e0 fa divertire i bambini con Letrabots \u00a9, Letranimal \u00a9, Kartbots \u00a9, Numberbots \u00a9 clicca e scoprili tutti.\",\"publisher\":{\"@id\":\"https:\/\/cicaboom.com\/#organization\"},\"potentialAction\":[{\"@type\":\"SearchAction\",\"target\":{\"@type\":\"EntryPoint\",\"urlTemplate\":\"https:\/\/cicaboom.com\/?s={search_term_string}\"},\"query-input\":\"required name=search_term_string\"}],\"inLanguage\":\"es\"},{\"@type\":\"WebPage\",\"@id\":\"https:\/\/cicaboom.com\/es\/regolamento-marvel-boomez\/#webpage\",\"url\":\"https:\/\/cicaboom.com\/es\/regolamento-marvel-boomez\/\",\"name\":\"Regolamento Marvel Boomez - Cicaboom e i suoi brand Letrabots \u00a9 , Letranimal \u00a9, Kartbots \u00a9, Numberbots \u00a9\",\"isPartOf\":{\"@id\":\"https:\/\/cicaboom.com\/#website\"},\"datePublished\":\"2021-07-13T09:29:59+00:00\",\"dateModified\":\"2021-07-13T09:29:59+00:00\",\"breadcrumb\":{\"@id\":\"https:\/\/cicaboom.com\/es\/regolamento-marvel-boomez\/#breadcrumb\"},\"inLanguage\":\"es\",\"potentialAction\":[{\"@type\":\"ReadAction\",\"target\":[\"https:\/\/cicaboom.com\/es\/regolamento-marvel-boomez\/\"]}]},{\"@type\":\"BreadcrumbList\",\"@id\":\"https:\/\/cicaboom.com\/es\/regolamento-marvel-boomez\/#breadcrumb\",\"itemListElement\":[{\"@type\":\"ListItem\",\"position\":1,\"name\":\"Home\",\"item\":\"https:\/\/cicaboom.com\/es\/\"},{\"@type\":\"ListItem\",\"position\":2,\"name\":\"Regolamento Marvel Boomez\"}]}]}<\/script>\n<!-- \/ Yoast SEO plugin. -->","yoast_head_json":{"title":"Regolamento Marvel Boomez - Cicaboom e i suoi brand Letrabots \u00a9 , Letranimal \u00a9, Kartbots \u00a9, Numberbots \u00a9","robots":{"index":"index","follow":"follow","max-snippet":"max-snippet:-1","max-image-preview":"max-image-preview:large","max-video-preview":"max-video-preview:-1"},"canonical":"https:\/\/cicaboom.com\/es\/regolamento-marvel-boomez\/","og_locale":"es_ES","og_type":"article","og_title":"Regolamento Marvel Boomez - Cicaboom e i suoi brand Letrabots \u00a9 , Letranimal \u00a9, Kartbots \u00a9, Numberbots \u00a9","og_description":"Marvel Boomez 3D card game SCARICA IL REGOLAMENTO IN ITALIANO SCARICA DOWNLOAD THE GAME RULES IN ENGLISH DOWNLOAD T\u00c9L\u00c9CHARGE LE R\u00c8GLEMENT EN FRAN\u00c7AIS T\u00c9L\u00c9CHARGE DESCARGA LAS NORMAS EN ESPA\u00d1OL DESCARGA DESCARREGA O REGULAMENTO EM PORTUGU\u00caS DESCARREGA LADE DIE SPIELREGELN AUF DEUTSCH LADEN POBIERZ ZASADY GRY W JEZYKU POLSKIM teraz POBIERZ \u0421\u041a\u0410\u0427\u0410\u0422\u042c \u041f\u0420\u0410\u0412\u0418\u041b\u0410 \u0418\u0413\u0420\u042b \u041d\u0410 \u0420\u0423\u0421\u0421\u041a\u041e\u041c [&hellip;]","og_url":"https:\/\/cicaboom.com\/es\/regolamento-marvel-boomez\/","og_site_name":"Cicaboom e i suoi brand Letrabots \u00a9 , Letranimal \u00a9, Kartbots \u00a9, Numberbots \u00a9","twitter_card":"summary_large_image","schema":{"@context":"https:\/\/schema.org","@graph":[{"@type":"Organization","@id":"https:\/\/cicaboom.com\/#organization","name":"Cicaboom","url":"https:\/\/cicaboom.com\/","sameAs":[],"logo":{"@type":"ImageObject","@id":"https:\/\/cicaboom.com\/#logo","inLanguage":"es","url":"https:\/\/cicaboom.com\/wp-content\/uploads\/2024\/12\/logo-cicaboom.svg","contentUrl":"https:\/\/cicaboom.com\/wp-content\/uploads\/2024\/12\/logo-cicaboom.svg","caption":"Cicaboom"},"image":{"@id":"https:\/\/cicaboom.com\/#logo"}},{"@type":"WebSite","@id":"https:\/\/cicaboom.com\/#website","url":"https:\/\/cicaboom.com\/","name":"Cicaboom e i suoi brand Letrabots \u00a9 , Letranimal \u00a9, Kartbots \u00a9, Numberbots \u00a9","description":"Cicaboom, editore italiano che con entusiasmo e creativit\u00e0 fa divertire i bambini con Letrabots \u00a9, Letranimal \u00a9, Kartbots \u00a9, Numberbots \u00a9 clicca e scoprili tutti.","publisher":{"@id":"https:\/\/cicaboom.com\/#organization"},"potentialAction":[{"@type":"SearchAction","target":{"@type":"EntryPoint","urlTemplate":"https:\/\/cicaboom.com\/?s={search_term_string}"},"query-input":"required name=search_term_string"}],"inLanguage":"es"},{"@type":"WebPage","@id":"https:\/\/cicaboom.com\/es\/regolamento-marvel-boomez\/#webpage","url":"https:\/\/cicaboom.com\/es\/regolamento-marvel-boomez\/","name":"Regolamento Marvel Boomez - Cicaboom e i suoi brand Letrabots \u00a9 , Letranimal \u00a9, Kartbots \u00a9, Numberbots \u00a9","isPartOf":{"@id":"https:\/\/cicaboom.com\/#website"},"datePublished":"2021-07-13T09:29:59+00:00","dateModified":"2021-07-13T09:29:59+00:00","breadcrumb":{"@id":"https:\/\/cicaboom.com\/es\/regolamento-marvel-boomez\/#breadcrumb"},"inLanguage":"es","potentialAction":[{"@type":"ReadAction","target":["https:\/\/cicaboom.com\/es\/regolamento-marvel-boomez\/"]}]},{"@type":"BreadcrumbList","@id":"https:\/\/cicaboom.com\/es\/regolamento-marvel-boomez\/#breadcrumb","itemListElement":[{"@type":"ListItem","position":1,"name":"Home","item":"https:\/\/cicaboom.com\/es\/"},{"@type":"ListItem","position":2,"name":"Regolamento Marvel Boomez"}]}]}},"_links":{"self":[{"href":"https:\/\/cicaboom.com\/es\/wp-json\/wp\/v2\/pages\/17519"}],"collection":[{"href":"https:\/\/cicaboom.com\/es\/wp-json\/wp\/v2\/pages"}],"about":[{"href":"https:\/\/cicaboom.com\/es\/wp-json\/wp\/v2\/types\/page"}],"author":[{"embeddable":true,"href":"https:\/\/cicaboom.com\/es\/wp-json\/wp\/v2\/users\/3"}],"replies":[{"embeddable":true,"href":"https:\/\/cicaboom.com\/es\/wp-json\/wp\/v2\/comments?post=17519"}],"version-history":[{"count":0,"href":"https:\/\/cicaboom.com\/es\/wp-json\/wp\/v2\/pages\/17519\/revisions"}],"wp:attachment":[{"href":"https:\/\/cicaboom.com\/es\/wp-json\/wp\/v2\/media?parent=17519"}],"curies":[{"name":"wp","href":"https:\/\/api.w.org\/{rel}","templated":true}]}}