{"id":21718,"date":"2022-02-09T12:09:32","date_gmt":"2022-02-09T11:09:32","guid":{"rendered":"https:\/\/cicaboom.com\/marvel-boomez-regolamento\/"},"modified":"2022-03-09T14:26:44","modified_gmt":"2022-03-09T13:26:44","slug":"marvel-boomez-regolamento","status":"publish","type":"page","link":"https:\/\/cicaboom.com\/es\/boomez-game-rules\/marvel-boomez-regolamento\/","title":{"rendered":"Marvel Boomez &#8211; Regolamento"},"content":{"rendered":"<h1>\n<p style=\"text-align: center;\">Marvel Boomez 3D card game &#8211; reglas del juego<\/p>\n<\/h1>\n<div>\n<p style=\"text-align: center;\">Descubre c\u00f3mo jugar con los superh\u00e9roes Marvel Boomez: mira los tutoriales de los partidos por equipos y 1 vs 1. <br \/> \u00a1Son suficientes 2 personajes con sus tarjetas y los dados de 20 caras para empezar un juego!<\/p>\n<\/div>\n<h1>partida entre equipos<\/h1>\n<p><iframe src=\"https:\/\/www.youtube.com\/watch?v=JMW8NtNT6FE&#038;list=PL1IHXiqkAjHM9fY7tIym_X38eaXqxU7mB&#038;index=6&#038;t=99s\"><\/iframe><\/p>\n<h1>\n<p style=\"text-align: right;\">partida 1 vs 1<\/h1>\n<p><iframe src=\"https:\/\/www.youtube.com\/watch?v=SgefZsoZKAw&#038;list=PL1IHXiqkAjHM9fY7tIym_X38eaXqxU7mB&#038;index=7\"><\/iframe><\/p>\n<hr>\n<h1>\n<p style=\"text-align: center;\">Habilidades y Apoyos<\/p>\n<\/h1>\n<div>\n<p style=\"text-align: center;\">Descubre c\u00f3mo usar los Apoyos y las Habilidades: ellos tienen reglas muy precisas!<\/p>\n<\/div>\n<p><video src=\"\/wp-content\/uploads\/2022\/03\/ATTACCO_ESP-.mp4\" poster=\"\/wp-content\/uploads\/2022\/03\/copertina_ATTACCO_ESP.jpg\"><\/video><br \/>\n<video src=\"\/wp-content\/uploads\/2022\/03\/DIFESA_ESP.mp4\" poster=\"\/wp-content\/uploads\/2022\/03\/copertina_DIFESA_ESP.jpg\"><\/video><br \/>\n<video src=\"\/wp-content\/uploads\/2022\/03\/RIMPIAZZO_ESP.mp4\" poster=\"\/wp-content\/uploads\/2022\/03\/copertina_RIMPIAZZO_ESP.jpg\"><\/video><br \/>\n<video src=\"\/wp-content\/uploads\/2022\/03\/CONTRATTACCO_ESP.mp4\" poster=\"\/wp-content\/uploads\/2022\/03\/copertina_CONTRATTACCO_ESP.jpg\"><\/video><br \/>\n<video src=\"\/wp-content\/uploads\/2022\/03\/SCHIVATA_ESP.mp4\" poster=\"\/wp-content\/uploads\/2022\/03\/copertina_SCHIVATA_ESP.jpg\"><\/video><\/p>\n<hr>\n<h1>\n<p style=\"text-align: center;\">\u00bfQuieres las reglas a mano?<\/p>\n<\/h1>\n<p>\n    <a href=\"\/wp-content\/uploads\/2021\/05\/REGOLAMENTO_ES.pdf\">Desc\u00e1rgalo ahora<\/a>\n<\/p>\n<p><img src=\"\/wp-content\/uploads\/2022\/01\/Regolamento-BOOMEZ-Mockup-e1642079797447.png\" alt=\"\"><\/p>\n<hr>\n<p><img src=\"https:\/\/cicaboom.com\/wp-content\/uploads\/2021\/01\/come_si_gioca_boomez_1.jpg\" alt=\"\"><\/p>\n<h1>\u00a1Un REGALO para ti!<\/h1>\n<div>\u00a1Utiliza el siguiente <b>C\u00d3DIGO DE DESCUENTO<\/b> en la tienda de Cicaboom, para comprar tus superh\u00e9roes Marvel Boomez al -30%! <\/div>\n<p><img src=\"https:\/\/cicaboom.com\/wp-content\/uploads\/2022\/01\/CS_BUONO.png\" alt=\"\"><\/p>\n<div>*c\u00f3digo v\u00e1lido para las colecciones Marvel Boomez Wave 1 y Marvel Boomez Wave 2, con un gasto m\u00ednimo de 30\u20ac.<\/div>\n<p>\n    <a href=\"https:\/\/shop.cicaboom.com\/es\/marvel\/marvel-boomez\">VE A LA TIENDA<\/a>\n<\/p>\n<hr>\n<p><!--more--><br \/>\n<!-- {\"type\":\"layout\",\"children\":[{\"type\":\"section\",\"props\":{\"style\":\"default\",\"width\":\"default\",\"vertical_align\":\"middle\",\"title_position\":\"top-left\",\"title_rotation\":\"left\",\"title_breakpoint\":\"xl\",\"image_position\":\"center-center\"},\"children\":[{\"type\":\"row\",\"children\":[{\"type\":\"column\",\"props\":{\"image_position\":\"center-center\",\"media_overlay_gradient\":\"\"},\"children\":[{\"type\":\"headline\",\"props\":{\"title_element\":\"h1\",\"content\":\"\n\n<p style=\\\"text-align: center;\\\">Marvel Boomez 3D card game - reglas del juego<\\\/p>\",\"title_color\":\"primary\"}},{\"type\":\"text\",\"props\":{\"margin\":\"default\",\"column_breakpoint\":\"m\",\"content\":\"\n\n<p style=\\\"text-align: center;\\\">Descubre c\\u00f3mo jugar con los superh\\u00e9roes Marvel Boomez: mira los tutoriales de los partidos por equipos y 1 vs 1. <br\\\/> \\u00a1Son suficientes 2 personajes con sus tarjetas y los dados de 20 caras para empezar un juego!<\\\/p>\"}}]}]}]},{\"type\":\"section\",\"props\":{\"style\":\"default\",\"width\":\"default\",\"vertical_align\":\"middle\",\"title_position\":\"top-left\",\"title_rotation\":\"left\",\"title_breakpoint\":\"xl\",\"image_position\":\"center-center\",\"image\":\"wp-content\\\/uploads\\\/2022\\\/01\\\/video-09-scaled.jpg\",\"class\":\"cb-collezione-video-section\",\"padding_remove_top\":true,\"padding_remove_bottom\":false},\"children\":[{\"type\":\"row\",\"props\":{\"layout\":\"1-2,1-2\"},\"children\":[{\"type\":\"column\",\"props\":{\"image_position\":\"center-center\",\"media_overlay_gradient\":\"\",\"width_medium\":\"1-2\"},\"children\":[{\"type\":\"headline\",\"props\":{\"title_element\":\"h1\",\"content\":\"partida entre equipos\",\"title_style\":\"h3\",\"title_color\":\"secondary\"}},{\"type\":\"video\",\"props\":{\"video_controls\":true,\"margin\":\"default\",\"video\":\"https:\\\/\\\/www.youtube.com\\\/watch?v=JMW8NtNT6FE&list=PL1IHXiqkAjHM9fY7tIym_X38eaXqxU7mB&index=6&t=99s\",\"video_width\":\"1000\",\"video_box_shadow\":\"\",\"video_box_decoration\":\"shadow\"}}]},{\"type\":\"column\",\"props\":{\"image_position\":\"center-center\",\"media_overlay_gradient\":\"\",\"width_medium\":\"1-2\"},\"children\":[{\"type\":\"headline\",\"props\":{\"title_element\":\"h1\",\"content\":\"\n\n<p style=\\\"text-align: right;\\\">partida 1 vs 1\",\"title_style\":\"h3\",\"title_color\":\"secondary\"}},{\"type\":\"video\",\"props\":{\"video_controls\":true,\"margin\":\"default\",\"video\":\"https:\\\/\\\/www.youtube.com\\\/watch?v=SgefZsoZKAw&list=PL1IHXiqkAjHM9fY7tIym_X38eaXqxU7mB&index=7\",\"video_width\":\"1000\",\"video_box_shadow\":\"\",\"video_box_decoration\":\"shadow\"}}]}]}]},{\"type\":\"section\",\"props\":{\"style\":\"default\",\"width\":\"default\",\"vertical_align\":\"middle\",\"title_position\":\"top-left\",\"title_rotation\":\"left\",\"title_breakpoint\":\"xl\",\"image_position\":\"center-center\",\"padding_remove_top\":false,\"padding_remove_bottom\":true},\"children\":[{\"type\":\"row\",\"children\":[{\"type\":\"column\",\"props\":{\"image_position\":\"center-center\",\"media_overlay_gradient\":\"\"},\"children\":[{\"type\":\"divider\",\"props\":{\"divider_element\":\"hr\"}},{\"type\":\"headline\",\"props\":{\"title_element\":\"h1\",\"content\":\"\n\n<p style=\\\"text-align: center;\\\">Habilidades y Apoyos<\\\/p>\"}},{\"type\":\"text\",\"props\":{\"margin\":\"default\",\"column_breakpoint\":\"m\",\"content\":\"\n\n<p style=\\\"text-align: center;\\\">Descubre c\\u00f3mo usar los Apoyos y las Habilidades: ellos tienen reglas muy precisas!<\\\/p>\"}}]}]}]},{\"type\":\"section\",\"props\":{\"style\":\"default\",\"width\":\"default\",\"vertical_align\":\"middle\",\"title_position\":\"top-left\",\"title_rotation\":\"left\",\"title_breakpoint\":\"xl\",\"image_position\":\"center-center\",\"image\":\"https:\\\/\\\/cicaboom.com\\\/wp-content\\\/uploads\\\/2021\\\/04\\\/fondo-video.jpg\",\"class\":\"cb-collezione-video-section\",\"padding_remove_bottom\":true},\"children\":[{\"type\":\"row\",\"props\":{\"layout\":\"1-3,1-3,1-3\"},\"children\":[{\"type\":\"column\",\"props\":{\"image_position\":\"center-center\",\"media_overlay_gradient\":\"\",\"width_medium\":\"1-3\"},\"children\":[{\"type\":\"video\",\"props\":{\"video_controls\":true,\"margin\":\"default\",\"video\":\"wp-content\\\/uploads\\\/2022\\\/03\\\/ATTACCO_ESP-.mp4\",\"margin_remove_top\":false,\"margin_remove_bottom\":false,\"video_poster\":\"wp-content\\\/uploads\\\/2022\\\/03\\\/copertina_ATTACCO_ESP.jpg\"}}]},{\"type\":\"column\",\"props\":{\"image_position\":\"center-center\",\"media_overlay_gradient\":\"\",\"width_medium\":\"1-3\"},\"children\":[{\"type\":\"video\",\"props\":{\"video_controls\":true,\"margin\":\"default\",\"video\":\"wp-content\\\/uploads\\\/2022\\\/03\\\/DIFESA_ESP.mp4\",\"video_poster\":\"wp-content\\\/uploads\\\/2022\\\/03\\\/copertina_DIFESA_ESP.jpg\"}}]},{\"type\":\"column\",\"props\":{\"image_position\":\"center-center\",\"media_overlay_gradient\":\"\",\"width_medium\":\"1-3\"},\"children\":[{\"type\":\"video\",\"props\":{\"video_controls\":true,\"margin\":\"default\",\"video\":\"wp-content\\\/uploads\\\/2022\\\/03\\\/RIMPIAZZO_ESP.mp4\",\"video_poster\":\"wp-content\\\/uploads\\\/2022\\\/03\\\/copertina_RIMPIAZZO_ESP.jpg\"}}]}]}]},{\"type\":\"section\",\"props\":{\"style\":\"default\",\"width\":\"default\",\"vertical_align\":\"middle\",\"title_position\":\"top-left\",\"title_rotation\":\"left\",\"title_breakpoint\":\"xl\",\"image_position\":\"center-center\",\"image\":\"https:\\\/\\\/cicaboom.com\\\/wp-content\\\/uploads\\\/2021\\\/04\\\/fondo-video.jpg\"},\"children\":[{\"type\":\"row\",\"props\":{\"layout\":\"1-4,1-4,1-4,1-4|1-2,1-2,1-2,1-2\"},\"children\":[{\"type\":\"column\",\"props\":{\"image_position\":\"center-center\",\"media_overlay_gradient\":\"\",\"width_medium\":\"small\",\"width_small\":\"\"},\"children\":[]},{\"type\":\"column\",\"props\":{\"image_position\":\"center-center\",\"media_overlay_gradient\":\"\",\"width_medium\":\"1-3\",\"width_small\":\"\"},\"children\":[{\"type\":\"video\",\"props\":{\"video_controls\":true,\"margin\":\"default\",\"video\":\"wp-content\\\/uploads\\\/2022\\\/03\\\/CONTRATTACCO_ESP.mp4\",\"video_poster\":\"wp-content\\\/uploads\\\/2022\\\/03\\\/copertina_CONTRATTACCO_ESP.jpg\"}}]},{\"type\":\"column\",\"props\":{\"image_position\":\"center-center\",\"media_overlay_gradient\":\"\",\"width_medium\":\"1-3\",\"width_small\":\"\"},\"children\":[{\"type\":\"video\",\"props\":{\"video_controls\":true,\"margin\":\"default\",\"video\":\"wp-content\\\/uploads\\\/2022\\\/03\\\/SCHIVATA_ESP.mp4\",\"video_poster\":\"wp-content\\\/uploads\\\/2022\\\/03\\\/copertina_SCHIVATA_ESP.jpg\"}}]},{\"type\":\"column\",\"props\":{\"image_position\":\"center-center\",\"media_overlay_gradient\":\"\",\"width_medium\":\"small\",\"width_small\":\"\"},\"children\":[]}]}]},{\"type\":\"section\",\"props\":{\"style\":\"default\",\"width\":\"default\",\"vertical_align\":\"middle\",\"title_position\":\"top-left\",\"title_rotation\":\"left\",\"title_breakpoint\":\"xl\",\"image_position\":\"center-center\"},\"children\":[{\"type\":\"row\",\"children\":[{\"type\":\"column\",\"props\":{\"image_position\":\"center-center\",\"media_overlay_gradient\":\"\"},\"children\":[{\"type\":\"divider\",\"props\":{\"divider_element\":\"hr\"}}]}]}]},{\"type\":\"section\",\"props\":{\"style\":\"default\",\"width\":\"default\",\"vertical_align\":\"middle\",\"title_position\":\"top-left\",\"title_rotation\":\"left\",\"title_breakpoint\":\"xl\",\"image_position\":\"center-center\",\"padding_remove_top\":true,\"padding_remove_bottom\":true},\"children\":[{\"type\":\"row\",\"children\":[{\"type\":\"column\",\"props\":{\"image_position\":\"center-center\",\"media_overlay_gradient\":\"\",\"width_medium\":\"1-2\"},\"children\":[{\"type\":\"headline\",\"props\":{\"title_element\":\"h1\",\"content\":\"\n\n<p style=\\\"text-align: center;\\\">\\u00bfQuieres las reglas a mano?<\\\/p>\"}},{\"type\":\"button\",\"props\":{\"grid_column_gap\":\"small\",\"grid_row_gap\":\"small\",\"margin\":\"default\",\"position\":\"relative\",\"text_align\":\"center\"},\"children\":[{\"type\":\"button_item\",\"props\":{\"button_style\":\"primary\",\"icon_align\":\"left\",\"content\":\"Desc\\u00e1rgalo ahora\",\"link\":\"wp-content\\\/uploads\\\/2021\\\/05\\\/REGOLAMENTO_ES.pdf\",\"link_title\":\"SCARICA \",\"link_target\":\"blank\"}}]}]},{\"type\":\"column\",\"props\":{\"image_position\":\"center-center\",\"media_overlay_gradient\":\"\",\"width_medium\":\"1-2\"},\"children\":[{\"type\":\"image\",\"props\":{\"margin\":\"default\",\"image_svg_color\":\"emphasis\",\"image\":\"wp-content\\\/uploads\\\/2022\\\/01\\\/Regolamento-BOOMEZ-Mockup-e1642079797447.png\",\"image_width\":\"700\",\"text_align\":\"center\",\"margin_remove_top\":true,\"margin_remove_bottom\":true}}]}],\"props\":{\"layout\":\"1-2,1-2\"}}]},{\"type\":\"section\",\"props\":{\"style\":\"default\",\"width\":\"default\",\"vertical_align\":\"middle\",\"title_position\":\"top-left\",\"title_rotation\":\"left\",\"title_breakpoint\":\"xl\",\"image_position\":\"center-center\"},\"children\":[{\"type\":\"row\",\"children\":[{\"type\":\"column\",\"props\":{\"image_position\":\"center-center\",\"media_overlay_gradient\":\"\"},\"children\":[{\"type\":\"divider\",\"props\":{\"divider_element\":\"hr\",\"margin_remove_top\":true,\"margin_remove_bottom\":true,\"margin\":\"small\"}}]}]}]},{\"type\":\"section\",\"props\":{\"style\":\"default\",\"width\":\"default\",\"vertical_align\":\"middle\",\"title_position\":\"top-left\",\"title_rotation\":\"left\",\"title_breakpoint\":\"xl\",\"image_position\":\"center-center\",\"padding_remove_top\":true,\"padding_remove_bottom\":true},\"children\":[{\"type\":\"row\",\"props\":{\"layout\":\"1-2,1-2\"},\"children\":[{\"type\":\"column\",\"props\":{\"image_position\":\"center-center\",\"media_overlay_gradient\":\"\",\"width_medium\":\"1-2\"},\"children\":[{\"type\":\"image\",\"props\":{\"margin\":\"default\",\"image_svg_color\":\"emphasis\",\"image\":\"https:\\\/\\\/cicaboom.com\\\/wp-content\\\/uploads\\\/2021\\\/01\\\/come_si_gioca_boomez_1.jpg\",\"position_left\":\"40\"}}]},{\"type\":\"column\",\"props\":{\"image_position\":\"center-center\",\"media_overlay_gradient\":\"\",\"width_medium\":\"1-2\"},\"children\":[{\"type\":\"headline\",\"props\":{\"title_element\":\"h1\",\"content\":\"\\u00a1Un REGALO para ti!\"}},{\"type\":\"text\",\"props\":{\"margin\":\"default\",\"column_breakpoint\":\"m\",\"content\":\"\\u00a1Utiliza el siguiente <b>C\\u00d3DIGO DE DESCUENTO<\\\/b> en la tienda de Cicaboom, para comprar tus superh\\u00e9roes Marvel Boomez al -30%! \"}},{\"type\":\"image\",\"props\":{\"margin\":\"default\",\"image_svg_color\":\"emphasis\",\"image\":\"https:\\\/\\\/cicaboom.com\\\/wp-content\\\/uploads\\\/2022\\\/01\\\/CS_BUONO.png\",\"maxwidth\":\"medium\"}},{\"type\":\"text\",\"props\":{\"margin\":\"default\",\"column_breakpoint\":\"m\",\"content\":\"*c\\u00f3digo v\\u00e1lido para las colecciones Marvel Boomez Wave 1 y Marvel Boomez Wave 2, con un gasto m\\u00ednimo de 30\\u20ac.\"}},{\"type\":\"button\",\"props\":{\"grid_column_gap\":\"small\",\"grid_row_gap\":\"small\",\"margin\":\"default\"},\"children\":[{\"type\":\"button_item\",\"props\":{\"button_style\":\"primary\",\"icon_align\":\"left\",\"content\":\"VE A LA TIENDA\",\"link\":\"https:\\\/\\\/shop.cicaboom.com\\\/es\\\/marvel\\\/marvel-boomez\",\"link_title\":\"VAI ALLO SHOP\"}}]}]}]}]},{\"type\":\"section\",\"props\":{\"style\":\"default\",\"width\":\"default\",\"vertical_align\":\"middle\",\"title_position\":\"top-left\",\"title_rotation\":\"left\",\"title_breakpoint\":\"xl\",\"image_position\":\"center-center\"},\"children\":[{\"type\":\"row\",\"children\":[{\"type\":\"column\",\"props\":{\"image_position\":\"center-center\",\"media_overlay_gradient\":\"\"},\"children\":[{\"type\":\"divider\",\"props\":{\"divider_element\":\"hr\",\"margin_remove_top\":true,\"margin_remove_bottom\":true,\"margin\":\"small\"}}]}]}]}],\"version\":\"2.5.4\"} --><\/p>\n","protected":false},"excerpt":{"rendered":"<p>Marvel Boomez 3D card game &#8211; reglas del juego Descubre c\u00f3mo jugar con los superh\u00e9roes Marvel Boomez: mira los tutoriales de los partidos por equipos y 1 vs 1. \u00a1Son suficientes 2 personajes con sus tarjetas y los dados de 20 caras para empezar un juego! partida entre equipos partida 1 vs 1 Habilidades y [&hellip;]<\/p>\n","protected":false},"author":3,"featured_media":0,"parent":22231,"menu_order":0,"comment_status":"closed","ping_status":"closed","template":"","meta":[],"acf":[],"yoast_head":"<!-- This site is optimized with the Yoast SEO plugin v18.5.1 - https:\/\/yoast.com\/wordpress\/plugins\/seo\/ -->\n<title>Marvel Boomez - Regolamento - Cicaboom e i suoi brand Letrabots \u00a9 , Letranimal \u00a9, Kartbots \u00a9, Numberbots \u00a9<\/title>\n<meta name=\"robots\" content=\"index, follow, max-snippet:-1, max-image-preview:large, max-video-preview:-1\" \/>\n<link rel=\"canonical\" href=\"https:\/\/cicaboom.com\/es\/boomez-game-rules\/marvel-boomez-regolamento\/\" \/>\n<meta property=\"og:locale\" content=\"es_ES\" \/>\n<meta property=\"og:type\" content=\"article\" \/>\n<meta property=\"og:title\" content=\"Marvel Boomez - Regolamento - Cicaboom e i suoi brand Letrabots \u00a9 , Letranimal \u00a9, Kartbots \u00a9, Numberbots \u00a9\" \/>\n<meta property=\"og:description\" content=\"Marvel Boomez 3D card game &#8211; reglas del juego Descubre c\u00f3mo jugar con los superh\u00e9roes Marvel Boomez: mira los tutoriales de los partidos por equipos y 1 vs 1. \u00a1Son suficientes 2 personajes con sus tarjetas y los dados de 20 caras para empezar un juego! partida entre equipos partida 1 vs 1 Habilidades y [&hellip;]\" \/>\n<meta property=\"og:url\" content=\"https:\/\/cicaboom.com\/es\/boomez-game-rules\/marvel-boomez-regolamento\/\" \/>\n<meta property=\"og:site_name\" content=\"Cicaboom e i suoi brand Letrabots \u00a9 , Letranimal \u00a9, Kartbots \u00a9, Numberbots \u00a9\" \/>\n<meta property=\"article:modified_time\" content=\"2022-03-09T13:26:44+00:00\" \/>\n<meta property=\"og:image\" content=\"https:\/\/cicaboom.com\/wp-content\/uploads\/2021\/01\/come_si_gioca_boomez_1.jpg\" \/>\n<meta name=\"twitter:card\" content=\"summary_large_image\" \/>\n<meta name=\"twitter:label1\" content=\"Tiempo de lectura\" \/>\n\t<meta name=\"twitter:data1\" content=\"1 minuto\" \/>\n<script type=\"application\/ld+json\" class=\"yoast-schema-graph\">{\"@context\":\"https:\/\/schema.org\",\"@graph\":[{\"@type\":\"Organization\",\"@id\":\"https:\/\/cicaboom.com\/#organization\",\"name\":\"Cicaboom\",\"url\":\"https:\/\/cicaboom.com\/\",\"sameAs\":[],\"logo\":{\"@type\":\"ImageObject\",\"@id\":\"https:\/\/cicaboom.com\/#logo\",\"inLanguage\":\"es\",\"url\":\"https:\/\/cicaboom.com\/wp-content\/uploads\/2024\/12\/logo-cicaboom.svg\",\"contentUrl\":\"https:\/\/cicaboom.com\/wp-content\/uploads\/2024\/12\/logo-cicaboom.svg\",\"caption\":\"Cicaboom\"},\"image\":{\"@id\":\"https:\/\/cicaboom.com\/#logo\"}},{\"@type\":\"WebSite\",\"@id\":\"https:\/\/cicaboom.com\/#website\",\"url\":\"https:\/\/cicaboom.com\/\",\"name\":\"Cicaboom e i suoi brand Letrabots \u00a9 , Letranimal \u00a9, Kartbots \u00a9, Numberbots \u00a9\",\"description\":\"Cicaboom, editore italiano che con entusiasmo e creativit\u00e0 fa divertire i bambini con Letrabots \u00a9, Letranimal \u00a9, Kartbots \u00a9, Numberbots \u00a9 clicca e scoprili tutti.\",\"publisher\":{\"@id\":\"https:\/\/cicaboom.com\/#organization\"},\"potentialAction\":[{\"@type\":\"SearchAction\",\"target\":{\"@type\":\"EntryPoint\",\"urlTemplate\":\"https:\/\/cicaboom.com\/?s={search_term_string}\"},\"query-input\":\"required name=search_term_string\"}],\"inLanguage\":\"es\"},{\"@type\":\"ImageObject\",\"@id\":\"https:\/\/cicaboom.com\/es\/boomez-game-rules\/marvel-boomez-regolamento\/#primaryimage\",\"inLanguage\":\"es\",\"url\":\"https:\/\/cicaboom.com\/wp-content\/uploads\/2021\/01\/come_si_gioca_boomez_1.jpg\",\"contentUrl\":\"https:\/\/cicaboom.com\/wp-content\/uploads\/2021\/01\/come_si_gioca_boomez_1.jpg\",\"width\":600,\"height\":400},{\"@type\":\"WebPage\",\"@id\":\"https:\/\/cicaboom.com\/es\/boomez-game-rules\/marvel-boomez-regolamento\/#webpage\",\"url\":\"https:\/\/cicaboom.com\/es\/boomez-game-rules\/marvel-boomez-regolamento\/\",\"name\":\"Marvel Boomez - Regolamento - Cicaboom e i suoi brand Letrabots \u00a9 , Letranimal \u00a9, Kartbots \u00a9, Numberbots \u00a9\",\"isPartOf\":{\"@id\":\"https:\/\/cicaboom.com\/#website\"},\"primaryImageOfPage\":{\"@id\":\"https:\/\/cicaboom.com\/es\/boomez-game-rules\/marvel-boomez-regolamento\/#primaryimage\"},\"datePublished\":\"2022-02-09T11:09:32+00:00\",\"dateModified\":\"2022-03-09T13:26:44+00:00\",\"breadcrumb\":{\"@id\":\"https:\/\/cicaboom.com\/es\/boomez-game-rules\/marvel-boomez-regolamento\/#breadcrumb\"},\"inLanguage\":\"es\",\"potentialAction\":[{\"@type\":\"ReadAction\",\"target\":[\"https:\/\/cicaboom.com\/es\/boomez-game-rules\/marvel-boomez-regolamento\/\"]}]},{\"@type\":\"BreadcrumbList\",\"@id\":\"https:\/\/cicaboom.com\/es\/boomez-game-rules\/marvel-boomez-regolamento\/#breadcrumb\",\"itemListElement\":[{\"@type\":\"ListItem\",\"position\":1,\"name\":\"Home\",\"item\":\"https:\/\/cicaboom.com\/es\/\"},{\"@type\":\"ListItem\",\"position\":2,\"name\":\"Boomez Game Rules\",\"item\":\"https:\/\/cicaboom.com\/es\/boomez-game-rules\/\"},{\"@type\":\"ListItem\",\"position\":3,\"name\":\"Marvel Boomez &#8211; Regolamento\"}]}]}<\/script>\n<!-- \/ Yoast SEO plugin. -->","yoast_head_json":{"title":"Marvel Boomez - Regolamento - Cicaboom e i suoi brand Letrabots \u00a9 , Letranimal \u00a9, Kartbots \u00a9, Numberbots \u00a9","robots":{"index":"index","follow":"follow","max-snippet":"max-snippet:-1","max-image-preview":"max-image-preview:large","max-video-preview":"max-video-preview:-1"},"canonical":"https:\/\/cicaboom.com\/es\/boomez-game-rules\/marvel-boomez-regolamento\/","og_locale":"es_ES","og_type":"article","og_title":"Marvel Boomez - Regolamento - Cicaboom e i suoi brand Letrabots \u00a9 , Letranimal \u00a9, Kartbots \u00a9, Numberbots \u00a9","og_description":"Marvel Boomez 3D card game &#8211; reglas del juego Descubre c\u00f3mo jugar con los superh\u00e9roes Marvel Boomez: mira los tutoriales de los partidos por equipos y 1 vs 1. \u00a1Son suficientes 2 personajes con sus tarjetas y los dados de 20 caras para empezar un juego! partida entre equipos partida 1 vs 1 Habilidades y [&hellip;]","og_url":"https:\/\/cicaboom.com\/es\/boomez-game-rules\/marvel-boomez-regolamento\/","og_site_name":"Cicaboom e i suoi brand Letrabots \u00a9 , Letranimal \u00a9, Kartbots \u00a9, Numberbots \u00a9","article_modified_time":"2022-03-09T13:26:44+00:00","og_image":[{"url":"https:\/\/cicaboom.com\/wp-content\/uploads\/2021\/01\/come_si_gioca_boomez_1.jpg"}],"twitter_card":"summary_large_image","twitter_misc":{"Tiempo de lectura":"1 minuto"},"schema":{"@context":"https:\/\/schema.org","@graph":[{"@type":"Organization","@id":"https:\/\/cicaboom.com\/#organization","name":"Cicaboom","url":"https:\/\/cicaboom.com\/","sameAs":[],"logo":{"@type":"ImageObject","@id":"https:\/\/cicaboom.com\/#logo","inLanguage":"es","url":"https:\/\/cicaboom.com\/wp-content\/uploads\/2024\/12\/logo-cicaboom.svg","contentUrl":"https:\/\/cicaboom.com\/wp-content\/uploads\/2024\/12\/logo-cicaboom.svg","caption":"Cicaboom"},"image":{"@id":"https:\/\/cicaboom.com\/#logo"}},{"@type":"WebSite","@id":"https:\/\/cicaboom.com\/#website","url":"https:\/\/cicaboom.com\/","name":"Cicaboom e i suoi brand Letrabots \u00a9 , Letranimal \u00a9, Kartbots \u00a9, Numberbots \u00a9","description":"Cicaboom, editore italiano che con entusiasmo e creativit\u00e0 fa divertire i bambini con Letrabots \u00a9, Letranimal \u00a9, Kartbots \u00a9, Numberbots \u00a9 clicca e scoprili tutti.","publisher":{"@id":"https:\/\/cicaboom.com\/#organization"},"potentialAction":[{"@type":"SearchAction","target":{"@type":"EntryPoint","urlTemplate":"https:\/\/cicaboom.com\/?s={search_term_string}"},"query-input":"required name=search_term_string"}],"inLanguage":"es"},{"@type":"ImageObject","@id":"https:\/\/cicaboom.com\/es\/boomez-game-rules\/marvel-boomez-regolamento\/#primaryimage","inLanguage":"es","url":"https:\/\/cicaboom.com\/wp-content\/uploads\/2021\/01\/come_si_gioca_boomez_1.jpg","contentUrl":"https:\/\/cicaboom.com\/wp-content\/uploads\/2021\/01\/come_si_gioca_boomez_1.jpg","width":600,"height":400},{"@type":"WebPage","@id":"https:\/\/cicaboom.com\/es\/boomez-game-rules\/marvel-boomez-regolamento\/#webpage","url":"https:\/\/cicaboom.com\/es\/boomez-game-rules\/marvel-boomez-regolamento\/","name":"Marvel Boomez - Regolamento - Cicaboom e i suoi brand Letrabots \u00a9 , Letranimal \u00a9, Kartbots \u00a9, Numberbots \u00a9","isPartOf":{"@id":"https:\/\/cicaboom.com\/#website"},"primaryImageOfPage":{"@id":"https:\/\/cicaboom.com\/es\/boomez-game-rules\/marvel-boomez-regolamento\/#primaryimage"},"datePublished":"2022-02-09T11:09:32+00:00","dateModified":"2022-03-09T13:26:44+00:00","breadcrumb":{"@id":"https:\/\/cicaboom.com\/es\/boomez-game-rules\/marvel-boomez-regolamento\/#breadcrumb"},"inLanguage":"es","potentialAction":[{"@type":"ReadAction","target":["https:\/\/cicaboom.com\/es\/boomez-game-rules\/marvel-boomez-regolamento\/"]}]},{"@type":"BreadcrumbList","@id":"https:\/\/cicaboom.com\/es\/boomez-game-rules\/marvel-boomez-regolamento\/#breadcrumb","itemListElement":[{"@type":"ListItem","position":1,"name":"Home","item":"https:\/\/cicaboom.com\/es\/"},{"@type":"ListItem","position":2,"name":"Boomez Game Rules","item":"https:\/\/cicaboom.com\/es\/boomez-game-rules\/"},{"@type":"ListItem","position":3,"name":"Marvel Boomez &#8211; Regolamento"}]}]}},"_links":{"self":[{"href":"https:\/\/cicaboom.com\/es\/wp-json\/wp\/v2\/pages\/21718"}],"collection":[{"href":"https:\/\/cicaboom.com\/es\/wp-json\/wp\/v2\/pages"}],"about":[{"href":"https:\/\/cicaboom.com\/es\/wp-json\/wp\/v2\/types\/page"}],"author":[{"embeddable":true,"href":"https:\/\/cicaboom.com\/es\/wp-json\/wp\/v2\/users\/3"}],"replies":[{"embeddable":true,"href":"https:\/\/cicaboom.com\/es\/wp-json\/wp\/v2\/comments?post=21718"}],"version-history":[{"count":7,"href":"https:\/\/cicaboom.com\/es\/wp-json\/wp\/v2\/pages\/21718\/revisions"}],"predecessor-version":[{"id":22311,"href":"https:\/\/cicaboom.com\/es\/wp-json\/wp\/v2\/pages\/21718\/revisions\/22311"}],"up":[{"embeddable":true,"href":"https:\/\/cicaboom.com\/es\/wp-json\/wp\/v2\/pages\/22231"}],"wp:attachment":[{"href":"https:\/\/cicaboom.com\/es\/wp-json\/wp\/v2\/media?parent=21718"}],"curies":[{"name":"wp","href":"https:\/\/api.w.org\/{rel}","templated":true}]}}