{"id":22231,"date":"2022-03-09T11:25:37","date_gmt":"2022-03-09T10:25:37","guid":{"rendered":"https:\/\/cicaboom.com\/marvel-boomez-game-rules\/"},"modified":"2024-05-23T11:46:28","modified_gmt":"2024-05-23T09:46:28","slug":"boomez-game-rules","status":"publish","type":"page","link":"https:\/\/cicaboom.com\/es\/boomez-game-rules\/","title":{"rendered":"Boomez Game Rules"},"content":{"rendered":"<h2>Boomez 3D card game rules<\/h2>\n<p><img src=\"\/wp-content\/uploads\/2022\/01\/regolamento_img-e1642079186720.png\" alt=\"\"><\/p>\n<h1>\n<p style=\"text-align:center;\">Choose your language<\/p>\n<\/h1>\n<div>\n<p>    <img src=\"\/wp-content\/uploads\/2021\/05\/BANDIERA_ITALIA-1.png\" alt=\"\"><\/p>\n<h3>ITALIANO<\/h3>\n<p><a href=\"https:\/\/cicaboom.com\/boomez-game-rules\/marvel-boomez-regolamento\/\"><\/a><\/p>\n<\/div>\n<div>\n<p>    <img src=\"\/wp-content\/uploads\/2021\/05\/BANDIERA_UK-02.png\" alt=\"\"><\/p>\n<h3>ENGLISH<\/h3>\n<p><a href=\"https:\/\/cicaboom.com\/en\/boomez-game-rules-2\/marvel-boomez-regulation\/\"><\/a><\/p>\n<\/div>\n<div>\n<p>    <img src=\"\/wp-content\/uploads\/2021\/05\/BANDIERA_FRANCIA.png\" alt=\"\"><\/p>\n<h3>FRAN\u00c7AIS<\/h3>\n<p><a href=\"https:\/\/cicaboom.com\/fr\/boomez-game-rules\/marvel-boomez-reglement-de-jeu\/\"><\/a><\/p>\n<\/div>\n<div>\n<p>    <img src=\"\/wp-content\/uploads\/2021\/05\/BANDIERA_SPAGNA.png\" alt=\"\"><\/p>\n<h3>ESPA\u00d1OL<\/h3>\n<p><a href=\"https:\/\/cicaboom.com\/es\/boomez-game-rules\/marvel-boomez-regolamento\/\"><\/a><\/p>\n<\/div>\n<div>\n<p>    <img src=\"\/wp-content\/uploads\/2021\/05\/BANDIERA_PORTOGALLO.png\" alt=\"\"><\/p>\n<h3>PORTUGU\u00caS<\/h3>\n<p><a href=\"\/wp-content\/uploads\/2021\/05\/REGOLAMENTO_PT.pdf\"><\/a><\/p>\n<\/div>\n<div>\n<p>    <img src=\"\/wp-content\/uploads\/2021\/05\/BANDIERA_GERMANIA.png\" alt=\"\"><\/p>\n<h3>DEUTSCH<\/h3>\n<p><a href=\"\/wp-content\/uploads\/2021\/05\/REGOLAMENTO_DE.pdf\"><\/a><\/p>\n<\/div>\n<div>\n<p>    <img src=\"\/wp-content\/uploads\/2021\/05\/BANDIERA_POLONIA.png\" alt=\"\"><\/p>\n<h3>POLSKI<\/h3>\n<p><a href=\"\/wp-content\/uploads\/2021\/05\/REGOLAMENTO_PL.pdf\"><\/a><\/p>\n<\/div>\n<div>\n<p>    <img src=\"\/wp-content\/uploads\/2021\/05\/BANDIERA_RUSSIA.png\" alt=\"\"><\/p>\n<h3>\u0420\u0423\u0421\u0421\u041a\u0418\u0419<\/h3>\n<p><a href=\"\/wp-content\/uploads\/2021\/05\/REGOLAMENTO_PL.pdf\"><\/a><\/p>\n<\/div>\n<hr>\n<p><!--more--><br \/>\n<!-- {\"type\":\"layout\",\"children\":[{\"type\":\"section\",\"props\":{\"style\":\"default\",\"width\":\"default\",\"vertical_align\":\"middle\",\"title_position\":\"top-left\",\"title_rotation\":\"left\",\"title_breakpoint\":\"xl\",\"image_position\":\"center-center\"},\"children\":[{\"type\":\"row\",\"children\":[{\"type\":\"column\",\"props\":{\"image_position\":\"center-center\",\"media_overlay_gradient\":\"\",\"position_sticky_breakpoint\":\"m\"},\"children\":[{\"type\":\"headline\",\"props\":{\"title_element\":\"h2\",\"content\":\"Boomez 3D card game rules\",\"title_style\":\"heading-small\",\"title_color\":\"secondary\",\"text_align\":\"center\"}}]}]}]},{\"type\":\"section\",\"props\":{\"style\":\"default\",\"width\":\"default\",\"vertical_align\":\"middle\",\"title_position\":\"top-left\",\"title_rotation\":\"left\",\"title_breakpoint\":\"xl\",\"image_position\":\"center-center\",\"class\":\"cb-collezione-video-section\",\"image\":\"wp-content\\\/uploads\\\/2022\\\/01\\\/video-09-scaled.jpg\",\"padding_remove_top\":false,\"padding_remove_bottom\":false,\"image_size\":\"cover\"},\"children\":[{\"type\":\"row\",\"children\":[{\"type\":\"column\",\"props\":{\"image_position\":\"center-center\",\"media_overlay_gradient\":\"\",\"position_sticky_breakpoint\":\"m\"},\"children\":[{\"type\":\"image\",\"props\":{\"margin\":\"default\",\"image_svg_color\":\"emphasis\",\"position\":\"relative\",\"text_align\":\"center\",\"animation\":\"parallax\",\"class\":\"\",\"image\":\"wp-content\\\/uploads\\\/2022\\\/01\\\/regolamento_img-e1642079186720.png\"}}]}]}]},{\"type\":\"section\",\"props\":{\"style\":\"default\",\"width\":\"default\",\"vertical_align\":\"middle\",\"title_position\":\"top-left\",\"title_rotation\":\"left\",\"title_breakpoint\":\"xl\",\"image_position\":\"center-center\"},\"children\":[{\"type\":\"row\",\"children\":[{\"type\":\"column\",\"props\":{\"image_position\":\"center-center\",\"media_overlay_gradient\":\"\",\"position_sticky_breakpoint\":\"m\"},\"children\":[{\"type\":\"headline\",\"props\":{\"title_element\":\"h1\",\"content\":\"\n\n<p style=\\\"text-align:center;\\\">Choose your language<\\\/p>\"}}]}]}]},{\"type\":\"section\",\"props\":{\"style\":\"default\",\"width\":\"default\",\"vertical_align\":\"middle\",\"title_position\":\"top-left\",\"title_rotation\":\"left\",\"title_breakpoint\":\"xl\",\"image_position\":\"center-center\"},\"children\":[{\"type\":\"row\",\"children\":[{\"type\":\"column\",\"props\":{\"image_position\":\"center-center\",\"media_overlay_gradient\":\"\",\"width_medium\":\"1-4\",\"width_small\":\"1-2\",\"width_default\":\"1-2\",\"position_sticky_breakpoint\":\"m\"},\"children\":[{\"type\":\"grid\",\"props\":{\"show_title\":true,\"show_meta\":true,\"show_content\":true,\"show_image\":true,\"show_link\":true,\"grid_default\":\"1\",\"grid_medium\":\"1\",\"filter_style\":\"tab\",\"filter_all\":true,\"filter_position\":\"top\",\"filter_align\":\"left\",\"filter_grid_width\":\"auto\",\"filter_grid_breakpoint\":\"m\",\"title_hover_style\":\"reset\",\"title_element\":\"h3\",\"title_align\":\"top\",\"title_grid_width\":\"1-2\",\"title_grid_breakpoint\":\"m\",\"meta_style\":\"meta\",\"meta_align\":\"below-title\",\"meta_element\":\"div\",\"content_column_breakpoint\":\"m\",\"icon_width\":80,\"image_align\":\"top\",\"image_grid_width\":\"1-2\",\"image_grid_breakpoint\":\"m\",\"image_svg_color\":\"emphasis\",\"link_text\":\"\",\"link_style\":\"text\",\"margin\":\"default\",\"item_animation\":true,\"grid_column_align\":false,\"grid_row_align\":false,\"panel_link\":true,\"image_width\":\"30%\",\"image_transition\":\"scale-up\",\"class\":\"BUTTON-SHOP\",\"grid_masonry\":false,\"panel_style\":\"card-default\",\"position\":\"relative\",\"position_left\":\"0\",\"text_align\":\"center\",\"link_target\":true,\"panel_padding\":\"small\"},\"children\":[{\"type\":\"grid_item\",\"props\":{\"title\":\"ITALIANO\",\"image\":\"wp-content\\\/uploads\\\/2021\\\/05\\\/BANDIERA_ITALIA-1.png\",\"link\":\"https:\\\/\\\/cicaboom.com\\\/boomez-game-rules\\\/marvel-boomez-regolamento\\\/\"}}]}]},{\"type\":\"column\",\"props\":{\"image_position\":\"center-center\",\"media_overlay_gradient\":\"\",\"width_medium\":\"1-4\",\"width_small\":\"1-2\",\"width_default\":\"1-2\",\"position_sticky_breakpoint\":\"m\"},\"children\":[{\"type\":\"grid\",\"props\":{\"show_title\":true,\"show_meta\":true,\"show_content\":true,\"show_image\":true,\"show_link\":true,\"grid_default\":\"1\",\"grid_medium\":\"1\",\"filter_style\":\"tab\",\"filter_all\":true,\"filter_position\":\"top\",\"filter_align\":\"left\",\"filter_grid_width\":\"auto\",\"filter_grid_breakpoint\":\"m\",\"title_hover_style\":\"reset\",\"title_element\":\"h3\",\"title_align\":\"top\",\"title_grid_width\":\"1-2\",\"title_grid_breakpoint\":\"m\",\"meta_style\":\"meta\",\"meta_align\":\"below-title\",\"meta_element\":\"div\",\"content_column_breakpoint\":\"m\",\"icon_width\":80,\"image_align\":\"top\",\"image_grid_width\":\"1-2\",\"image_grid_breakpoint\":\"m\",\"image_svg_color\":\"emphasis\",\"link_text\":\"\",\"link_style\":\"text\",\"margin\":\"default\",\"item_animation\":true,\"grid_column_align\":false,\"grid_row_align\":false,\"panel_link\":true,\"image_width\":\"30%\",\"image_transition\":\"scale-up\",\"class\":\"BUTTON-SHOP\",\"grid_masonry\":false,\"panel_style\":\"card-default\",\"position\":\"relative\",\"position_left\":\"0\",\"text_align\":\"center\",\"link_target\":true,\"panel_padding\":\"small\"},\"children\":[{\"type\":\"grid_item\",\"props\":{\"title\":\"ENGLISH\",\"image\":\"wp-content\\\/uploads\\\/2021\\\/05\\\/BANDIERA_UK-02.png\",\"link\":\"https:\\\/\\\/cicaboom.com\\\/en\\\/boomez-game-rules-2\\\/marvel-boomez-regulation\\\/\"}}]}]},{\"type\":\"column\",\"props\":{\"image_position\":\"center-center\",\"media_overlay_gradient\":\"\",\"width_medium\":\"1-4\",\"width_small\":\"1-2\",\"width_default\":\"1-2\",\"position_sticky_breakpoint\":\"m\"},\"children\":[{\"type\":\"grid\",\"props\":{\"show_title\":true,\"show_meta\":true,\"show_content\":true,\"show_image\":true,\"show_link\":true,\"grid_default\":\"1\",\"grid_medium\":\"1\",\"filter_style\":\"tab\",\"filter_all\":true,\"filter_position\":\"top\",\"filter_align\":\"left\",\"filter_grid_width\":\"auto\",\"filter_grid_breakpoint\":\"m\",\"title_hover_style\":\"reset\",\"title_element\":\"h3\",\"title_align\":\"top\",\"title_grid_width\":\"1-2\",\"title_grid_breakpoint\":\"m\",\"meta_style\":\"meta\",\"meta_align\":\"below-title\",\"meta_element\":\"div\",\"content_column_breakpoint\":\"m\",\"icon_width\":80,\"image_align\":\"top\",\"image_grid_width\":\"1-2\",\"image_grid_breakpoint\":\"m\",\"image_svg_color\":\"emphasis\",\"link_text\":\"\",\"link_style\":\"text\",\"margin\":\"default\",\"item_animation\":true,\"grid_column_align\":false,\"grid_row_align\":false,\"panel_link\":true,\"image_width\":\"30%\",\"image_transition\":\"scale-up\",\"class\":\"BUTTON-SHOP\",\"grid_masonry\":false,\"panel_style\":\"card-default\",\"position\":\"relative\",\"position_left\":\"0\",\"text_align\":\"center\",\"link_target\":true,\"panel_padding\":\"small\"},\"children\":[{\"type\":\"grid_item\",\"props\":{\"title\":\"FRAN\\u00c7AIS\",\"image\":\"wp-content\\\/uploads\\\/2021\\\/05\\\/BANDIERA_FRANCIA.png\",\"link\":\"https:\\\/\\\/cicaboom.com\\\/fr\\\/boomez-game-rules\\\/marvel-boomez-reglement-de-jeu\\\/\"}}]}]},{\"type\":\"column\",\"props\":{\"image_position\":\"center-center\",\"media_overlay_gradient\":\"\",\"width_medium\":\"1-4\",\"width_small\":\"1-2\",\"width_default\":\"1-2\",\"position_sticky_breakpoint\":\"m\"},\"children\":[{\"type\":\"grid\",\"props\":{\"show_title\":true,\"show_meta\":true,\"show_content\":true,\"show_image\":true,\"show_link\":true,\"grid_default\":\"1\",\"grid_medium\":\"1\",\"filter_style\":\"tab\",\"filter_all\":true,\"filter_position\":\"top\",\"filter_align\":\"left\",\"filter_grid_width\":\"auto\",\"filter_grid_breakpoint\":\"m\",\"title_hover_style\":\"reset\",\"title_element\":\"h3\",\"title_align\":\"top\",\"title_grid_width\":\"1-2\",\"title_grid_breakpoint\":\"m\",\"meta_style\":\"meta\",\"meta_align\":\"below-title\",\"meta_element\":\"div\",\"content_column_breakpoint\":\"m\",\"icon_width\":80,\"image_align\":\"top\",\"image_grid_width\":\"1-2\",\"image_grid_breakpoint\":\"m\",\"image_svg_color\":\"emphasis\",\"link_text\":\"\",\"link_style\":\"text\",\"margin\":\"default\",\"item_animation\":true,\"grid_column_align\":false,\"grid_row_align\":false,\"panel_link\":true,\"image_width\":\"30%\",\"image_transition\":\"scale-up\",\"class\":\"BUTTON-SHOP\",\"grid_masonry\":false,\"panel_style\":\"card-default\",\"position\":\"relative\",\"position_left\":\"0\",\"text_align\":\"center\",\"link_target\":true,\"panel_padding\":\"small\"},\"children\":[{\"type\":\"grid_item\",\"props\":{\"title\":\"ESPA\\u00d1OL\",\"image\":\"wp-content\\\/uploads\\\/2021\\\/05\\\/BANDIERA_SPAGNA.png\",\"link\":\"https:\\\/\\\/cicaboom.com\\\/es\\\/boomez-game-rules\\\/marvel-boomez-regolamento\\\/\"}}]}]}],\"props\":{\"layout\":\"1-4,1-4,1-4,1-4|1-2,1-2,1-2,1-2\"}},{\"type\":\"row\",\"children\":[{\"type\":\"column\",\"props\":{\"image_position\":\"center-center\",\"media_overlay_gradient\":\"\",\"width_medium\":\"1-4\",\"width_small\":\"1-2\",\"width_default\":\"1-2\",\"position_sticky_breakpoint\":\"m\"},\"children\":[{\"type\":\"grid\",\"props\":{\"show_title\":true,\"show_meta\":true,\"show_content\":true,\"show_image\":true,\"show_link\":true,\"grid_default\":\"1\",\"grid_medium\":\"1\",\"filter_style\":\"tab\",\"filter_all\":true,\"filter_position\":\"top\",\"filter_align\":\"left\",\"filter_grid_width\":\"auto\",\"filter_grid_breakpoint\":\"m\",\"title_hover_style\":\"reset\",\"title_element\":\"h3\",\"title_align\":\"top\",\"title_grid_width\":\"1-2\",\"title_grid_breakpoint\":\"m\",\"meta_style\":\"meta\",\"meta_align\":\"below-title\",\"meta_element\":\"div\",\"content_column_breakpoint\":\"m\",\"icon_width\":80,\"image_align\":\"top\",\"image_grid_width\":\"1-2\",\"image_grid_breakpoint\":\"m\",\"image_svg_color\":\"emphasis\",\"link_text\":\"\",\"link_style\":\"text\",\"margin\":\"default\",\"item_animation\":true,\"grid_column_align\":false,\"grid_row_align\":false,\"panel_link\":true,\"image_width\":\"30%\",\"image_transition\":\"scale-up\",\"class\":\"BUTTON-SHOP\",\"grid_masonry\":false,\"panel_style\":\"card-default\",\"position\":\"relative\",\"position_left\":\"0\",\"text_align\":\"center\",\"link_target\":true,\"panel_padding\":\"small\"},\"children\":[{\"type\":\"grid_item\",\"props\":{\"title\":\"PORTUGU\\u00caS\",\"image\":\"wp-content\\\/uploads\\\/2021\\\/05\\\/BANDIERA_PORTOGALLO.png\",\"link\":\"wp-content\\\/uploads\\\/2021\\\/05\\\/REGOLAMENTO_PT.pdf\"}}]}]},{\"type\":\"column\",\"props\":{\"image_position\":\"center-center\",\"media_overlay_gradient\":\"\",\"width_medium\":\"1-4\",\"width_small\":\"1-2\",\"width_default\":\"1-2\",\"position_sticky_breakpoint\":\"m\"},\"children\":[{\"type\":\"grid\",\"props\":{\"show_title\":true,\"show_meta\":true,\"show_content\":true,\"show_image\":true,\"show_link\":true,\"grid_default\":\"1\",\"grid_medium\":\"1\",\"filter_style\":\"tab\",\"filter_all\":true,\"filter_position\":\"top\",\"filter_align\":\"left\",\"filter_grid_width\":\"auto\",\"filter_grid_breakpoint\":\"m\",\"title_hover_style\":\"reset\",\"title_element\":\"h3\",\"title_align\":\"top\",\"title_grid_width\":\"1-2\",\"title_grid_breakpoint\":\"m\",\"meta_style\":\"meta\",\"meta_align\":\"below-title\",\"meta_element\":\"div\",\"content_column_breakpoint\":\"m\",\"icon_width\":80,\"image_align\":\"top\",\"image_grid_width\":\"1-2\",\"image_grid_breakpoint\":\"m\",\"image_svg_color\":\"emphasis\",\"link_text\":\"\",\"link_style\":\"text\",\"margin\":\"default\",\"item_animation\":true,\"grid_column_align\":false,\"grid_row_align\":false,\"panel_link\":true,\"image_width\":\"30%\",\"image_transition\":\"scale-up\",\"class\":\"BUTTON-SHOP\",\"grid_masonry\":false,\"panel_style\":\"card-default\",\"position\":\"relative\",\"position_left\":\"0\",\"text_align\":\"center\",\"link_target\":true,\"panel_padding\":\"small\"},\"children\":[{\"type\":\"grid_item\",\"props\":{\"title\":\"DEUTSCH\",\"image\":\"wp-content\\\/uploads\\\/2021\\\/05\\\/BANDIERA_GERMANIA.png\",\"link\":\"wp-content\\\/uploads\\\/2021\\\/05\\\/REGOLAMENTO_DE.pdf\"}}]}]},{\"type\":\"column\",\"props\":{\"image_position\":\"center-center\",\"media_overlay_gradient\":\"\",\"width_medium\":\"1-4\",\"width_small\":\"1-2\",\"width_default\":\"1-2\",\"position_sticky_breakpoint\":\"m\"},\"children\":[{\"type\":\"grid\",\"props\":{\"show_title\":true,\"show_meta\":true,\"show_content\":true,\"show_image\":true,\"show_link\":true,\"grid_default\":\"1\",\"grid_medium\":\"1\",\"filter_style\":\"tab\",\"filter_all\":true,\"filter_position\":\"top\",\"filter_align\":\"left\",\"filter_grid_width\":\"auto\",\"filter_grid_breakpoint\":\"m\",\"title_hover_style\":\"reset\",\"title_element\":\"h3\",\"title_align\":\"top\",\"title_grid_width\":\"1-2\",\"title_grid_breakpoint\":\"m\",\"meta_style\":\"meta\",\"meta_align\":\"below-title\",\"meta_element\":\"div\",\"content_column_breakpoint\":\"m\",\"icon_width\":80,\"image_align\":\"top\",\"image_grid_width\":\"1-2\",\"image_grid_breakpoint\":\"m\",\"image_svg_color\":\"emphasis\",\"link_text\":\"\",\"link_style\":\"text\",\"margin\":\"default\",\"item_animation\":true,\"grid_column_align\":false,\"grid_row_align\":false,\"panel_link\":true,\"image_width\":\"30%\",\"image_transition\":\"scale-up\",\"class\":\"BUTTON-SHOP\",\"grid_masonry\":false,\"panel_style\":\"card-default\",\"position\":\"relative\",\"position_left\":\"0\",\"text_align\":\"center\",\"link_target\":true,\"panel_padding\":\"small\"},\"children\":[{\"type\":\"grid_item\",\"props\":{\"title\":\"POLSKI\",\"image\":\"wp-content\\\/uploads\\\/2021\\\/05\\\/BANDIERA_POLONIA.png\",\"link\":\"wp-content\\\/uploads\\\/2021\\\/05\\\/REGOLAMENTO_PL.pdf\"}}]}]},{\"type\":\"column\",\"props\":{\"image_position\":\"center-center\",\"media_overlay_gradient\":\"\",\"width_medium\":\"1-4\",\"width_small\":\"1-2\",\"width_default\":\"1-2\",\"position_sticky_breakpoint\":\"m\"},\"children\":[{\"type\":\"grid\",\"props\":{\"show_title\":true,\"show_meta\":true,\"show_content\":true,\"show_image\":true,\"show_link\":true,\"grid_default\":\"1\",\"grid_medium\":\"1\",\"filter_style\":\"tab\",\"filter_all\":true,\"filter_position\":\"top\",\"filter_align\":\"left\",\"filter_grid_width\":\"auto\",\"filter_grid_breakpoint\":\"m\",\"title_hover_style\":\"reset\",\"title_element\":\"h3\",\"title_align\":\"top\",\"title_grid_width\":\"1-2\",\"title_grid_breakpoint\":\"m\",\"meta_style\":\"meta\",\"meta_align\":\"below-title\",\"meta_element\":\"div\",\"content_column_breakpoint\":\"m\",\"icon_width\":80,\"image_align\":\"top\",\"image_grid_width\":\"1-2\",\"image_grid_breakpoint\":\"m\",\"image_svg_color\":\"emphasis\",\"link_text\":\"\",\"link_style\":\"text\",\"margin\":\"default\",\"item_animation\":true,\"grid_column_align\":false,\"grid_row_align\":false,\"panel_link\":true,\"image_width\":\"30%\",\"image_transition\":\"scale-up\",\"class\":\"BUTTON-SHOP\",\"grid_masonry\":false,\"panel_style\":\"card-default\",\"position\":\"relative\",\"position_left\":\"0\",\"text_align\":\"center\",\"link_target\":true,\"panel_padding\":\"small\"},\"children\":[{\"type\":\"grid_item\",\"props\":{\"title\":\"\\u0420\\u0423\\u0421\\u0421\\u041a\\u0418\\u0419\",\"image\":\"wp-content\\\/uploads\\\/2021\\\/05\\\/BANDIERA_RUSSIA.png\",\"link\":\"wp-content\\\/uploads\\\/2021\\\/05\\\/REGOLAMENTO_PL.pdf\"}}]}]}],\"props\":{\"layout\":\"1-4,1-4,1-4,1-4|1-2,1-2,1-2,1-2\"}},{\"type\":\"row\",\"children\":[{\"type\":\"column\",\"props\":{\"image_position\":\"center-center\",\"media_overlay_gradient\":\"\",\"position_sticky_breakpoint\":\"m\"},\"children\":[{\"type\":\"divider\",\"props\":{\"divider_element\":\"hr\"}}]}]}]}],\"version\":\"2.7.21\"} --><\/p>\n","protected":false},"excerpt":{"rendered":"<p>Boomez 3D card game rules Choose your language ITALIANO ENGLISH FRAN\u00c7AIS ESPA\u00d1OL PORTUGU\u00caS DEUTSCH POLSKI \u0420\u0423\u0421\u0421\u041a\u0418\u0419<\/p>\n","protected":false},"author":3,"featured_media":0,"parent":0,"menu_order":0,"comment_status":"closed","ping_status":"closed","template":"","meta":[],"acf":[],"yoast_head":"<!-- This site is optimized with the Yoast SEO plugin v18.5.1 - https:\/\/yoast.com\/wordpress\/plugins\/seo\/ -->\n<title>Boomez Game Rules - Cicaboom e i suoi brand Letrabots \u00a9 , Letranimal \u00a9, Kartbots \u00a9, Numberbots \u00a9<\/title>\n<meta name=\"robots\" content=\"index, follow, max-snippet:-1, max-image-preview:large, max-video-preview:-1\" \/>\n<link rel=\"canonical\" href=\"https:\/\/cicaboom.com\/es\/boomez-game-rules\/\" \/>\n<meta property=\"og:locale\" content=\"es_ES\" \/>\n<meta property=\"og:type\" content=\"article\" \/>\n<meta property=\"og:title\" content=\"Boomez Game Rules - Cicaboom e i suoi brand Letrabots \u00a9 , Letranimal \u00a9, Kartbots \u00a9, Numberbots \u00a9\" \/>\n<meta property=\"og:description\" content=\"Boomez 3D card game rules Choose your language ITALIANO ENGLISH FRAN\u00c7AIS ESPA\u00d1OL PORTUGU\u00caS DEUTSCH POLSKI \u0420\u0423\u0421\u0421\u041a\u0418\u0419\" \/>\n<meta property=\"og:url\" content=\"https:\/\/cicaboom.com\/es\/boomez-game-rules\/\" \/>\n<meta property=\"og:site_name\" content=\"Cicaboom e i suoi brand Letrabots \u00a9 , Letranimal \u00a9, Kartbots \u00a9, Numberbots \u00a9\" \/>\n<meta property=\"article:modified_time\" content=\"2024-05-23T09:46:28+00:00\" \/>\n<meta name=\"twitter:card\" content=\"summary_large_image\" \/>\n<script type=\"application\/ld+json\" class=\"yoast-schema-graph\">{\"@context\":\"https:\/\/schema.org\",\"@graph\":[{\"@type\":\"Organization\",\"@id\":\"https:\/\/cicaboom.com\/#organization\",\"name\":\"Cicaboom\",\"url\":\"https:\/\/cicaboom.com\/\",\"sameAs\":[],\"logo\":{\"@type\":\"ImageObject\",\"@id\":\"https:\/\/cicaboom.com\/#logo\",\"inLanguage\":\"es\",\"url\":\"https:\/\/cicaboom.com\/wp-content\/uploads\/2024\/12\/logo-cicaboom.svg\",\"contentUrl\":\"https:\/\/cicaboom.com\/wp-content\/uploads\/2024\/12\/logo-cicaboom.svg\",\"caption\":\"Cicaboom\"},\"image\":{\"@id\":\"https:\/\/cicaboom.com\/#logo\"}},{\"@type\":\"WebSite\",\"@id\":\"https:\/\/cicaboom.com\/#website\",\"url\":\"https:\/\/cicaboom.com\/\",\"name\":\"Cicaboom e i suoi brand Letrabots \u00a9 , Letranimal \u00a9, Kartbots \u00a9, Numberbots \u00a9\",\"description\":\"Cicaboom, editore italiano che con entusiasmo e creativit\u00e0 fa divertire i bambini con Letrabots \u00a9, Letranimal \u00a9, Kartbots \u00a9, Numberbots \u00a9 clicca e scoprili tutti.\",\"publisher\":{\"@id\":\"https:\/\/cicaboom.com\/#organization\"},\"potentialAction\":[{\"@type\":\"SearchAction\",\"target\":{\"@type\":\"EntryPoint\",\"urlTemplate\":\"https:\/\/cicaboom.com\/?s={search_term_string}\"},\"query-input\":\"required name=search_term_string\"}],\"inLanguage\":\"es\"},{\"@type\":\"WebPage\",\"@id\":\"https:\/\/cicaboom.com\/es\/boomez-game-rules\/#webpage\",\"url\":\"https:\/\/cicaboom.com\/es\/boomez-game-rules\/\",\"name\":\"Boomez Game Rules - Cicaboom e i suoi brand Letrabots \u00a9 , Letranimal \u00a9, Kartbots \u00a9, Numberbots \u00a9\",\"isPartOf\":{\"@id\":\"https:\/\/cicaboom.com\/#website\"},\"datePublished\":\"2022-03-09T10:25:37+00:00\",\"dateModified\":\"2024-05-23T09:46:28+00:00\",\"breadcrumb\":{\"@id\":\"https:\/\/cicaboom.com\/es\/boomez-game-rules\/#breadcrumb\"},\"inLanguage\":\"es\",\"potentialAction\":[{\"@type\":\"ReadAction\",\"target\":[\"https:\/\/cicaboom.com\/es\/boomez-game-rules\/\"]}]},{\"@type\":\"BreadcrumbList\",\"@id\":\"https:\/\/cicaboom.com\/es\/boomez-game-rules\/#breadcrumb\",\"itemListElement\":[{\"@type\":\"ListItem\",\"position\":1,\"name\":\"Home\",\"item\":\"https:\/\/cicaboom.com\/es\/\"},{\"@type\":\"ListItem\",\"position\":2,\"name\":\"Boomez Game Rules\"}]}]}<\/script>\n<!-- \/ Yoast SEO plugin. -->","yoast_head_json":{"title":"Boomez Game Rules - Cicaboom e i suoi brand Letrabots \u00a9 , Letranimal \u00a9, Kartbots \u00a9, Numberbots \u00a9","robots":{"index":"index","follow":"follow","max-snippet":"max-snippet:-1","max-image-preview":"max-image-preview:large","max-video-preview":"max-video-preview:-1"},"canonical":"https:\/\/cicaboom.com\/es\/boomez-game-rules\/","og_locale":"es_ES","og_type":"article","og_title":"Boomez Game Rules - Cicaboom e i suoi brand Letrabots \u00a9 , Letranimal \u00a9, Kartbots \u00a9, Numberbots \u00a9","og_description":"Boomez 3D card game rules Choose your language ITALIANO ENGLISH FRAN\u00c7AIS ESPA\u00d1OL PORTUGU\u00caS DEUTSCH POLSKI \u0420\u0423\u0421\u0421\u041a\u0418\u0419","og_url":"https:\/\/cicaboom.com\/es\/boomez-game-rules\/","og_site_name":"Cicaboom e i suoi brand Letrabots \u00a9 , Letranimal \u00a9, Kartbots \u00a9, Numberbots \u00a9","article_modified_time":"2024-05-23T09:46:28+00:00","twitter_card":"summary_large_image","schema":{"@context":"https:\/\/schema.org","@graph":[{"@type":"Organization","@id":"https:\/\/cicaboom.com\/#organization","name":"Cicaboom","url":"https:\/\/cicaboom.com\/","sameAs":[],"logo":{"@type":"ImageObject","@id":"https:\/\/cicaboom.com\/#logo","inLanguage":"es","url":"https:\/\/cicaboom.com\/wp-content\/uploads\/2024\/12\/logo-cicaboom.svg","contentUrl":"https:\/\/cicaboom.com\/wp-content\/uploads\/2024\/12\/logo-cicaboom.svg","caption":"Cicaboom"},"image":{"@id":"https:\/\/cicaboom.com\/#logo"}},{"@type":"WebSite","@id":"https:\/\/cicaboom.com\/#website","url":"https:\/\/cicaboom.com\/","name":"Cicaboom e i suoi brand Letrabots \u00a9 , Letranimal \u00a9, Kartbots \u00a9, Numberbots \u00a9","description":"Cicaboom, editore italiano che con entusiasmo e creativit\u00e0 fa divertire i bambini con Letrabots \u00a9, Letranimal \u00a9, Kartbots \u00a9, Numberbots \u00a9 clicca e scoprili tutti.","publisher":{"@id":"https:\/\/cicaboom.com\/#organization"},"potentialAction":[{"@type":"SearchAction","target":{"@type":"EntryPoint","urlTemplate":"https:\/\/cicaboom.com\/?s={search_term_string}"},"query-input":"required name=search_term_string"}],"inLanguage":"es"},{"@type":"WebPage","@id":"https:\/\/cicaboom.com\/es\/boomez-game-rules\/#webpage","url":"https:\/\/cicaboom.com\/es\/boomez-game-rules\/","name":"Boomez Game Rules - Cicaboom e i suoi brand Letrabots \u00a9 , Letranimal \u00a9, Kartbots \u00a9, Numberbots \u00a9","isPartOf":{"@id":"https:\/\/cicaboom.com\/#website"},"datePublished":"2022-03-09T10:25:37+00:00","dateModified":"2024-05-23T09:46:28+00:00","breadcrumb":{"@id":"https:\/\/cicaboom.com\/es\/boomez-game-rules\/#breadcrumb"},"inLanguage":"es","potentialAction":[{"@type":"ReadAction","target":["https:\/\/cicaboom.com\/es\/boomez-game-rules\/"]}]},{"@type":"BreadcrumbList","@id":"https:\/\/cicaboom.com\/es\/boomez-game-rules\/#breadcrumb","itemListElement":[{"@type":"ListItem","position":1,"name":"Home","item":"https:\/\/cicaboom.com\/es\/"},{"@type":"ListItem","position":2,"name":"Boomez Game Rules"}]}]}},"_links":{"self":[{"href":"https:\/\/cicaboom.com\/es\/wp-json\/wp\/v2\/pages\/22231"}],"collection":[{"href":"https:\/\/cicaboom.com\/es\/wp-json\/wp\/v2\/pages"}],"about":[{"href":"https:\/\/cicaboom.com\/es\/wp-json\/wp\/v2\/types\/page"}],"author":[{"embeddable":true,"href":"https:\/\/cicaboom.com\/es\/wp-json\/wp\/v2\/users\/3"}],"replies":[{"embeddable":true,"href":"https:\/\/cicaboom.com\/es\/wp-json\/wp\/v2\/comments?post=22231"}],"version-history":[{"count":3,"href":"https:\/\/cicaboom.com\/es\/wp-json\/wp\/v2\/pages\/22231\/revisions"}],"predecessor-version":[{"id":32652,"href":"https:\/\/cicaboom.com\/es\/wp-json\/wp\/v2\/pages\/22231\/revisions\/32652"}],"wp:attachment":[{"href":"https:\/\/cicaboom.com\/es\/wp-json\/wp\/v2\/media?parent=22231"}],"curies":[{"name":"wp","href":"https:\/\/api.w.org\/{rel}","templated":true}]}}