{"id":32801,"date":"2024-05-27T10:36:29","date_gmt":"2024-05-27T08:36:29","guid":{"rendered":"https:\/\/cicaboom.com\/?page_id=32801"},"modified":"2024-05-27T10:45:47","modified_gmt":"2024-05-27T08:45:47","slug":"rueda-de-la-fortuna","status":"publish","type":"page","link":"https:\/\/cicaboom.com\/es\/rueda-de-la-fortuna\/","title":{"rendered":"Rueda de la Fortuna"},"content":{"rendered":"<h1>Cicaboom te da <span class=\"uk-heading-large\">SUERTE!<\/span><\/h1>\n<p><img src=\"\/wp-content\/uploads\/2024\/05\/img-ruota-ES.png\" alt=\"Ruota della fortuna Cicaboom\"><\/p>\n<div>\n<p>\u00a1Con la <strong>Rueda de la Fortuna<\/strong> de <strong>Cicaboom<\/strong> ganas fant\u00e1sticos premios cada d\u00eda!<\/p>\n<p>Reg\u00edstrate en el sitio y gira la Rueda hasta <strong>3 veces al d\u00eda<\/strong>.<\/p>\n<\/div>\n<ul>\n<li>\n<h3>\u00a1Cicaboom premia a los clientes leales!<\/h3>\n<div>\n<p>Cuanto m\u00e1s compras, m\u00e1s ganas, y por cada <strong>10 \u20ac<\/strong> gastados en el sitio, obtienes <strong>1 giro EXTRA de la Rueda<\/strong> para sumar a tus intentos diarios.<\/p>\n<\/div>\n<\/li>\n<li>\n<h3>\u00a1SIEMPRE GANAS!<\/h3>\n<div>\u00a1En cada giro de la Rueda SIEMPRE GANAS algo!<\/div>\n<\/li>\n<li>\n<h3>\u00a1PREMIOS IMPERDIBLES!<\/h3>\n<div>\n<p>Vales de <strong>descuento de hasta el 50%<\/strong>, gastos de <strong>env\u00edo gratis<\/strong>, <strong>CicaCoin<\/strong> para acumular y Vales Especiales para obtener <strong>productos gratis<\/strong>.<\/p>\n<\/div>\n<\/li>\n<\/ul>\n<h2>CicaCoin, Vales de Descuento y Vales Especiales<\/h2>\n<div>\n<p>Con cada giro de la Rueda, <strong>SIEMPRE GANAS<\/strong> y entre los muchos premios, puedes ganar valiosos <strong>Vales de Descuento<\/strong>, <strong>CicaCoin<\/strong> para gastar en el sitio y <strong>Vales Especiales para obtener productos gratis<\/strong>!<\/p>\n<\/div>\n<ul>\n<li>\n<p>        <img src=\"\/wp-content\/uploads\/2024\/03\/Icona-cicacoins.png\" alt=\"\"><\/p>\n<div>\n<p>\u00a1Las <strong>CicaCoin<\/strong> son las monedas de Cicaboom para convertir en dinero real para gastar en el sitio!<\/p>\n<\/div>\n<\/li>\n<li>\n<p>        <img src=\"\/wp-content\/uploads\/2024\/03\/icona-coupon.png\" alt=\"\"><\/p>\n<div>\n<p>Los <strong>Vales de Descuento<\/strong> pueden valer entre el 10% y el 50% del valor de tu carrito.<\/p>\n<\/div>\n<\/li>\n<li>\n<p>        <img src=\"\/wp-content\/uploads\/2024\/03\/icona-coupon-cicacoins.png\" alt=\"\"><\/p>\n<div>\n<p>\u00a1Los <strong>Vales Especiales<\/strong> te permiten usar tus CicaCoin junto con los Vales de Descuento para obtener productos gratis!<\/p>\n<\/div>\n<\/li>\n<\/ul>\n<p><img src=\"\/wp-content\/uploads\/2024\/04\/cica-coins_03.png\" alt=\"\"><br \/>\n<img src=\"\/wp-content\/uploads\/2024\/03\/fidelity-card.png\" alt=\"\"><\/p>\n<h2>\u00a1Y eso no es todo!<\/h2>\n<h3>\u00a1Con el <span style=\"color: #f7d75b;\">Programa de Fidelidad<\/span>, Cicaboom te regala <span style=\"color: #f7d75b;\">10 CicaCoin<\/span> por cada <span style=\"color: #f7d75b;\">\u20ac gastado<\/span> en el sitio!<\/h3>\n<div>\n<p>\u00a1Solo necesitas estar registrado en nuestra tienda para comenzar a acumular <strong>CicaCoin<\/strong> en tu <strong style=\"color: #f7d75b;\">Money Box<\/strong>.<\/p>\n<p><strong>\u00a1Empieza a ganar de inmediato!<\/strong><\/p>\n<\/div>\n<p>\n    <a href=\"https:\/\/shop.cicaboom.com\/es\/es\/iniciar-sesion?back=my-account\">\u00a1REG\u00cdSTRATE Y GIRA LA RUEDA!<\/a>\n<\/p>\n<p><!--more--><br \/>\n<!-- {\"name\":\"2024 - Layout - Ruota della fortuna ITA\",\"type\":\"layout\",\"children\":[{\"type\":\"section\",\"props\":{\"style\":\"default\",\"width\":\"default\",\"vertical_align\":\"middle\",\"title_position\":\"top-left\",\"title_rotation\":\"left\",\"title_breakpoint\":\"xl\",\"image_position\":\"bottom-center\",\"image\":\"wp-content\\\/uploads\\\/2024\\\/03\\\/clouds-bg.png\",\"media_background\":\"#528ECB\",\"image_size\":\"cover\",\"class\":\"landing-hero\"},\"children\":[{\"type\":\"row\",\"props\":{\"layout\":\"1-2,1-2\"},\"children\":[{\"type\":\"column\",\"props\":{\"position_sticky_breakpoint\":\"m\",\"image_position\":\"center-center\",\"media_overlay_gradient\":\"\",\"width_medium\":\"1-2\",\"vertical_align\":\"middle\"},\"children\":[{\"type\":\"headline\",\"props\":{\"title_element\":\"h1\",\"content\":\"Cicaboom te da <span class=\\\"uk-heading-large\\\">SUERTE!<\\\/span>\",\"title_style\":\"heading-medium\",\"css\":\".el-element {\\ntext-shadow: -2px -2px 0 #fff, -2px 1px 0 #fff, 2px -2px 0 #fff, 2px 2px 0 #fff;\\n}\",\"text_align\":\"left\",\"text_align_breakpoint\":\"s\",\"text_align_fallback\":\"center\"}}]},{\"type\":\"column\",\"props\":{\"position_sticky_breakpoint\":\"m\",\"image_position\":\"center-center\",\"media_overlay_gradient\":\"\",\"width_medium\":\"1-2\",\"order_first\":\"m\",\"vertical_align\":\"middle\"},\"children\":[{\"type\":\"image\",\"props\":{\"margin\":\"default\",\"image_svg_color\":\"emphasis\",\"image\":\"wp-content\\\/uploads\\\/2024\\\/05\\\/img-ruota-ES.png\",\"image_alt\":\"Ruota della fortuna Cicaboom\",\"animation\":\"parallax\",\"parallax_rotate_start\":\"-30\",\"parallax_rotate_end\":\"180\"}}]}]}]},{\"type\":\"section\",\"props\":{\"style\":\"default\",\"width\":\"default\",\"vertical_align\":\"middle\",\"title_position\":\"top-left\",\"title_rotation\":\"left\",\"title_breakpoint\":\"xl\",\"image_position\":\"center-center\",\"padding_remove_top\":false,\"padding\":\"none\"},\"children\":[{\"type\":\"row\",\"children\":[{\"type\":\"column\",\"props\":{\"position_sticky_breakpoint\":\"m\",\"image_position\":\"center-center\",\"media_overlay_gradient\":\"\"},\"children\":[{\"type\":\"text\",\"props\":{\"margin\":\"large\",\"column_breakpoint\":\"m\",\"content\":\"\n\n<p>\\u00a1Con la <strong>Rueda de la Fortuna<\\\/strong> de <strong>Cicaboom<\\\/strong> ganas fant\\u00e1sticos premios cada d\\u00eda!<\\\/p>\\n\n\n<p>Reg\\u00edstrate en el sitio y gira la Rueda hasta <strong>3 veces al d\\u00eda<\\\/strong>.<\\\/p>\",\"text_align\":\"center\",\"maxwidth\":\"2xlarge\",\"block_align\":\"center\",\"css\":\".el-element {font-weight:600;}\"}},{\"type\":\"accordion\",\"props\":{\"show_image\":true,\"show_link\":true,\"collapsible\":true,\"content_column_breakpoint\":\"m\",\"image_svg_color\":\"emphasis\",\"image_align\":\"top\",\"image_grid_width\":\"1-2\",\"image_grid_breakpoint\":\"m\",\"link_text\":\"Read more\",\"link_style\":\"default\",\"css\":\".el-content {font-weight:600;}\\na.el-title.uk-accordion-title {\\n    color: #1155cb !important;\\n    font-size: 25px;\\n    position: relative;\\n    max-width: calc(100% - 20px);\\n}\\na.el-title.uk-accordion-title:hover {\\n    color: #f26522 !important;\\n}\\n.uk-accordion-title::before {\\n    background-color: #1155cb;\\n    border-radius: 50%;\\n    position: absolute;\\n    right: 0;\\n    top: 50%;\\n    transform: translateY(-50%);\\n    display: inline-block;\\n}\",\"margin\":\"medium\",\"block_align\":\"center\",\"maxwidth\":\"2xlarge\"},\"children\":[{\"type\":\"accordion_item\",\"props\":{\"title\":\"\\u00a1Cicaboom premia a los clientes leales!\",\"content\":\"\n\n<p>Cuanto m\\u00e1s compras, m\\u00e1s ganas, y por cada <strong>10 \\u20ac<\\\/strong> gastados en el sitio, obtienes <strong>1 giro EXTRA de la Rueda<\\\/strong> para sumar a tus intentos diarios.<\\\/p>\"}},{\"type\":\"accordion_item\",\"props\":{\"title\":\"\\u00a1SIEMPRE GANAS!\",\"content\":\"\\u00a1En cada giro de la Rueda SIEMPRE GANAS algo!\"}},{\"type\":\"accordion_item\",\"props\":{\"title\":\"\\u00a1PREMIOS IMPERDIBLES!\",\"content\":\"\n\n<p>Vales de <strong>descuento de hasta el 50%<\\\/strong>, gastos de <strong>env\\u00edo gratis<\\\/strong>, <strong>CicaCoin<\\\/strong> para acumular y Vales Especiales para obtener <strong>productos gratis<\\\/strong>.<\\\/p>\"}}]}]}]}]},{\"type\":\"section\",\"props\":{\"style\":\"default\",\"width\":\"default\",\"vertical_align\":\"middle\",\"title_position\":\"top-left\",\"title_rotation\":\"left\",\"title_breakpoint\":\"xl\",\"image_position\":\"center-center\",\"padding_remove_top\":false},\"children\":[{\"type\":\"row\",\"children\":[{\"type\":\"column\",\"props\":{\"position_sticky_breakpoint\":\"m\",\"image_position\":\"center-center\",\"media_overlay_gradient\":\"\"},\"children\":[{\"type\":\"headline\",\"props\":{\"title_element\":\"h2\",\"content\":\"CicaCoin, Vales de Descuento y Vales Especiales\",\"title_style\":\"h1\",\"title_color\":\"secondary\",\"text_align\":\"center\"}},{\"type\":\"text\",\"props\":{\"margin\":\"large\",\"column_breakpoint\":\"m\",\"content\":\"\n\n<p>Con cada giro de la Rueda, <strong>SIEMPRE GANAS<\\\/strong> y entre los muchos premios, puedes ganar valiosos <strong>Vales de Descuento<\\\/strong>, <strong>CicaCoin<\\\/strong> para gastar en el sitio y <strong>Vales Especiales para obtener productos gratis<\\\/strong>!<\\\/p>\",\"text_align\":\"center\",\"maxwidth\":\"2xlarge\",\"block_align\":\"center\",\"margin_remove_top\":true,\"css\":\".el-element {font-weight:600;}\"}},{\"type\":\"grid\",\"props\":{\"show_title\":true,\"show_meta\":true,\"show_content\":true,\"show_image\":true,\"show_link\":true,\"grid_default\":\"1\",\"grid_medium\":\"3\",\"filter_style\":\"tab\",\"filter_all\":true,\"filter_position\":\"top\",\"filter_align\":\"left\",\"filter_grid_width\":\"auto\",\"filter_grid_breakpoint\":\"m\",\"title_hover_style\":\"reset\",\"title_element\":\"h3\",\"title_align\":\"top\",\"title_grid_width\":\"1-2\",\"title_grid_breakpoint\":\"m\",\"meta_style\":\"meta\",\"meta_align\":\"below-title\",\"meta_element\":\"div\",\"content_column_breakpoint\":\"m\",\"icon_width\":80,\"image_align\":\"top\",\"image_grid_width\":\"1-2\",\"image_grid_breakpoint\":\"m\",\"image_svg_color\":\"emphasis\",\"link_text\":\"Read more\",\"link_style\":\"default\",\"margin\":\"default\",\"item_animation\":true,\"image_width\":\"200\",\"grid_small\":\"2\",\"panel_style\":\"card-primary\",\"panel_padding\":\"small\",\"panel_image_no_padding\":false,\"title_style\":\"h4\",\"text_align\":\"center\",\"grid_column_align\":true,\"css\":\".el-content {color:#fff; font-weight:600;}\"},\"children\":[{\"type\":\"grid_item\",\"props\":{\"title\":\"\",\"image\":\"wp-content\\\/uploads\\\/2024\\\/03\\\/Icona-cicacoins.png\",\"content\":\"\n\n<p>\\u00a1Las <strong>CicaCoin<\\\/strong> son las monedas de Cicaboom para convertir en dinero real para gastar en el sitio!<\\\/p>\"}},{\"type\":\"grid_item\",\"props\":{\"image\":\"wp-content\\\/uploads\\\/2024\\\/03\\\/icona-coupon.png\",\"content\":\"\n\n<p>Los <strong>Vales de Descuento<\\\/strong> pueden valer entre el 10% y el 50% del valor de tu carrito.<\\\/p>\",\"title\":\"\"}},{\"type\":\"grid_item\",\"props\":{\"title\":\"\",\"image\":\"wp-content\\\/uploads\\\/2024\\\/03\\\/icona-coupon-cicacoins.png\",\"content\":\"\n\n<p>\\u00a1Los <strong>Vales Especiales<\\\/strong> te permiten usar tus CicaCoin junto con los Vales de Descuento para obtener productos gratis!<\\\/p>\"}}]}]}]}]},{\"type\":\"section\",\"props\":{\"style\":\"primary\",\"width\":\"default\",\"vertical_align\":\"middle\",\"title_position\":\"top-left\",\"title_rotation\":\"left\",\"title_breakpoint\":\"xl\",\"image_position\":\"center-center\",\"padding\":\"large\",\"css\":\".el-section {\\n    background-image: radial-gradient(circle at 50% 100%, #9ec9ed, #8fbee7, #81b3e1, #73a8da, #659dd4, #5892cd, #4c86c5, #407bbe, #336cb4, #285eaa, #1e4f9f, #164194);\\n}\"},\"children\":[{\"type\":\"row\",\"props\":{\"layout\":\"1-3,2-3\"},\"children\":[{\"type\":\"column\",\"props\":{\"position_sticky_breakpoint\":\"m\",\"image_position\":\"center-center\",\"media_overlay_gradient\":\"\",\"width_medium\":\"1-3\",\"vertical_align\":\"middle\"},\"children\":[{\"type\":\"image\",\"props\":{\"margin\":\"default\",\"image_svg_color\":\"emphasis\",\"image\":\"wp-content\\\/uploads\\\/2024\\\/04\\\/cica-coins_03.png\",\"image_width\":\"400\",\"text_align\":\"center\",\"animation\":\"parallax\",\"parallax_y_end\":\"100\",\"position_top\":\"-40\"}},{\"type\":\"image\",\"props\":{\"margin\":\"default\",\"image_svg_color\":\"emphasis\",\"image\":\"wp-content\\\/uploads\\\/2024\\\/03\\\/fidelity-card.png\",\"image_width\":\"400\",\"text_align\":\"center\"}}]},{\"type\":\"column\",\"props\":{\"position_sticky_breakpoint\":\"m\",\"image_position\":\"center-center\",\"media_overlay_gradient\":\"\",\"width_medium\":\"2-3\",\"order_first\":\"m\",\"vertical_align\":\"middle\"},\"children\":[{\"type\":\"headline\",\"props\":{\"title_element\":\"h2\",\"content\":\"\\u00a1Y eso no es todo!\",\"text_align\":\"left\",\"text_align_breakpoint\":\"m\",\"text_align_fallback\":\"center\",\"margin_remove_bottom\":true}},{\"type\":\"headline\",\"props\":{\"title_element\":\"h3\",\"content\":\"\\u00a1Con el <span style=\\\"color: #f7d75b;\\\">Programa de Fidelidad<\\\/span>, Cicaboom te regala <span style=\\\"color: #f7d75b;\\\">10 CicaCoin<\\\/span> por cada <span style=\\\"color: #f7d75b;\\\">\\u20ac gastado<\\\/span> en el sitio!\",\"text_align\":\"left\",\"text_align_breakpoint\":\"m\",\"text_align_fallback\":\"center\"}},{\"type\":\"text\",\"props\":{\"margin\":\"default\",\"column_breakpoint\":\"m\",\"content\":\"\n\n<p>\\u00a1Solo necesitas estar registrado en nuestra tienda para comenzar a acumular <strong>CicaCoin<\\\/strong> en tu <strong style=\\\"color: #f7d75b;\\\">Money Box<\\\/strong>.<\\\/p>\\n\n\n<p><strong>\\u00a1Empieza a ganar de inmediato!<\\\/strong><\\\/p>\",\"css\":\".el-element {font-weight:600;}\",\"text_color\":\"primary\",\"text_align\":\"left\",\"text_align_breakpoint\":\"m\",\"text_align_fallback\":\"center\"}},{\"type\":\"button\",\"props\":{\"grid_column_gap\":\"small\",\"grid_row_gap\":\"small\",\"margin\":\"medium\",\"button_size\":\"large\",\"text_align\":\"left\",\"text_align_breakpoint\":\"m\",\"text_align_fallback\":\"center\"},\"children\":[{\"type\":\"button_item\",\"props\":{\"button_style\":\"secondary\",\"icon_align\":\"left\",\"content\":\"\\u00a1REG\\u00cdSTRATE Y GIRA LA RUEDA!\",\"link\":\"https:\\\/\\\/shop.cicaboom.com\\\/es\\\/es\\\/iniciar-sesion?back=my-account\",\"link_target\":\"blank\"}}]}]}]}]}],\"version\":\"2.7.21\"} --><\/p>\n","protected":false},"excerpt":{"rendered":"<p>Cicaboom te da SUERTE! \u00a1Con la Rueda de la Fortuna de Cicaboom ganas fant\u00e1sticos premios cada d\u00eda! Reg\u00edstrate en el sitio y gira la Rueda hasta 3 veces al d\u00eda. \u00a1Cicaboom premia a los clientes leales! Cuanto m\u00e1s compras, m\u00e1s ganas, y por cada 10 \u20ac gastados en el sitio, obtienes 1 giro EXTRA de [&hellip;]<\/p>\n","protected":false},"author":2,"featured_media":0,"parent":0,"menu_order":0,"comment_status":"closed","ping_status":"closed","template":"","meta":[],"acf":[],"yoast_head":"<!-- This site is optimized with the Yoast SEO plugin v18.5.1 - https:\/\/yoast.com\/wordpress\/plugins\/seo\/ -->\n<title>Rueda de la Fortuna - Cicaboom e i suoi brand Letrabots \u00a9 , Letranimal \u00a9, Kartbots \u00a9, Numberbots \u00a9<\/title>\n<meta name=\"robots\" content=\"noindex, nofollow\" \/>\n<meta property=\"og:locale\" content=\"es_ES\" \/>\n<meta property=\"og:type\" content=\"article\" \/>\n<meta property=\"og:title\" content=\"Rueda de la Fortuna - Cicaboom e i suoi brand Letrabots \u00a9 , Letranimal \u00a9, Kartbots \u00a9, Numberbots \u00a9\" \/>\n<meta property=\"og:description\" content=\"Cicaboom te da SUERTE! \u00a1Con la Rueda de la Fortuna de Cicaboom ganas fant\u00e1sticos premios cada d\u00eda! Reg\u00edstrate en el sitio y gira la Rueda hasta 3 veces al d\u00eda. \u00a1Cicaboom premia a los clientes leales! Cuanto m\u00e1s compras, m\u00e1s ganas, y por cada 10 \u20ac gastados en el sitio, obtienes 1 giro EXTRA de [&hellip;]\" \/>\n<meta property=\"og:url\" content=\"https:\/\/cicaboom.com\/es\/rueda-de-la-fortuna\/\" \/>\n<meta property=\"og:site_name\" content=\"Cicaboom e i suoi brand Letrabots \u00a9 , Letranimal \u00a9, Kartbots \u00a9, Numberbots \u00a9\" \/>\n<meta property=\"article:modified_time\" content=\"2024-05-27T08:45:47+00:00\" \/>\n<meta name=\"twitter:card\" content=\"summary_large_image\" \/>\n<meta name=\"twitter:label1\" content=\"Tiempo de lectura\" \/>\n\t<meta name=\"twitter:data1\" content=\"1 minuto\" \/>\n<script type=\"application\/ld+json\" class=\"yoast-schema-graph\">{\"@context\":\"https:\/\/schema.org\",\"@graph\":[{\"@type\":\"Organization\",\"@id\":\"https:\/\/cicaboom.com\/#organization\",\"name\":\"Cicaboom\",\"url\":\"https:\/\/cicaboom.com\/\",\"sameAs\":[],\"logo\":{\"@type\":\"ImageObject\",\"@id\":\"https:\/\/cicaboom.com\/#logo\",\"inLanguage\":\"es\",\"url\":\"https:\/\/cicaboom.com\/wp-content\/uploads\/2024\/12\/logo-cicaboom.svg\",\"contentUrl\":\"https:\/\/cicaboom.com\/wp-content\/uploads\/2024\/12\/logo-cicaboom.svg\",\"caption\":\"Cicaboom\"},\"image\":{\"@id\":\"https:\/\/cicaboom.com\/#logo\"}},{\"@type\":\"WebSite\",\"@id\":\"https:\/\/cicaboom.com\/#website\",\"url\":\"https:\/\/cicaboom.com\/\",\"name\":\"Cicaboom e i suoi brand Letrabots \u00a9 , Letranimal \u00a9, Kartbots \u00a9, Numberbots \u00a9\",\"description\":\"Cicaboom, editore italiano che con entusiasmo e creativit\u00e0 fa divertire i bambini con Letrabots \u00a9, Letranimal \u00a9, Kartbots \u00a9, Numberbots \u00a9 clicca e scoprili tutti.\",\"publisher\":{\"@id\":\"https:\/\/cicaboom.com\/#organization\"},\"potentialAction\":[{\"@type\":\"SearchAction\",\"target\":{\"@type\":\"EntryPoint\",\"urlTemplate\":\"https:\/\/cicaboom.com\/?s={search_term_string}\"},\"query-input\":\"required name=search_term_string\"}],\"inLanguage\":\"es\"},{\"@type\":\"WebPage\",\"@id\":\"https:\/\/cicaboom.com\/es\/rueda-de-la-fortuna\/#webpage\",\"url\":\"https:\/\/cicaboom.com\/es\/rueda-de-la-fortuna\/\",\"name\":\"Rueda de la Fortuna - Cicaboom e i suoi brand Letrabots \u00a9 , Letranimal \u00a9, Kartbots \u00a9, Numberbots \u00a9\",\"isPartOf\":{\"@id\":\"https:\/\/cicaboom.com\/#website\"},\"datePublished\":\"2024-05-27T08:36:29+00:00\",\"dateModified\":\"2024-05-27T08:45:47+00:00\",\"breadcrumb\":{\"@id\":\"https:\/\/cicaboom.com\/es\/rueda-de-la-fortuna\/#breadcrumb\"},\"inLanguage\":\"es\",\"potentialAction\":[{\"@type\":\"ReadAction\",\"target\":[\"https:\/\/cicaboom.com\/es\/rueda-de-la-fortuna\/\"]}]},{\"@type\":\"BreadcrumbList\",\"@id\":\"https:\/\/cicaboom.com\/es\/rueda-de-la-fortuna\/#breadcrumb\",\"itemListElement\":[{\"@type\":\"ListItem\",\"position\":1,\"name\":\"Home\",\"item\":\"https:\/\/cicaboom.com\/es\/\"},{\"@type\":\"ListItem\",\"position\":2,\"name\":\"Rueda de la Fortuna\"}]}]}<\/script>\n<!-- \/ Yoast SEO plugin. -->","yoast_head_json":{"title":"Rueda de la Fortuna - Cicaboom e i suoi brand Letrabots \u00a9 , Letranimal \u00a9, Kartbots \u00a9, Numberbots \u00a9","robots":{"index":"noindex","follow":"nofollow"},"og_locale":"es_ES","og_type":"article","og_title":"Rueda de la Fortuna - Cicaboom e i suoi brand Letrabots \u00a9 , Letranimal \u00a9, Kartbots \u00a9, Numberbots \u00a9","og_description":"Cicaboom te da SUERTE! \u00a1Con la Rueda de la Fortuna de Cicaboom ganas fant\u00e1sticos premios cada d\u00eda! Reg\u00edstrate en el sitio y gira la Rueda hasta 3 veces al d\u00eda. \u00a1Cicaboom premia a los clientes leales! Cuanto m\u00e1s compras, m\u00e1s ganas, y por cada 10 \u20ac gastados en el sitio, obtienes 1 giro EXTRA de [&hellip;]","og_url":"https:\/\/cicaboom.com\/es\/rueda-de-la-fortuna\/","og_site_name":"Cicaboom e i suoi brand Letrabots \u00a9 , Letranimal \u00a9, Kartbots \u00a9, Numberbots \u00a9","article_modified_time":"2024-05-27T08:45:47+00:00","twitter_card":"summary_large_image","twitter_misc":{"Tiempo de lectura":"1 minuto"},"schema":{"@context":"https:\/\/schema.org","@graph":[{"@type":"Organization","@id":"https:\/\/cicaboom.com\/#organization","name":"Cicaboom","url":"https:\/\/cicaboom.com\/","sameAs":[],"logo":{"@type":"ImageObject","@id":"https:\/\/cicaboom.com\/#logo","inLanguage":"es","url":"https:\/\/cicaboom.com\/wp-content\/uploads\/2024\/12\/logo-cicaboom.svg","contentUrl":"https:\/\/cicaboom.com\/wp-content\/uploads\/2024\/12\/logo-cicaboom.svg","caption":"Cicaboom"},"image":{"@id":"https:\/\/cicaboom.com\/#logo"}},{"@type":"WebSite","@id":"https:\/\/cicaboom.com\/#website","url":"https:\/\/cicaboom.com\/","name":"Cicaboom e i suoi brand Letrabots \u00a9 , Letranimal \u00a9, Kartbots \u00a9, Numberbots \u00a9","description":"Cicaboom, editore italiano che con entusiasmo e creativit\u00e0 fa divertire i bambini con Letrabots \u00a9, Letranimal \u00a9, Kartbots \u00a9, Numberbots \u00a9 clicca e scoprili tutti.","publisher":{"@id":"https:\/\/cicaboom.com\/#organization"},"potentialAction":[{"@type":"SearchAction","target":{"@type":"EntryPoint","urlTemplate":"https:\/\/cicaboom.com\/?s={search_term_string}"},"query-input":"required name=search_term_string"}],"inLanguage":"es"},{"@type":"WebPage","@id":"https:\/\/cicaboom.com\/es\/rueda-de-la-fortuna\/#webpage","url":"https:\/\/cicaboom.com\/es\/rueda-de-la-fortuna\/","name":"Rueda de la Fortuna - Cicaboom e i suoi brand Letrabots \u00a9 , Letranimal \u00a9, Kartbots \u00a9, Numberbots \u00a9","isPartOf":{"@id":"https:\/\/cicaboom.com\/#website"},"datePublished":"2024-05-27T08:36:29+00:00","dateModified":"2024-05-27T08:45:47+00:00","breadcrumb":{"@id":"https:\/\/cicaboom.com\/es\/rueda-de-la-fortuna\/#breadcrumb"},"inLanguage":"es","potentialAction":[{"@type":"ReadAction","target":["https:\/\/cicaboom.com\/es\/rueda-de-la-fortuna\/"]}]},{"@type":"BreadcrumbList","@id":"https:\/\/cicaboom.com\/es\/rueda-de-la-fortuna\/#breadcrumb","itemListElement":[{"@type":"ListItem","position":1,"name":"Home","item":"https:\/\/cicaboom.com\/es\/"},{"@type":"ListItem","position":2,"name":"Rueda de la Fortuna"}]}]}},"_links":{"self":[{"href":"https:\/\/cicaboom.com\/es\/wp-json\/wp\/v2\/pages\/32801"}],"collection":[{"href":"https:\/\/cicaboom.com\/es\/wp-json\/wp\/v2\/pages"}],"about":[{"href":"https:\/\/cicaboom.com\/es\/wp-json\/wp\/v2\/types\/page"}],"author":[{"embeddable":true,"href":"https:\/\/cicaboom.com\/es\/wp-json\/wp\/v2\/users\/2"}],"replies":[{"embeddable":true,"href":"https:\/\/cicaboom.com\/es\/wp-json\/wp\/v2\/comments?post=32801"}],"version-history":[{"count":2,"href":"https:\/\/cicaboom.com\/es\/wp-json\/wp\/v2\/pages\/32801\/revisions"}],"predecessor-version":[{"id":32804,"href":"https:\/\/cicaboom.com\/es\/wp-json\/wp\/v2\/pages\/32801\/revisions\/32804"}],"wp:attachment":[{"href":"https:\/\/cicaboom.com\/es\/wp-json\/wp\/v2\/media?parent=32801"}],"curies":[{"name":"wp","href":"https:\/\/api.w.org\/{rel}","templated":true}]}}