{"id":32799,"date":"2024-05-27T10:35:52","date_gmt":"2024-05-27T08:35:52","guid":{"rendered":"https:\/\/cicaboom.com\/?page_id=32799"},"modified":"2024-05-31T11:21:53","modified_gmt":"2024-05-31T09:21:53","slug":"roue-de-la-fortune","status":"publish","type":"page","link":"https:\/\/cicaboom.com\/fr\/roue-de-la-fortune\/","title":{"rendered":"Roue de la Fortune"},"content":{"rendered":"<h1>Cicaboom vous offre la <span class=\"uk-heading-large\">FORTUNE!<\/span><\/h1>\n<p><img src=\"\/wp-content\/uploads\/2024\/05\/img-ruota-FR.png\" alt=\"Ruota della fortuna Cicaboom\"><\/p>\n<div>\n<p>Avec la <strong>Roue de la Fortune<\/strong> de <strong>Cicaboom<\/strong>, gagnez des prix fantastiques chaque jour!<\/p>\n<p>Inscrivez-vous sur le site et tournez la Roue <strong>jusqu&rsquo;\u00e0 3 fois par jour<\/strong>.<\/p>\n<\/div>\n<ul>\n<li>\n<h3>Cicaboom r\u00e9compense les clients fid\u00e8les!<\/h3>\n<div>\n<p>Plus vous achetez, plus vous gagnez, et pour chaque <strong>10 \u20ac<\/strong> d\u00e9pens\u00e9s sur le site, vous obtenez <strong>1 tour de Roue EXTRA<\/strong> \u00e0 ajouter \u00e0 vos tentatives quotidiennes.<\/p>\n<\/div>\n<\/li>\n<li>\n<h3>VOUS GAGNEZ TOUJOURS!<\/h3>\n<div>\n<p>\u00c0 chaque tour de Roue, VOUS GAGNEZ TOUJOURS quelque chose!<\/p>\n<\/div>\n<\/li>\n<li>\n<h3>PRIX \u00c0 NE PAS MANQUER!<\/h3>\n<div>\n<p>Bons de <strong>r\u00e9duction jusqu&rsquo;\u00e0 50%<\/strong>, <strong>frais de port gratuits<\/strong>, <strong>CicaCoin<\/strong> \u00e0 accumuler et Bons Sp\u00e9ciaux pour obtenir des <strong>produits gratuits<\/strong>.<\/p>\n<\/div>\n<\/li>\n<\/ul>\n<h2>CicaCoin, Bons de R\u00e9duction et Bons Sp\u00e9ciaux<\/h2>\n<div>\n<p>\u00c0 chaque tour de Roue,<strong> VOUS GAGNEZ TOUJOURS<\/strong> et parmi les nombreux prix, vous pouvez gagner de pr\u00e9cieux <strong>Bons de R\u00e9duction<\/strong>, des <strong>CicaCoin<\/strong> \u00e0 d\u00e9penser sur le site et des <strong>Bons Sp\u00e9ciaux pour obtenir des produits gratuits<\/strong>!<\/p>\n<\/div>\n<ul>\n<li>\n<p>        <img src=\"\/wp-content\/uploads\/2024\/03\/Icona-cicacoins.png\" alt=\"\"><\/p>\n<div>\n<p>Les <strong>CicaCoin<\/strong> sont les pi\u00e8ces de Cicaboom \u00e0 convertir en argent r\u00e9el \u00e0 d\u00e9penser sur le site!<\/p>\n<\/div>\n<\/li>\n<li>\n<p>        <img src=\"\/wp-content\/uploads\/2024\/03\/icona-coupon.png\" alt=\"\"><\/p>\n<div>\n<p>Les <strong>Bons de R\u00e9duction<\/strong> peuvent valoir de 10% \u00e0 50% de la valeur de votre panier.<\/p>\n<\/div>\n<\/li>\n<li>\n<p>        <img src=\"\/wp-content\/uploads\/2024\/03\/icona-coupon-cicacoins.png\" alt=\"\"><\/p>\n<div>\n<p>Les <strong>Bons Sp\u00e9ciaux<\/strong> vous permettent d&rsquo;utiliser vos CicaCoin avec les Bons de R\u00e9duction pour obtenir des produits gratuits!<\/p>\n<\/div>\n<\/li>\n<\/ul>\n<p><img src=\"\/wp-content\/uploads\/2024\/04\/cica-coins_03.png\" alt=\"\"><br \/>\n<img src=\"\/wp-content\/uploads\/2024\/03\/fidelity-card.png\" alt=\"\"><\/p>\n<h2>Et ce n&rsquo;est pas tout!<\/h2>\n<h3>Gr\u00e2ce au <span style=\"color: #f7d75b;\">Programme de Fid\u00e9lit\u00e9<\/span>, Cicaboom vous offre <span style=\"color: #f7d75b;\">10 CicaCoin<\/span> pour <span style=\"color: #f7d75b;\">chaque \u20ac<\/span> d\u00e9pens\u00e9 sur le site!<\/h3>\n<div>\n<p>Il vous suffit d&rsquo;\u00eatre inscrit sur notre boutique pour commencer \u00e0 accumuler des<strong> CicaCoin<\/strong> dans votre <strong style=\"color: #f7d75b;\">Money Box<\/strong>.<\/p>\n<p><strong>Commencez \u00e0 gagner d\u00e8s maintenant!<\/strong><\/p>\n<\/div>\n<p>\n    <a href=\"https:\/\/shop.cicaboom.com\/fr\/connexion?back=my-account\">INSCRIVEZ-VOUS ET TOURNEZ LA ROUE!<\/a>\n<\/p>\n<p><!--more--><br \/>\n<!-- {\"name\":\"2024 - Layout - Ruota della fortuna ITA\",\"type\":\"layout\",\"children\":[{\"type\":\"section\",\"props\":{\"style\":\"default\",\"width\":\"default\",\"vertical_align\":\"middle\",\"title_position\":\"top-left\",\"title_rotation\":\"left\",\"title_breakpoint\":\"xl\",\"image_position\":\"bottom-center\",\"image\":\"wp-content\\\/uploads\\\/2024\\\/03\\\/clouds-bg.png\",\"media_background\":\"#528ECB\",\"image_size\":\"cover\",\"class\":\"landing-hero\"},\"children\":[{\"type\":\"row\",\"props\":{\"layout\":\"1-2,1-2\"},\"children\":[{\"type\":\"column\",\"props\":{\"position_sticky_breakpoint\":\"m\",\"image_position\":\"center-center\",\"media_overlay_gradient\":\"\",\"width_medium\":\"1-2\",\"vertical_align\":\"middle\"},\"children\":[{\"type\":\"headline\",\"props\":{\"title_element\":\"h1\",\"content\":\"Cicaboom vous offre la <span class=\\\"uk-heading-large\\\">FORTUNE!<\\\/span>\",\"title_style\":\"heading-medium\",\"css\":\".el-element {\\ntext-shadow: -2px -2px 0 #fff, -2px 1px 0 #fff, 2px -2px 0 #fff, 2px 2px 0 #fff;\\n}\",\"text_align\":\"left\",\"text_align_breakpoint\":\"s\",\"text_align_fallback\":\"center\"}}]},{\"type\":\"column\",\"props\":{\"position_sticky_breakpoint\":\"m\",\"image_position\":\"center-center\",\"media_overlay_gradient\":\"\",\"width_medium\":\"1-2\",\"order_first\":\"m\",\"vertical_align\":\"middle\"},\"children\":[{\"type\":\"image\",\"props\":{\"margin\":\"default\",\"image_svg_color\":\"emphasis\",\"image\":\"wp-content\\\/uploads\\\/2024\\\/05\\\/img-ruota-FR.png\",\"image_alt\":\"Ruota della fortuna Cicaboom\",\"animation\":\"parallax\",\"parallax_rotate_start\":\"-30\",\"parallax_rotate_end\":\"180\"}}]}]}]},{\"type\":\"section\",\"props\":{\"style\":\"default\",\"width\":\"default\",\"vertical_align\":\"middle\",\"title_position\":\"top-left\",\"title_rotation\":\"left\",\"title_breakpoint\":\"xl\",\"image_position\":\"center-center\",\"padding_remove_top\":false,\"padding\":\"none\"},\"children\":[{\"type\":\"row\",\"children\":[{\"type\":\"column\",\"props\":{\"position_sticky_breakpoint\":\"m\",\"image_position\":\"center-center\",\"media_overlay_gradient\":\"\"},\"children\":[{\"type\":\"text\",\"props\":{\"margin\":\"large\",\"column_breakpoint\":\"m\",\"content\":\"\n\n<p>Avec la <strong>Roue de la Fortune<\\\/strong> de <strong>Cicaboom<\\\/strong>, gagnez des prix fantastiques chaque jour!<\\\/p>\\n\n\n<p>Inscrivez-vous sur le site et tournez la Roue <strong>jusqu'\\u00e0 3 fois par jour<\\\/strong>.<\\\/p>\",\"text_align\":\"center\",\"maxwidth\":\"2xlarge\",\"block_align\":\"center\",\"css\":\".el-element {font-weight:600;}\"}},{\"type\":\"accordion\",\"props\":{\"show_image\":true,\"show_link\":true,\"collapsible\":true,\"content_column_breakpoint\":\"m\",\"image_svg_color\":\"emphasis\",\"image_align\":\"top\",\"image_grid_width\":\"1-2\",\"image_grid_breakpoint\":\"m\",\"link_text\":\"Read more\",\"link_style\":\"default\",\"css\":\".el-content {font-weight:600;}\\na.el-title.uk-accordion-title {\\n    color: #1155cb !important;\\n    font-size: 25px;\\n    position: relative;\\n    max-width: calc(100% - 20px);\\n}\\na.el-title.uk-accordion-title:hover {\\n    color: #f26522 !important;\\n}\\n.uk-accordion-title::before {\\n    background-color: #1155cb;\\n    border-radius: 50%;\\n    position: absolute;\\n    right: 0;\\n    top: 50%;\\n    transform: translateY(-50%);\\n    display: inline-block;\\n}\",\"margin\":\"medium\",\"block_align\":\"center\",\"maxwidth\":\"2xlarge\"},\"children\":[{\"type\":\"accordion_item\",\"props\":{\"title\":\"Cicaboom r\\u00e9compense les clients fid\\u00e8les!\",\"content\":\"\n\n<p>Plus vous achetez, plus vous gagnez, et pour chaque <strong>10 \\u20ac<\\\/strong> d\\u00e9pens\\u00e9s sur le site, vous obtenez <strong>1 tour de Roue EXTRA<\\\/strong> \\u00e0 ajouter \\u00e0 vos tentatives quotidiennes.<\\\/p>\"}},{\"type\":\"accordion_item\",\"props\":{\"title\":\"VOUS GAGNEZ TOUJOURS!\",\"content\":\"\n\n<p>\\u00c0 chaque tour de Roue, VOUS GAGNEZ TOUJOURS quelque chose!<\\\/p>\"}},{\"type\":\"accordion_item\",\"props\":{\"title\":\"PRIX \\u00c0 NE PAS MANQUER!\",\"content\":\"\n\n<p>Bons de <strong>r\\u00e9duction jusqu'\\u00e0 50%<\\\/strong>, <strong>frais de port gratuits<\\\/strong>, <strong>CicaCoin<\\\/strong> \\u00e0 accumuler et Bons Sp\\u00e9ciaux pour obtenir des <strong>produits gratuits<\\\/strong>.<\\\/p>\"}}]}]}]}]},{\"type\":\"section\",\"props\":{\"style\":\"default\",\"width\":\"default\",\"vertical_align\":\"middle\",\"title_position\":\"top-left\",\"title_rotation\":\"left\",\"title_breakpoint\":\"xl\",\"image_position\":\"center-center\",\"padding_remove_top\":false},\"children\":[{\"type\":\"row\",\"children\":[{\"type\":\"column\",\"props\":{\"position_sticky_breakpoint\":\"m\",\"image_position\":\"center-center\",\"media_overlay_gradient\":\"\"},\"children\":[{\"type\":\"headline\",\"props\":{\"title_element\":\"h2\",\"content\":\"CicaCoin, Bons de R\\u00e9duction et Bons Sp\\u00e9ciaux\",\"title_style\":\"h1\",\"title_color\":\"secondary\",\"text_align\":\"center\"}},{\"type\":\"text\",\"props\":{\"margin\":\"large\",\"column_breakpoint\":\"m\",\"content\":\"\n\n<p>\\u00c0 chaque tour de Roue,<strong> VOUS GAGNEZ TOUJOURS<\\\/strong> et parmi les nombreux prix, vous pouvez gagner de pr\\u00e9cieux <strong>Bons de R\\u00e9duction<\\\/strong>, des <strong>CicaCoin<\\\/strong> \\u00e0 d\\u00e9penser sur le site et des <strong>Bons Sp\\u00e9ciaux pour obtenir des produits gratuits<\\\/strong>!<\\\/p>\",\"text_align\":\"center\",\"maxwidth\":\"2xlarge\",\"block_align\":\"center\",\"margin_remove_top\":true,\"css\":\".el-element {font-weight:600;}\"}},{\"type\":\"grid\",\"props\":{\"show_title\":true,\"show_meta\":true,\"show_content\":true,\"show_image\":true,\"show_link\":true,\"grid_default\":\"1\",\"grid_medium\":\"3\",\"filter_style\":\"tab\",\"filter_all\":true,\"filter_position\":\"top\",\"filter_align\":\"left\",\"filter_grid_width\":\"auto\",\"filter_grid_breakpoint\":\"m\",\"title_hover_style\":\"reset\",\"title_element\":\"h3\",\"title_align\":\"top\",\"title_grid_width\":\"1-2\",\"title_grid_breakpoint\":\"m\",\"meta_style\":\"meta\",\"meta_align\":\"below-title\",\"meta_element\":\"div\",\"content_column_breakpoint\":\"m\",\"icon_width\":80,\"image_align\":\"top\",\"image_grid_width\":\"1-2\",\"image_grid_breakpoint\":\"m\",\"image_svg_color\":\"emphasis\",\"link_text\":\"Read more\",\"link_style\":\"default\",\"margin\":\"default\",\"item_animation\":true,\"image_width\":\"200\",\"grid_small\":\"2\",\"panel_style\":\"card-primary\",\"panel_padding\":\"small\",\"panel_image_no_padding\":false,\"title_style\":\"h4\",\"text_align\":\"center\",\"grid_column_align\":true,\"css\":\".el-content {color:#fff; font-weight:600;}\"},\"children\":[{\"type\":\"grid_item\",\"props\":{\"title\":\"\",\"image\":\"wp-content\\\/uploads\\\/2024\\\/03\\\/Icona-cicacoins.png\",\"content\":\"\n\n<p>Les <strong>CicaCoin<\\\/strong> sont les pi\\u00e8ces de Cicaboom \\u00e0 convertir en argent r\\u00e9el \\u00e0 d\\u00e9penser sur le site!<\\\/p>\"}},{\"type\":\"grid_item\",\"props\":{\"image\":\"wp-content\\\/uploads\\\/2024\\\/03\\\/icona-coupon.png\",\"content\":\"\n\n<p>Les <strong>Bons de R\\u00e9duction<\\\/strong> peuvent valoir de 10% \\u00e0 50% de la valeur de votre panier.<\\\/p>\",\"title\":\"\"}},{\"type\":\"grid_item\",\"props\":{\"title\":\"\",\"image\":\"wp-content\\\/uploads\\\/2024\\\/03\\\/icona-coupon-cicacoins.png\",\"content\":\"\n\n<p>Les <strong>Bons Sp\\u00e9ciaux<\\\/strong> vous permettent d'utiliser vos CicaCoin avec les Bons de R\\u00e9duction pour obtenir des produits gratuits!<\\\/p>\"}}]}]}]}]},{\"type\":\"section\",\"props\":{\"style\":\"primary\",\"width\":\"default\",\"vertical_align\":\"middle\",\"title_position\":\"top-left\",\"title_rotation\":\"left\",\"title_breakpoint\":\"xl\",\"image_position\":\"center-center\",\"padding\":\"large\",\"css\":\".el-section {\\n    background-image: radial-gradient(circle at 50% 100%, #9ec9ed, #8fbee7, #81b3e1, #73a8da, #659dd4, #5892cd, #4c86c5, #407bbe, #336cb4, #285eaa, #1e4f9f, #164194);\\n}\"},\"children\":[{\"type\":\"row\",\"props\":{\"layout\":\"1-3,2-3\"},\"children\":[{\"type\":\"column\",\"props\":{\"position_sticky_breakpoint\":\"m\",\"image_position\":\"center-center\",\"media_overlay_gradient\":\"\",\"width_medium\":\"1-3\",\"vertical_align\":\"middle\"},\"children\":[{\"type\":\"image\",\"props\":{\"margin\":\"default\",\"image_svg_color\":\"emphasis\",\"image\":\"wp-content\\\/uploads\\\/2024\\\/04\\\/cica-coins_03.png\",\"image_width\":\"400\",\"text_align\":\"center\",\"animation\":\"parallax\",\"parallax_y_end\":\"100\",\"position_top\":\"-40\"}},{\"type\":\"image\",\"props\":{\"margin\":\"default\",\"image_svg_color\":\"emphasis\",\"image\":\"wp-content\\\/uploads\\\/2024\\\/03\\\/fidelity-card.png\",\"image_width\":\"400\",\"text_align\":\"center\"}}]},{\"type\":\"column\",\"props\":{\"position_sticky_breakpoint\":\"m\",\"image_position\":\"center-center\",\"media_overlay_gradient\":\"\",\"width_medium\":\"2-3\",\"order_first\":\"m\",\"vertical_align\":\"middle\"},\"children\":[{\"type\":\"headline\",\"props\":{\"title_element\":\"h2\",\"content\":\"Et ce n'est pas tout!\",\"text_align\":\"left\",\"text_align_breakpoint\":\"m\",\"text_align_fallback\":\"center\",\"margin_remove_bottom\":true}},{\"type\":\"headline\",\"props\":{\"title_element\":\"h3\",\"content\":\"Gr\\u00e2ce au <span style=\\\"color: #f7d75b;\\\">Programme de Fid\\u00e9lit\\u00e9<\\\/span>, Cicaboom vous offre <span style=\\\"color: #f7d75b;\\\">10 CicaCoin<\\\/span> pour <span style=\\\"color: #f7d75b;\\\">chaque \\u20ac<\\\/span> d\\u00e9pens\\u00e9 sur le site!\",\"text_align\":\"left\",\"text_align_breakpoint\":\"m\",\"text_align_fallback\":\"center\"}},{\"type\":\"text\",\"props\":{\"margin\":\"default\",\"column_breakpoint\":\"m\",\"content\":\"\n\n<p>Il vous suffit d'\\u00eatre inscrit sur notre boutique pour commencer \\u00e0 accumuler des<strong> CicaCoin<\\\/strong> dans votre <strong style=\\\"color: #f7d75b;\\\">Money Box<\\\/strong>.<\\\/p>\\n\n\n<p><strong>Commencez \\u00e0 gagner d\\u00e8s maintenant!<\\\/strong><\\\/p>\",\"css\":\".el-element {font-weight:600;}\",\"text_color\":\"primary\",\"text_align\":\"left\",\"text_align_breakpoint\":\"m\",\"text_align_fallback\":\"center\"}},{\"type\":\"button\",\"props\":{\"grid_column_gap\":\"small\",\"grid_row_gap\":\"small\",\"margin\":\"medium\",\"button_size\":\"large\",\"text_align\":\"left\",\"text_align_breakpoint\":\"m\",\"text_align_fallback\":\"center\"},\"children\":[{\"type\":\"button_item\",\"props\":{\"button_style\":\"secondary\",\"icon_align\":\"left\",\"content\":\"INSCRIVEZ-VOUS ET TOURNEZ LA ROUE!\",\"link\":\"https:\\\/\\\/shop.cicaboom.com\\\/fr\\\/connexion?back=my-account\",\"link_target\":\"blank\"}}]}]}]}]}],\"version\":\"2.7.21\"} --><\/p>\n","protected":false},"excerpt":{"rendered":"<p>Cicaboom vous offre la FORTUNE! Avec la Roue de la Fortune de Cicaboom, gagnez des prix fantastiques chaque jour! Inscrivez-vous sur le site et tournez la Roue jusqu&rsquo;\u00e0 3 fois par jour. Cicaboom r\u00e9compense les clients fid\u00e8les! Plus vous achetez, plus vous gagnez, et pour chaque 10 \u20ac d\u00e9pens\u00e9s sur le site, vous obtenez 1 [&hellip;]<\/p>\n","protected":false},"author":2,"featured_media":0,"parent":0,"menu_order":0,"comment_status":"closed","ping_status":"closed","template":"","meta":[],"acf":[],"yoast_head":"<!-- This site is optimized with the Yoast SEO plugin v18.5.1 - https:\/\/yoast.com\/wordpress\/plugins\/seo\/ -->\n<title>Roue de la Fortune - Cicaboom e i suoi brand Letrabots \u00a9 , Letranimal \u00a9, Kartbots \u00a9, Numberbots \u00a9<\/title>\n<meta name=\"robots\" content=\"noindex, nofollow\" \/>\n<meta property=\"og:locale\" content=\"fr_FR\" \/>\n<meta property=\"og:type\" content=\"article\" \/>\n<meta property=\"og:title\" content=\"Roue de la Fortune - Cicaboom e i suoi brand Letrabots \u00a9 , Letranimal \u00a9, Kartbots \u00a9, Numberbots \u00a9\" \/>\n<meta property=\"og:description\" content=\"Cicaboom vous offre la FORTUNE! Avec la Roue de la Fortune de Cicaboom, gagnez des prix fantastiques chaque jour! Inscrivez-vous sur le site et tournez la Roue jusqu&rsquo;\u00e0 3 fois par jour. Cicaboom r\u00e9compense les clients fid\u00e8les! Plus vous achetez, plus vous gagnez, et pour chaque 10 \u20ac d\u00e9pens\u00e9s sur le site, vous obtenez 1 [&hellip;]\" \/>\n<meta property=\"og:url\" content=\"https:\/\/cicaboom.com\/fr\/roue-de-la-fortune\/\" \/>\n<meta property=\"og:site_name\" content=\"Cicaboom e i suoi brand Letrabots \u00a9 , Letranimal \u00a9, Kartbots \u00a9, Numberbots \u00a9\" \/>\n<meta property=\"article:modified_time\" content=\"2024-05-31T09:21:53+00:00\" \/>\n<meta name=\"twitter:card\" content=\"summary_large_image\" \/>\n<meta name=\"twitter:label1\" content=\"Dur\u00e9e de lecture estim\u00e9e\" \/>\n\t<meta name=\"twitter:data1\" content=\"1 minute\" \/>\n<script type=\"application\/ld+json\" class=\"yoast-schema-graph\">{\"@context\":\"https:\/\/schema.org\",\"@graph\":[{\"@type\":\"Organization\",\"@id\":\"https:\/\/cicaboom.com\/#organization\",\"name\":\"Cicaboom\",\"url\":\"https:\/\/cicaboom.com\/\",\"sameAs\":[],\"logo\":{\"@type\":\"ImageObject\",\"@id\":\"https:\/\/cicaboom.com\/#logo\",\"inLanguage\":\"fr-FR\",\"url\":\"https:\/\/cicaboom.com\/wp-content\/uploads\/2024\/12\/logo-cicaboom.svg\",\"contentUrl\":\"https:\/\/cicaboom.com\/wp-content\/uploads\/2024\/12\/logo-cicaboom.svg\",\"caption\":\"Cicaboom\"},\"image\":{\"@id\":\"https:\/\/cicaboom.com\/#logo\"}},{\"@type\":\"WebSite\",\"@id\":\"https:\/\/cicaboom.com\/#website\",\"url\":\"https:\/\/cicaboom.com\/\",\"name\":\"Cicaboom e i suoi brand Letrabots \u00a9 , Letranimal \u00a9, Kartbots \u00a9, Numberbots \u00a9\",\"description\":\"Cicaboom, editore italiano che con entusiasmo e creativit\u00e0 fa divertire i bambini con Letrabots \u00a9, Letranimal \u00a9, Kartbots \u00a9, Numberbots \u00a9 clicca e scoprili tutti.\",\"publisher\":{\"@id\":\"https:\/\/cicaboom.com\/#organization\"},\"potentialAction\":[{\"@type\":\"SearchAction\",\"target\":{\"@type\":\"EntryPoint\",\"urlTemplate\":\"https:\/\/cicaboom.com\/?s={search_term_string}\"},\"query-input\":\"required name=search_term_string\"}],\"inLanguage\":\"fr-FR\"},{\"@type\":\"WebPage\",\"@id\":\"https:\/\/cicaboom.com\/fr\/roue-de-la-fortune\/#webpage\",\"url\":\"https:\/\/cicaboom.com\/fr\/roue-de-la-fortune\/\",\"name\":\"Roue de la Fortune - Cicaboom e i suoi brand Letrabots \u00a9 , Letranimal \u00a9, Kartbots \u00a9, Numberbots \u00a9\",\"isPartOf\":{\"@id\":\"https:\/\/cicaboom.com\/#website\"},\"datePublished\":\"2024-05-27T08:35:52+00:00\",\"dateModified\":\"2024-05-31T09:21:53+00:00\",\"breadcrumb\":{\"@id\":\"https:\/\/cicaboom.com\/fr\/roue-de-la-fortune\/#breadcrumb\"},\"inLanguage\":\"fr-FR\",\"potentialAction\":[{\"@type\":\"ReadAction\",\"target\":[\"https:\/\/cicaboom.com\/fr\/roue-de-la-fortune\/\"]}]},{\"@type\":\"BreadcrumbList\",\"@id\":\"https:\/\/cicaboom.com\/fr\/roue-de-la-fortune\/#breadcrumb\",\"itemListElement\":[{\"@type\":\"ListItem\",\"position\":1,\"name\":\"Home\",\"item\":\"https:\/\/cicaboom.com\/fr\/\"},{\"@type\":\"ListItem\",\"position\":2,\"name\":\"Roue de la Fortune\"}]}]}<\/script>\n<!-- \/ Yoast SEO plugin. -->","yoast_head_json":{"title":"Roue de la Fortune - Cicaboom e i suoi brand Letrabots \u00a9 , Letranimal \u00a9, Kartbots \u00a9, Numberbots \u00a9","robots":{"index":"noindex","follow":"nofollow"},"og_locale":"fr_FR","og_type":"article","og_title":"Roue de la Fortune - Cicaboom e i suoi brand Letrabots \u00a9 , Letranimal \u00a9, Kartbots \u00a9, Numberbots \u00a9","og_description":"Cicaboom vous offre la FORTUNE! Avec la Roue de la Fortune de Cicaboom, gagnez des prix fantastiques chaque jour! Inscrivez-vous sur le site et tournez la Roue jusqu&rsquo;\u00e0 3 fois par jour. Cicaboom r\u00e9compense les clients fid\u00e8les! Plus vous achetez, plus vous gagnez, et pour chaque 10 \u20ac d\u00e9pens\u00e9s sur le site, vous obtenez 1 [&hellip;]","og_url":"https:\/\/cicaboom.com\/fr\/roue-de-la-fortune\/","og_site_name":"Cicaboom e i suoi brand Letrabots \u00a9 , Letranimal \u00a9, Kartbots \u00a9, Numberbots \u00a9","article_modified_time":"2024-05-31T09:21:53+00:00","twitter_card":"summary_large_image","twitter_misc":{"Dur\u00e9e de lecture estim\u00e9e":"1 minute"},"schema":{"@context":"https:\/\/schema.org","@graph":[{"@type":"Organization","@id":"https:\/\/cicaboom.com\/#organization","name":"Cicaboom","url":"https:\/\/cicaboom.com\/","sameAs":[],"logo":{"@type":"ImageObject","@id":"https:\/\/cicaboom.com\/#logo","inLanguage":"fr-FR","url":"https:\/\/cicaboom.com\/wp-content\/uploads\/2024\/12\/logo-cicaboom.svg","contentUrl":"https:\/\/cicaboom.com\/wp-content\/uploads\/2024\/12\/logo-cicaboom.svg","caption":"Cicaboom"},"image":{"@id":"https:\/\/cicaboom.com\/#logo"}},{"@type":"WebSite","@id":"https:\/\/cicaboom.com\/#website","url":"https:\/\/cicaboom.com\/","name":"Cicaboom e i suoi brand Letrabots \u00a9 , Letranimal \u00a9, Kartbots \u00a9, Numberbots \u00a9","description":"Cicaboom, editore italiano che con entusiasmo e creativit\u00e0 fa divertire i bambini con Letrabots \u00a9, Letranimal \u00a9, Kartbots \u00a9, Numberbots \u00a9 clicca e scoprili tutti.","publisher":{"@id":"https:\/\/cicaboom.com\/#organization"},"potentialAction":[{"@type":"SearchAction","target":{"@type":"EntryPoint","urlTemplate":"https:\/\/cicaboom.com\/?s={search_term_string}"},"query-input":"required name=search_term_string"}],"inLanguage":"fr-FR"},{"@type":"WebPage","@id":"https:\/\/cicaboom.com\/fr\/roue-de-la-fortune\/#webpage","url":"https:\/\/cicaboom.com\/fr\/roue-de-la-fortune\/","name":"Roue de la Fortune - Cicaboom e i suoi brand Letrabots \u00a9 , Letranimal \u00a9, Kartbots \u00a9, Numberbots \u00a9","isPartOf":{"@id":"https:\/\/cicaboom.com\/#website"},"datePublished":"2024-05-27T08:35:52+00:00","dateModified":"2024-05-31T09:21:53+00:00","breadcrumb":{"@id":"https:\/\/cicaboom.com\/fr\/roue-de-la-fortune\/#breadcrumb"},"inLanguage":"fr-FR","potentialAction":[{"@type":"ReadAction","target":["https:\/\/cicaboom.com\/fr\/roue-de-la-fortune\/"]}]},{"@type":"BreadcrumbList","@id":"https:\/\/cicaboom.com\/fr\/roue-de-la-fortune\/#breadcrumb","itemListElement":[{"@type":"ListItem","position":1,"name":"Home","item":"https:\/\/cicaboom.com\/fr\/"},{"@type":"ListItem","position":2,"name":"Roue de la Fortune"}]}]}},"_links":{"self":[{"href":"https:\/\/cicaboom.com\/fr\/wp-json\/wp\/v2\/pages\/32799"}],"collection":[{"href":"https:\/\/cicaboom.com\/fr\/wp-json\/wp\/v2\/pages"}],"about":[{"href":"https:\/\/cicaboom.com\/fr\/wp-json\/wp\/v2\/types\/page"}],"author":[{"embeddable":true,"href":"https:\/\/cicaboom.com\/fr\/wp-json\/wp\/v2\/users\/2"}],"replies":[{"embeddable":true,"href":"https:\/\/cicaboom.com\/fr\/wp-json\/wp\/v2\/comments?post=32799"}],"version-history":[{"count":3,"href":"https:\/\/cicaboom.com\/fr\/wp-json\/wp\/v2\/pages\/32799\/revisions"}],"predecessor-version":[{"id":33036,"href":"https:\/\/cicaboom.com\/fr\/wp-json\/wp\/v2\/pages\/32799\/revisions\/33036"}],"wp:attachment":[{"href":"https:\/\/cicaboom.com\/fr\/wp-json\/wp\/v2\/media?parent=32799"}],"curies":[{"name":"wp","href":"https:\/\/api.w.org\/{rel}","templated":true}]}}