{"id":32817,"date":"2024-05-27T15:07:20","date_gmt":"2024-05-27T13:07:20","guid":{"rendered":"https:\/\/cicaboom.com\/?page_id=32817"},"modified":"2024-05-27T16:20:54","modified_gmt":"2024-05-27T14:20:54","slug":"programme-de-fidelite","status":"publish","type":"page","link":"https:\/\/cicaboom.com\/fr\/programme-de-fidelite\/","title":{"rendered":"Programme de Fid\u00e9lit\u00e9"},"content":{"rendered":"<h1>Cicaboom r\u00e9compense votre fid\u00e9lit\u00e9!<\/h1>\n<p><img src=\"\/wp-content\/uploads\/2024\/04\/cica-coins_03.png\" alt=\"\"><br \/>\n<img src=\"\/wp-content\/uploads\/2024\/03\/fidelity-card.png\" alt=\"\"><\/p>\n<h2>Avec le Programme de Fid\u00e9lit\u00e9 de Cicaboom <br class=\"uk-visible@s\" \/>plus vous achetez, plus vous \u00e9conomisez!<\/h2>\n<h2>Comment \u00e7a marche?<\/h2>\n<div>\n<p>    <img src=\"\/wp-content\/uploads\/2024\/03\/Icona-cicacoins.png\" alt=\"\"><\/p>\n<div>\n<p>Cicaboom vous offre <strong>10 CicaCoin<\/strong> pour <strong>chaque \u20ac<\/strong> d\u00e9pens\u00e9 sur le site.<br \/>Il vous suffit d&rsquo;\u00eatre inscrit sur notre boutique pour commencer \u00e0 accumuler des <strong>CicaCoin<\/strong> dans votre <strong>Money Box<\/strong> et les d\u00e9duire de vos achats!<\/p>\n<\/div>\n<\/div>\n<h2>Comment?<\/h2>\n<ul>\n<li>\n<p>        <img src=\"\/wp-content\/uploads\/2024\/03\/icona-coupon-cicacoins.png\" alt=\"\"><\/p>\n<div>\n<p>C&rsquo;est tr\u00e8s simple! <strong>Il vous suffit d&rsquo;ajouter les CicaCoin directement au panier<\/strong> et le site calculera automatiquement votre r\u00e9duction.<br \/>Normalement, vous pouvez utiliser les <strong>CicaCoin jusqu&rsquo;\u00e0 50%<\/strong> de la valeur de votre achat.<br \/>Avec les <strong>Bons Sp\u00e9ciaux<\/strong>, vous pouvez les utiliser <strong>jusqu&rsquo;\u00e0 100%<\/strong> et obtenir le produit gratuitement!<\/p>\n<\/div>\n<\/li>\n<li>\n<p>        <img src=\"\/wp-content\/uploads\/2024\/03\/Icona-Ruota.png\" alt=\"\"><\/p>\n<div>\n<p>De plus, il vous suffit d&rsquo;\u00eatre inscrit sur le site pour gagner des CicaCoin chaque jour gr\u00e2ce \u00e0 la <strong>Roue de la Fortune de Cicaboom<\/strong>!<\/p>\n<\/div>\n<\/li>\n<\/ul>\n<h2>Qu&rsquo;attendez-vous?<\/h2>\n<div>\n<p>Commencez d\u00e8s maintenant \u00e0 accumuler vos CicaCoin!<\/p>\n<\/div>\n<p>\n    <a href=\"https:\/\/shop.cicaboom.com\/fr\/connexion?back=my-account\">INSCRIVEZ-VOUS<\/a>\n<\/p>\n<p><!--more--><br \/>\n<!-- {\"name\":\"2024 - Programma fedelt\\u00e0 - ITA\",\"type\":\"layout\",\"children\":[{\"type\":\"section\",\"props\":{\"style\":\"default\",\"width\":\"default\",\"vertical_align\":\"middle\",\"title_position\":\"top-left\",\"title_rotation\":\"left\",\"title_breakpoint\":\"xl\",\"image_position\":\"bottom-center\",\"image\":\"\",\"media_background\":\"#528ECB\",\"image_size\":\"cover\",\"css\":\".el-section {\\n    background: rgb(22,65,148);\\nbackground: linear-gradient(180deg, rgba(22,65,148,1) 0%, rgba(255,255,255,1) 100%);\\n}\",\"class\":\"landing-hero\"},\"children\":[{\"type\":\"row\",\"props\":{\"layout\":\"1-2,1-2\"},\"children\":[{\"type\":\"column\",\"props\":{\"position_sticky_breakpoint\":\"m\",\"image_position\":\"center-center\",\"media_overlay_gradient\":\"\",\"width_medium\":\"1-2\",\"vertical_align\":\"middle\"},\"children\":[{\"type\":\"headline\",\"props\":{\"title_element\":\"h1\",\"content\":\"Cicaboom r\\u00e9compense votre fid\\u00e9lit\\u00e9!\",\"title_style\":\"heading-medium\",\"css\":\".el-element {\\ntext-shadow: -2px -2px 0 #fff, -2px 1px 0 #fff, 2px -2px 0 #fff, 2px 2px 0 #fff;\\n}\",\"title_color\":\"secondary\",\"text_align\":\"left\",\"text_align_breakpoint\":\"m\",\"text_align_fallback\":\"center\"}}]},{\"type\":\"column\",\"props\":{\"position_sticky_breakpoint\":\"m\",\"image_position\":\"center-center\",\"media_overlay_gradient\":\"\",\"width_medium\":\"1-2\",\"order_first\":\"m\",\"vertical_align\":\"middle\"},\"children\":[{\"type\":\"image\",\"props\":{\"margin\":\"default\",\"image_svg_color\":\"emphasis\",\"image\":\"wp-content\\\/uploads\\\/2024\\\/04\\\/cica-coins_03.png\",\"image_width\":\"500\",\"text_align\":\"center\",\"animation\":\"parallax\",\"parallax_y_start\":\"10\",\"parallax_y_end\":\"60\",\"position_top\":\"70\"}},{\"type\":\"image\",\"props\":{\"margin\":\"default\",\"image_svg_color\":\"emphasis\",\"image\":\"wp-content\\\/uploads\\\/2024\\\/03\\\/fidelity-card.png\",\"image_width\":\"500\",\"text_align\":\"center\"}}]}]}]},{\"type\":\"section\",\"props\":{\"style\":\"default\",\"width\":\"default\",\"vertical_align\":\"middle\",\"title_position\":\"top-left\",\"title_rotation\":\"left\",\"title_breakpoint\":\"xl\",\"image_position\":\"center-center\",\"padding_remove_top\":true},\"children\":[{\"type\":\"row\",\"children\":[{\"type\":\"column\",\"props\":{\"position_sticky_breakpoint\":\"m\",\"image_position\":\"center-center\",\"media_overlay_gradient\":\"\"},\"children\":[{\"type\":\"headline\",\"props\":{\"title_element\":\"h2\",\"content\":\"Avec le Programme de Fid\\u00e9lit\\u00e9 de Cicaboom <br class=\\\"uk-visible@s\\\" \\\/>plus vous achetez, plus vous \\u00e9conomisez!\",\"maxwidth\":\"2xlarge\",\"block_align\":\"center\",\"text_align\":\"center\",\"title_color\":\"primary\"}}]}]}]},{\"type\":\"section\",\"props\":{\"style\":\"default\",\"width\":\"default\",\"vertical_align\":\"middle\",\"title_position\":\"top-left\",\"title_rotation\":\"left\",\"title_breakpoint\":\"xl\",\"image_position\":\"center-center\",\"padding_remove_top\":true,\"padding\":\"large\"},\"children\":[{\"type\":\"row\",\"props\":{\"status\":\"\",\"width\":\"default\"},\"children\":[{\"type\":\"column\",\"props\":{\"position_sticky_breakpoint\":\"m\",\"image_position\":\"center-center\",\"media_overlay_gradient\":\"\",\"width_medium\":\"\",\"vertical_align\":\"middle\"},\"children\":[{\"type\":\"headline\",\"props\":{\"title_element\":\"h2\",\"content\":\"Comment \\u00e7a marche?\",\"title_color\":\"secondary\"}},{\"type\":\"grid\",\"props\":{\"show_title\":true,\"show_meta\":true,\"show_content\":true,\"show_image\":true,\"show_link\":true,\"grid_default\":\"1\",\"grid_medium\":\"1\",\"filter_style\":\"tab\",\"filter_all\":true,\"filter_position\":\"top\",\"filter_align\":\"left\",\"filter_grid_width\":\"auto\",\"filter_grid_breakpoint\":\"m\",\"title_hover_style\":\"reset\",\"title_element\":\"h3\",\"title_align\":\"top\",\"title_grid_width\":\"1-2\",\"title_grid_breakpoint\":\"m\",\"meta_style\":\"meta\",\"meta_align\":\"below-title\",\"meta_element\":\"div\",\"content_column_breakpoint\":\"m\",\"icon_width\":80,\"image_align\":\"left\",\"image_grid_width\":\"1-5\",\"image_grid_breakpoint\":\"s\",\"image_svg_color\":\"emphasis\",\"link_text\":\"Read more\",\"link_style\":\"default\",\"margin\":\"default\",\"item_animation\":true,\"grid_small\":\"1\",\"image_width\":\"150\",\"image_grid_column_gap\":\"small\",\"image_vertical_align\":true,\"text_align\":\"left\",\"text_align_breakpoint\":\"s\",\"text_align_fallback\":\"center\",\"css\":\".el-content{font-weight:600;}\"},\"children\":[{\"type\":\"grid_item\",\"props\":{\"content\":\"\n\n<p>Cicaboom vous offre <strong>10 CicaCoin<\\\/strong> pour <strong>chaque \\u20ac<\\\/strong> d\\u00e9pens\\u00e9 sur le site.<br \\\/>Il vous suffit d'\\u00eatre inscrit sur notre boutique pour commencer \\u00e0 accumuler des <strong>CicaCoin<\\\/strong> dans votre <strong>Money Box<\\\/strong> et les d\\u00e9duire de vos achats!<\\\/p>\",\"image\":\"wp-content\\\/uploads\\\/2024\\\/03\\\/Icona-cicacoins.png\"}}]},{\"type\":\"headline\",\"props\":{\"title_element\":\"h2\",\"content\":\"Comment?\",\"title_color\":\"secondary\"}},{\"type\":\"grid\",\"props\":{\"show_title\":true,\"show_meta\":true,\"show_content\":true,\"show_image\":true,\"show_link\":true,\"grid_default\":\"1\",\"grid_medium\":\"1\",\"filter_style\":\"tab\",\"filter_all\":true,\"filter_position\":\"top\",\"filter_align\":\"left\",\"filter_grid_width\":\"auto\",\"filter_grid_breakpoint\":\"m\",\"title_hover_style\":\"reset\",\"title_element\":\"h3\",\"title_align\":\"top\",\"title_grid_width\":\"1-2\",\"title_grid_breakpoint\":\"m\",\"meta_style\":\"meta\",\"meta_align\":\"below-title\",\"meta_element\":\"div\",\"content_column_breakpoint\":\"m\",\"icon_width\":80,\"image_align\":\"left\",\"image_grid_width\":\"1-5\",\"image_grid_breakpoint\":\"s\",\"image_svg_color\":\"emphasis\",\"link_text\":\"Read more\",\"link_style\":\"default\",\"margin\":\"default\",\"item_animation\":true,\"grid_small\":\"1\",\"image_width\":\"150\",\"image_grid_column_gap\":\"small\",\"image_vertical_align\":true,\"text_align\":\"left\",\"text_align_breakpoint\":\"s\",\"text_align_fallback\":\"center\",\"css\":\".el-content{font-weight:600;}\"},\"children\":[{\"type\":\"grid_item\",\"props\":{\"content\":\"\n\n<p>C'est tr\\u00e8s simple! <strong>Il vous suffit d'ajouter les CicaCoin directement au panier<\\\/strong> et le site calculera automatiquement votre r\\u00e9duction.<br \\\/>Normalement, vous pouvez utiliser les <strong>CicaCoin jusqu'\\u00e0 50%<\\\/strong> de la valeur de votre achat.<br \\\/>Avec les <strong>Bons Sp\\u00e9ciaux<\\\/strong>, vous pouvez les utiliser <strong>jusqu'\\u00e0 100%<\\\/strong> et obtenir le produit gratuitement!<\\\/p>\",\"image\":\"wp-content\\\/uploads\\\/2024\\\/03\\\/icona-coupon-cicacoins.png\"}},{\"type\":\"grid_item\",\"props\":{\"content\":\"\n\n<p>De plus, il vous suffit d'\\u00eatre inscrit sur le site pour gagner des CicaCoin chaque jour gr\\u00e2ce \\u00e0 la <strong>Roue de la Fortune de Cicaboom<\\\/strong>!<\\\/p>\",\"image\":\"wp-content\\\/uploads\\\/2024\\\/03\\\/Icona-Ruota.png\"}}]}]}]}]},{\"type\":\"section\",\"props\":{\"style\":\"default\",\"width\":\"default\",\"vertical_align\":\"middle\",\"title_position\":\"top-left\",\"title_rotation\":\"left\",\"title_breakpoint\":\"xl\",\"image_position\":\"center-center\",\"padding_remove_top\":true},\"children\":[{\"type\":\"row\",\"children\":[{\"type\":\"column\",\"props\":{\"position_sticky_breakpoint\":\"m\",\"image_position\":\"center-center\",\"media_overlay_gradient\":\"\",\"vertical_align\":\"middle\",\"style\":\"secondary\"},\"children\":[{\"type\":\"headline\",\"props\":{\"title_element\":\"h2\",\"content\":\"Qu'attendez-vous?\",\"title_color\":\"primary\",\"text_align\":\"center\"}},{\"type\":\"text\",\"props\":{\"margin\":\"default\",\"column_breakpoint\":\"m\",\"content\":\"\n\n<p>Commencez d\\u00e8s maintenant \\u00e0 accumuler vos CicaCoin!<\\\/p>\",\"text_align\":\"center\",\"css\":\".el-element{font-weight:600;}\",\"text_color\":\"primary\"}},{\"type\":\"button\",\"props\":{\"grid_column_gap\":\"small\",\"grid_row_gap\":\"small\",\"margin\":\"default\",\"button_size\":\"large\",\"text_align\":\"center\"},\"children\":[{\"type\":\"button_item\",\"props\":{\"button_style\":\"secondary\",\"icon_align\":\"left\",\"content\":\"INSCRIVEZ-VOUS\",\"link\":\"https:\\\/\\\/shop.cicaboom.com\\\/fr\\\/connexion?back=my-account\",\"link_target\":\"blank\"}}]}]}],\"props\":{\"width\":\"small\",\"margin\":\"large\",\"margin_remove_bottom\":true}}]}],\"version\":\"2.7.21\"} --><\/p>\n","protected":false},"excerpt":{"rendered":"<p>Cicaboom r\u00e9compense votre fid\u00e9lit\u00e9! Avec le Programme de Fid\u00e9lit\u00e9 de Cicaboom plus vous achetez, plus vous \u00e9conomisez! Comment \u00e7a marche? Cicaboom vous offre 10 CicaCoin pour chaque \u20ac d\u00e9pens\u00e9 sur le site.Il vous suffit d&rsquo;\u00eatre inscrit sur notre boutique pour commencer \u00e0 accumuler des CicaCoin dans votre Money Box et les d\u00e9duire de vos achats! [&hellip;]<\/p>\n","protected":false},"author":2,"featured_media":0,"parent":0,"menu_order":0,"comment_status":"closed","ping_status":"closed","template":"","meta":[],"acf":[],"yoast_head":"<!-- This site is optimized with the Yoast SEO plugin v18.5.1 - https:\/\/yoast.com\/wordpress\/plugins\/seo\/ -->\n<title>Programme de Fid\u00e9lit\u00e9 - Cicaboom e i suoi brand Letrabots \u00a9 , Letranimal \u00a9, Kartbots \u00a9, Numberbots \u00a9<\/title>\n<meta name=\"robots\" content=\"noindex, nofollow\" \/>\n<meta property=\"og:locale\" content=\"fr_FR\" \/>\n<meta property=\"og:type\" content=\"article\" \/>\n<meta property=\"og:title\" content=\"Programme de Fid\u00e9lit\u00e9 - Cicaboom e i suoi brand Letrabots \u00a9 , Letranimal \u00a9, Kartbots \u00a9, Numberbots \u00a9\" \/>\n<meta property=\"og:description\" content=\"Cicaboom r\u00e9compense votre fid\u00e9lit\u00e9! Avec le Programme de Fid\u00e9lit\u00e9 de Cicaboom plus vous achetez, plus vous \u00e9conomisez! Comment \u00e7a marche? Cicaboom vous offre 10 CicaCoin pour chaque \u20ac d\u00e9pens\u00e9 sur le site.Il vous suffit d&rsquo;\u00eatre inscrit sur notre boutique pour commencer \u00e0 accumuler des CicaCoin dans votre Money Box et les d\u00e9duire de vos achats! [&hellip;]\" \/>\n<meta property=\"og:url\" content=\"https:\/\/cicaboom.com\/fr\/programme-de-fidelite\/\" \/>\n<meta property=\"og:site_name\" content=\"Cicaboom e i suoi brand Letrabots \u00a9 , Letranimal \u00a9, Kartbots \u00a9, Numberbots \u00a9\" \/>\n<meta property=\"article:modified_time\" content=\"2024-05-27T14:20:54+00:00\" \/>\n<meta name=\"twitter:card\" content=\"summary_large_image\" \/>\n<meta name=\"twitter:label1\" content=\"Dur\u00e9e de lecture estim\u00e9e\" \/>\n\t<meta name=\"twitter:data1\" content=\"1 minute\" \/>\n<script type=\"application\/ld+json\" class=\"yoast-schema-graph\">{\"@context\":\"https:\/\/schema.org\",\"@graph\":[{\"@type\":\"Organization\",\"@id\":\"https:\/\/cicaboom.com\/#organization\",\"name\":\"Cicaboom\",\"url\":\"https:\/\/cicaboom.com\/\",\"sameAs\":[],\"logo\":{\"@type\":\"ImageObject\",\"@id\":\"https:\/\/cicaboom.com\/#logo\",\"inLanguage\":\"fr-FR\",\"url\":\"https:\/\/cicaboom.com\/wp-content\/uploads\/2024\/12\/logo-cicaboom.svg\",\"contentUrl\":\"https:\/\/cicaboom.com\/wp-content\/uploads\/2024\/12\/logo-cicaboom.svg\",\"caption\":\"Cicaboom\"},\"image\":{\"@id\":\"https:\/\/cicaboom.com\/#logo\"}},{\"@type\":\"WebSite\",\"@id\":\"https:\/\/cicaboom.com\/#website\",\"url\":\"https:\/\/cicaboom.com\/\",\"name\":\"Cicaboom e i suoi brand Letrabots \u00a9 , Letranimal \u00a9, Kartbots \u00a9, Numberbots \u00a9\",\"description\":\"Cicaboom, editore italiano che con entusiasmo e creativit\u00e0 fa divertire i bambini con Letrabots \u00a9, Letranimal \u00a9, Kartbots \u00a9, Numberbots \u00a9 clicca e scoprili tutti.\",\"publisher\":{\"@id\":\"https:\/\/cicaboom.com\/#organization\"},\"potentialAction\":[{\"@type\":\"SearchAction\",\"target\":{\"@type\":\"EntryPoint\",\"urlTemplate\":\"https:\/\/cicaboom.com\/?s={search_term_string}\"},\"query-input\":\"required name=search_term_string\"}],\"inLanguage\":\"fr-FR\"},{\"@type\":\"WebPage\",\"@id\":\"https:\/\/cicaboom.com\/fr\/programme-de-fidelite\/#webpage\",\"url\":\"https:\/\/cicaboom.com\/fr\/programme-de-fidelite\/\",\"name\":\"Programme de Fid\u00e9lit\u00e9 - Cicaboom e i suoi brand Letrabots \u00a9 , Letranimal \u00a9, Kartbots \u00a9, Numberbots \u00a9\",\"isPartOf\":{\"@id\":\"https:\/\/cicaboom.com\/#website\"},\"datePublished\":\"2024-05-27T13:07:20+00:00\",\"dateModified\":\"2024-05-27T14:20:54+00:00\",\"breadcrumb\":{\"@id\":\"https:\/\/cicaboom.com\/fr\/programme-de-fidelite\/#breadcrumb\"},\"inLanguage\":\"fr-FR\",\"potentialAction\":[{\"@type\":\"ReadAction\",\"target\":[\"https:\/\/cicaboom.com\/fr\/programme-de-fidelite\/\"]}]},{\"@type\":\"BreadcrumbList\",\"@id\":\"https:\/\/cicaboom.com\/fr\/programme-de-fidelite\/#breadcrumb\",\"itemListElement\":[{\"@type\":\"ListItem\",\"position\":1,\"name\":\"Home\",\"item\":\"https:\/\/cicaboom.com\/fr\/\"},{\"@type\":\"ListItem\",\"position\":2,\"name\":\"Programme de Fid\u00e9lit\u00e9\"}]}]}<\/script>\n<!-- \/ Yoast SEO plugin. -->","yoast_head_json":{"title":"Programme de Fid\u00e9lit\u00e9 - Cicaboom e i suoi brand Letrabots \u00a9 , Letranimal \u00a9, Kartbots \u00a9, Numberbots \u00a9","robots":{"index":"noindex","follow":"nofollow"},"og_locale":"fr_FR","og_type":"article","og_title":"Programme de Fid\u00e9lit\u00e9 - Cicaboom e i suoi brand Letrabots \u00a9 , Letranimal \u00a9, Kartbots \u00a9, Numberbots \u00a9","og_description":"Cicaboom r\u00e9compense votre fid\u00e9lit\u00e9! Avec le Programme de Fid\u00e9lit\u00e9 de Cicaboom plus vous achetez, plus vous \u00e9conomisez! Comment \u00e7a marche? Cicaboom vous offre 10 CicaCoin pour chaque \u20ac d\u00e9pens\u00e9 sur le site.Il vous suffit d&rsquo;\u00eatre inscrit sur notre boutique pour commencer \u00e0 accumuler des CicaCoin dans votre Money Box et les d\u00e9duire de vos achats! [&hellip;]","og_url":"https:\/\/cicaboom.com\/fr\/programme-de-fidelite\/","og_site_name":"Cicaboom e i suoi brand Letrabots \u00a9 , Letranimal \u00a9, Kartbots \u00a9, Numberbots \u00a9","article_modified_time":"2024-05-27T14:20:54+00:00","twitter_card":"summary_large_image","twitter_misc":{"Dur\u00e9e de lecture estim\u00e9e":"1 minute"},"schema":{"@context":"https:\/\/schema.org","@graph":[{"@type":"Organization","@id":"https:\/\/cicaboom.com\/#organization","name":"Cicaboom","url":"https:\/\/cicaboom.com\/","sameAs":[],"logo":{"@type":"ImageObject","@id":"https:\/\/cicaboom.com\/#logo","inLanguage":"fr-FR","url":"https:\/\/cicaboom.com\/wp-content\/uploads\/2024\/12\/logo-cicaboom.svg","contentUrl":"https:\/\/cicaboom.com\/wp-content\/uploads\/2024\/12\/logo-cicaboom.svg","caption":"Cicaboom"},"image":{"@id":"https:\/\/cicaboom.com\/#logo"}},{"@type":"WebSite","@id":"https:\/\/cicaboom.com\/#website","url":"https:\/\/cicaboom.com\/","name":"Cicaboom e i suoi brand Letrabots \u00a9 , Letranimal \u00a9, Kartbots \u00a9, Numberbots \u00a9","description":"Cicaboom, editore italiano che con entusiasmo e creativit\u00e0 fa divertire i bambini con Letrabots \u00a9, Letranimal \u00a9, Kartbots \u00a9, Numberbots \u00a9 clicca e scoprili tutti.","publisher":{"@id":"https:\/\/cicaboom.com\/#organization"},"potentialAction":[{"@type":"SearchAction","target":{"@type":"EntryPoint","urlTemplate":"https:\/\/cicaboom.com\/?s={search_term_string}"},"query-input":"required name=search_term_string"}],"inLanguage":"fr-FR"},{"@type":"WebPage","@id":"https:\/\/cicaboom.com\/fr\/programme-de-fidelite\/#webpage","url":"https:\/\/cicaboom.com\/fr\/programme-de-fidelite\/","name":"Programme de Fid\u00e9lit\u00e9 - Cicaboom e i suoi brand Letrabots \u00a9 , Letranimal \u00a9, Kartbots \u00a9, Numberbots \u00a9","isPartOf":{"@id":"https:\/\/cicaboom.com\/#website"},"datePublished":"2024-05-27T13:07:20+00:00","dateModified":"2024-05-27T14:20:54+00:00","breadcrumb":{"@id":"https:\/\/cicaboom.com\/fr\/programme-de-fidelite\/#breadcrumb"},"inLanguage":"fr-FR","potentialAction":[{"@type":"ReadAction","target":["https:\/\/cicaboom.com\/fr\/programme-de-fidelite\/"]}]},{"@type":"BreadcrumbList","@id":"https:\/\/cicaboom.com\/fr\/programme-de-fidelite\/#breadcrumb","itemListElement":[{"@type":"ListItem","position":1,"name":"Home","item":"https:\/\/cicaboom.com\/fr\/"},{"@type":"ListItem","position":2,"name":"Programme de Fid\u00e9lit\u00e9"}]}]}},"_links":{"self":[{"href":"https:\/\/cicaboom.com\/fr\/wp-json\/wp\/v2\/pages\/32817"}],"collection":[{"href":"https:\/\/cicaboom.com\/fr\/wp-json\/wp\/v2\/pages"}],"about":[{"href":"https:\/\/cicaboom.com\/fr\/wp-json\/wp\/v2\/types\/page"}],"author":[{"embeddable":true,"href":"https:\/\/cicaboom.com\/fr\/wp-json\/wp\/v2\/users\/2"}],"replies":[{"embeddable":true,"href":"https:\/\/cicaboom.com\/fr\/wp-json\/wp\/v2\/comments?post=32817"}],"version-history":[{"count":3,"href":"https:\/\/cicaboom.com\/fr\/wp-json\/wp\/v2\/pages\/32817\/revisions"}],"predecessor-version":[{"id":32832,"href":"https:\/\/cicaboom.com\/fr\/wp-json\/wp\/v2\/pages\/32817\/revisions\/32832"}],"wp:attachment":[{"href":"https:\/\/cicaboom.com\/fr\/wp-json\/wp\/v2\/media?parent=32817"}],"curies":[{"name":"wp","href":"https:\/\/api.w.org\/{rel}","templated":true}]}}