{"id":17980,"date":"2020-07-29T15:18:27","date_gmt":"2020-07-29T13:18:27","guid":{"rendered":"https:\/\/cicaboom.com\/chi-siamo\/"},"modified":"2022-02-14T12:54:04","modified_gmt":"2022-02-14T11:54:04","slug":"quem-somos","status":"publish","type":"page","link":"https:\/\/cicaboom.com\/pt-pt\/quem-somos\/","title":{"rendered":"Chi siamo"},"content":{"rendered":"<p><img src=\"\/wp-content\/uploads\/2020\/06\/logo-cicaboom.svg\" alt=\"\"><\/p>\n<h1>Criamos sonhos,\u00a0n\u00e3o peda\u00e7os de pl\u00e1stico<\/h1>\n<p><img src=\"\/wp-content\/uploads\/2020\/06\/immagine-intro-cicaboom.png\" alt=\"\"><\/p>\n<h2>A empresa<\/h2>\n<div>\n<p><strong>Cicaboom srl<\/strong> \u00e9 uma empresa italiana especializada na cria\u00e7\u00e3o e produ\u00e7\u00e3o de brinquedos e de produtos editorais para jovens.\u00a0<\/p>\n<\/p>\n<p>A mission de Cicaboom \u00e9 criar brinquedos de qualidade e atemporais colocados em um universo narrativo que faz as crian\u00e7as sonharem.<\/p>\n<\/div>\n<h2>A nossa hist\u00f3ria<\/h2>\n<div>\n<\/div>\n<div>\n<p><i>Scorri di lato per navigare la linea temporale <\/i><\/p>\n<\/div>\n<h2>Letrabots<\/h2>\n<div>\n<p>Cicaboom \u00e9 o propriet\u00e1rio da marca <strong>Letrabots<\/strong>, letras de brinquedo que podem ser transformadas em rob\u00f4s.<\/p>\n<\/div>\n<div>\n<h3>Mais sobre Letrabots<\/h3>\n<div>\n<p>Letrabots, nascido no final de 2016 e ponto forte da empresa, n\u00e3o \u00e9 apenas uma marca de brinquedos, mas uma propriedade corporativa constru\u00edda atrav\u00e9s da cria\u00e7\u00e3o de uma narrativa que explora diferentes canais de comunica\u00e7\u00e3o: <strong>Banda desenhada<\/strong>, <strong>webs\u00e9ries<\/strong>, <strong>social media<\/strong> e at\u00e9 uma <strong>miniss\u00e9rie de TV<\/strong> de muito sucesso no canal infantil principal.<\/p>\n<\/div>\n<\/div>\n<p><img src=\"\/wp-content\/uploads\/2021\/02\/mondo-letra-prodotto-min.jpg\" alt=\"\"><\/p>\n<p><!--more--><br \/>\n<!-- {\"type\":\"layout\",\"children\":[{\"type\":\"section\",\"props\":{\"style\":\"default\",\"width\":\"default\",\"vertical_align\":\"middle\",\"title_position\":\"top-left\",\"title_rotation\":\"left\",\"title_breakpoint\":\"xl\",\"image_position\":\"bottom-center\",\"image\":\"wp-content\\\/uploads\\\/2020\\\/06\\\/home-intro-bacground.svg\",\"image_size\":\"cover\",\"animation\":\"fade\"},\"children\":[{\"type\":\"row\",\"children\":[{\"type\":\"column\",\"props\":{\"image_position\":\"center-center\",\"media_overlay_gradient\":\"\"},\"children\":[{\"type\":\"image\",\"props\":{\"margin\":\"default\",\"image_svg_color\":\"emphasis\",\"image\":\"wp-content\\\/uploads\\\/2020\\\/06\\\/logo-cicaboom.svg\",\"image_width\":\"400\",\"text_align\":\"center\",\"position\":\"absolute\",\"position_top\":\"-60\",\"position_z_index\":\"1\",\"animation\":\"parallax\",\"parallax_y_end\":\"60\",\"parallax_opacity_end\":\"0.2\",\"parallax_easing\":\"0.2\",\"parallax_target\":true,\"parallax_zindex\":true}}]}],\"props\":{\"status\":\"\",\"class\":\"uk-visible@m\"}},{\"type\":\"row\",\"props\":{\"layout\":\"1-2,1-2\"},\"children\":[{\"type\":\"column\",\"props\":{\"image_position\":\"center-center\",\"media_overlay_gradient\":\"\",\"width_medium\":\"1-2\",\"vertical_align\":\"middle\",\"class\":\"cb-chisiamo-firsttxt\"},\"children\":[{\"type\":\"headline\",\"props\":{\"title_element\":\"h1\",\"content\":\"Criamos sonhos,\\u00a0n\\u00e3o peda\\u00e7os de pl\\u00e1stico\",\"title_style\":\"heading-small\",\"title_color\":\"muted\",\"text_align\":\"center\",\"animation\":\"slide-left\",\"class\":\"\"},\"name\":\"Titolo\"}]},{\"type\":\"column\",\"props\":{\"image_position\":\"center-center\",\"media_overlay_gradient\":\"\",\"width_medium\":\"1-2\",\"vertical_align\":\"middle\",\"class\":\"cb-chisiamo-firstimg\"},\"children\":[{\"type\":\"image\",\"props\":{\"margin\":\"default\",\"image_svg_color\":\"emphasis\",\"image\":\"wp-content\\\/uploads\\\/2020\\\/06\\\/immagine-intro-cicaboom.png\",\"text_align\":\"center\",\"image_width\":\"400\",\"animation\":\"slide-right\",\"class\":\"\"}}]}]}],\"name\":\"Home - section - benvenuti\"},{\"type\":\"section\",\"props\":{\"style\":\"default\",\"width\":\"default\",\"vertical_align\":\"middle\",\"title_position\":\"top-left\",\"title_rotation\":\"left\",\"title_breakpoint\":\"xl\",\"image_position\":\"center-center\",\"class\":\"cb-chisiamo-intro\"},\"children\":[{\"type\":\"row\",\"children\":[{\"type\":\"column\",\"props\":{\"image_position\":\"center-center\",\"media_overlay_gradient\":\"\"},\"children\":[{\"type\":\"headline\",\"props\":{\"title_element\":\"h2\",\"content\":\"A empresa\",\"title_style\":\"heading-small\",\"title_color\":\"secondary\"}}]}]},{\"type\":\"row\",\"children\":[{\"type\":\"column\",\"props\":{\"image_position\":\"center-center\",\"media_overlay_gradient\":\"\"},\"children\":[{\"type\":\"text\",\"props\":{\"margin\":\"default\",\"column_breakpoint\":\"m\",\"content\":\"\n\n<p><strong>Cicaboom srl<\\\/strong> \\u00e9 uma empresa italiana especializada na cria\\u00e7\\u00e3o e produ\\u00e7\\u00e3o de brinquedos e de produtos editorais para jovens.\\u00a0<\\\/p>\\n\n\n<p><\\\/p>\\n\n\n<p>A mission de Cicaboom \\u00e9 criar brinquedos de qualidade e atemporais colocados em um universo narrativo que faz as crian\\u00e7as sonharem.<\\\/p>\"}}]}]}],\"name\":\"Chi Siamo - Intro\"},{\"type\":\"section\",\"props\":{\"style\":\"default\",\"width\":\"default\",\"vertical_align\":\"middle\",\"title_position\":\"top-left\",\"title_rotation\":\"left\",\"title_breakpoint\":\"xl\",\"image_position\":\"center-center\",\"padding_remove_top\":true},\"children\":[{\"type\":\"row\",\"children\":[{\"type\":\"column\",\"props\":{\"image_position\":\"center-center\",\"media_overlay_gradient\":\"\"},\"children\":[{\"type\":\"headline\",\"props\":{\"title_element\":\"h2\",\"content\":\"A nossa hist\\u00f3ria\",\"title_style\":\"heading-small\",\"title_color\":\"secondary\"}}]}]},{\"type\":\"row\",\"children\":[{\"type\":\"column\",\"props\":{\"image_position\":\"center-center\",\"media_overlay_gradient\":\"\"},\"children\":[{\"type\":\"html\",\"props\":{\"content\":\"[lb-eventi_posts-list category=eventi-timeline]\",\"class\":\"cb-timeline-block\"}},{\"type\":\"text\",\"props\":{\"margin\":\"default\",\"column_breakpoint\":\"m\",\"content\":\"\n\n<p><i>Scorri di lato per navigare la linea temporale <\\\/i><\\\/p>\",\"text_size\":\"small\",\"margin_remove_top\":true,\"text_align\":\"center\",\"class\":\"uk-hidden@s cb-slider-info-mobile\"},\"name\":\"Indicazione di scorrimento per mobile\"}]}],\"props\":{\"class\":\"lb-checklist-section-grid lb-timeline-section\"}}],\"name\":\"Timeline\"},{\"type\":\"section\",\"props\":{\"style\":\"default\",\"width\":\"default\",\"vertical_align\":\"middle\",\"title_position\":\"top-left\",\"title_rotation\":\"left\",\"title_breakpoint\":\"xl\",\"image_position\":\"center-center\",\"class\":\"cb-chisiamo-letrabots-section\"},\"children\":[{\"type\":\"row\",\"props\":{\"layout\":\"1-2,1-2\"},\"children\":[{\"type\":\"column\",\"props\":{\"image_position\":\"center-center\",\"media_overlay_gradient\":\"\",\"width_medium\":\"1-2\",\"vertical_align\":\"middle\"},\"children\":[{\"type\":\"headline\",\"props\":{\"title_element\":\"h2\",\"content\":\"Letrabots\",\"title_style\":\"heading-small\",\"title_color\":\"primary\"},\"name\":\"Titolo\"},{\"type\":\"text\",\"props\":{\"margin\":\"default\",\"column_breakpoint\":\"m\",\"content\":\"\n\n<p>Cicaboom \\u00e9 o propriet\\u00e1rio da marca <strong>Letrabots<\\\/strong>, letras de brinquedo que podem ser transformadas em rob\\u00f4s.<\\\/p>\"},\"name\":\"Contenuto\"},{\"type\":\"accordion\",\"props\":{\"show_image\":true,\"show_link\":true,\"collapsible\":true,\"content_column_breakpoint\":\"m\",\"image_svg_color\":\"emphasis\",\"image_align\":\"top\",\"image_grid_width\":\"1-2\",\"image_grid_breakpoint\":\"m\",\"link_text\":\"Read more\",\"link_style\":\"default\",\"class\":\"cb-chisiamoaccordion-more\"},\"children\":[{\"type\":\"accordion_item\",\"props\":{\"title\":\"Mais sobre Letrabots\",\"content\":\"\n\n<p>Letrabots, nascido no final de 2016 e ponto forte da empresa, n\\u00e3o \\u00e9 apenas uma marca de brinquedos, mas uma propriedade corporativa constru\\u00edda atrav\\u00e9s da cria\\u00e7\\u00e3o de uma narrativa que explora diferentes canais de comunica\\u00e7\\u00e3o: <strong>Banda desenhada<\\\/strong>, <strong>webs\\u00e9ries<\\\/strong>, <strong>social media<\\\/strong> e at\\u00e9 uma <strong>miniss\\u00e9rie de TV<\\\/strong> de muito sucesso no canal infantil principal.<\\\/p>\"}}]}]},{\"type\":\"column\",\"props\":{\"image_position\":\"center-center\",\"media_overlay_gradient\":\"\",\"width_medium\":\"1-2\"},\"children\":[{\"type\":\"image\",\"props\":{\"margin\":\"default\",\"image_svg_color\":\"emphasis\",\"image\":\"wp-content\\\/uploads\\\/2021\\\/02\\\/mondo-letra-prodotto-min.jpg\"}}]}]}],\"name\":\"Chi Siamo - Letrabots\"},{\"type\":\"section\",\"props\":{\"style\":\"default\",\"width\":\"default\",\"vertical_align\":\"middle\",\"title_position\":\"top-left\",\"title_rotation\":\"left\",\"title_breakpoint\":\"xl\",\"image_position\":\"center-center\",\"class\":\"cb-chisiamo-marvel-section\",\"status\":\"disabled\"},\"children\":[{\"type\":\"row\",\"props\":{\"layout\":\"1-2,1-2\"},\"children\":[{\"type\":\"column\",\"props\":{\"image_position\":\"center-center\",\"media_overlay_gradient\":\"\",\"width_medium\":\"1-2\",\"vertical_align\":\"middle\"},\"children\":[{\"type\":\"headline\",\"props\":{\"title_element\":\"h2\",\"content\":\"Marvel\",\"title_style\":\"heading-small\",\"title_color\":\"secondary\"},\"name\":\"Titolo\"},{\"type\":\"text\",\"props\":{\"margin\":\"default\",\"column_breakpoint\":\"m\",\"content\":\"\n\n<p>Desde 2017, a Cicaboom \\u00e9 licenciada da marca <strong>Marvel<\\\/strong> para a It\\u00e1lia e, a partir de 2019, tamb\\u00e9m para a Espanha, Alemanha, Fran\\u00e7a, Reino Unido e R\\u00fassia.<\\\/p>\"},\"name\":\"Contenuto\"},{\"type\":\"accordion\",\"props\":{\"show_image\":true,\"show_link\":true,\"collapsible\":true,\"content_column_breakpoint\":\"m\",\"image_svg_color\":\"emphasis\",\"image_align\":\"top\",\"image_grid_width\":\"1-2\",\"image_grid_breakpoint\":\"m\",\"link_text\":\"Read more\",\"link_style\":\"default\",\"class\":\"cb-chisiamoaccordion-more\"},\"children\":[{\"type\":\"accordion_item\",\"props\":{\"title\":\"Mais sobre Marvel\",\"content\":\"\n\n<p>Junto com a Marvel, a empresa est\\u00e1 desenvolvendo novas linhas de produtos para metas muito heterog\\u00eaneas que excedem o tamanho do brinquedo e se encaixam nas tend\\u00eancias dos produtos de <strong>cultura pop<\\\/strong>.<\\\/p>\"}}]}]},{\"type\":\"column\",\"props\":{\"image_position\":\"center-center\",\"media_overlay_gradient\":\"\",\"width_medium\":\"1-2\",\"order_first\":\"m\"},\"children\":[{\"type\":\"image\",\"props\":{\"margin\":\"default\",\"image_svg_color\":\"emphasis\",\"image\":\"wp-content\\\/uploads\\\/2021\\\/02\\\/progetto_boomez.jpg\"}}]}]}],\"name\":\"Chi Siamo - Marvel\"},{\"type\":\"section\",\"props\":{\"style\":\"default\",\"width\":\"default\",\"vertical_align\":\"middle\",\"title_position\":\"top-left\",\"title_rotation\":\"left\",\"title_breakpoint\":\"xl\",\"image_position\":\"center-center\",\"class\":\"cb-chisiamo-prodotti-section\",\"status\":\"disabled\"},\"children\":[{\"type\":\"row\",\"props\":{\"layout\":\"1-2,1-2\"},\"children\":[{\"type\":\"column\",\"props\":{\"image_position\":\"center-center\",\"media_overlay_gradient\":\"\",\"width_medium\":\"1-2\"},\"children\":[{\"type\":\"headline\",\"props\":{\"title_element\":\"h2\",\"content\":\"Os produtos\",\"title_style\":\"heading-small\",\"title_color\":\"secondary\"},\"name\":\"Titolo\"},{\"type\":\"text\",\"props\":{\"margin\":\"default\",\"column_breakpoint\":\"m\",\"content\":\"\n\n<p>Cicaboom desenvolveu seu <em>know-how<\\\/em> na It\\u00e1lia e sempre manteve o desenvolvimento e design de produtos em casa tem usado ao longo do tempo para produzir a experi\\u00eancia de fornecedores italianos e estrangeiros em rela\\u00e7\\u00e3o \\u00e0 categoria de produto a ser comercializado.<\\\/p>\"},\"name\":\"Contenuto\"},{\"type\":\"accordion\",\"props\":{\"show_image\":true,\"show_link\":true,\"collapsible\":true,\"content_column_breakpoint\":\"m\",\"image_svg_color\":\"emphasis\",\"image_align\":\"top\",\"image_grid_width\":\"1-2\",\"image_grid_breakpoint\":\"m\",\"link_text\":\"Read more\",\"link_style\":\"default\",\"class\":\"cb-chisiamoaccordion-more\"},\"children\":[{\"type\":\"accordion_item\",\"props\":{\"title\":\"Mais sobre os produtos\",\"content\":\"\n\n<p>A empresa acredita em <strong>Pesquisa &amp; Desenvolvimento<\\\/strong> e re-investe a maior parte dos lucros nesta \\u00e1rea. Nossos dois escrit\\u00f3rios, na It\\u00e1lia e na \\u00c1sia, est\\u00e3o em fermenta\\u00e7\\u00e3o cont\\u00ednua e trabalham em fortes sinergias, zerando fronteiras geogr\\u00e1ficas e culturais. <br \\\/>Ciente da delicada meta para a qual nossos produtos s\\u00e3o direcionados, nosso departamento de qualidade escolhe fornecedores atrav\\u00e9s de um rigoroso processo seletivo, testando e aprovando os produtos finais para alcan\\u00e7ar os <strong>mais altos n\\u00edveis de qualidade e seguran\\u00e7a<\\\/strong>.<br \\\/>Cicaboom tamb\\u00e9m \\u00e9 um viveiro de talento, uma empresa l\\u00edquida, orgulhoso de ser assim. Cada profissional que trabalha em e com Cicaboom \\u00e9 selecionado com base em sua capacidade criativa, mas tamb\\u00e9m em suas habilidades organizacionais e de resolu\\u00e7\\u00e3o de problemas.<\\\/p>\"}}]}]},{\"type\":\"column\",\"props\":{\"image_position\":\"center-center\",\"media_overlay_gradient\":\"\",\"width_medium\":\"1-2\"},\"children\":[{\"type\":\"image\",\"props\":{\"margin\":\"default\",\"image_svg_color\":\"emphasis\",\"image\":\"wp-content\\\/uploads\\\/2021\\\/02\\\/bozzetti_prodotti.jpg\"}}]}]}],\"name\":\"Chi Siamo - Prodotti\"}],\"version\":\"2.5.4\"} --><\/p>\n","protected":false},"excerpt":{"rendered":"<p>Criamos sonhos,\u00a0n\u00e3o peda\u00e7os de pl\u00e1stico A empresa Cicaboom srl \u00e9 uma empresa italiana especializada na cria\u00e7\u00e3o e produ\u00e7\u00e3o de brinquedos e de produtos editorais para jovens.\u00a0 A mission de Cicaboom \u00e9 criar brinquedos de qualidade e atemporais colocados em um universo narrativo que faz as crian\u00e7as sonharem. A nossa hist\u00f3ria Scorri di lato per navigare [&hellip;]<\/p>\n","protected":false},"author":2,"featured_media":0,"parent":0,"menu_order":0,"comment_status":"closed","ping_status":"closed","template":"","meta":[],"acf":[],"yoast_head":"<!-- This site is optimized with the Yoast SEO plugin v18.5.1 - https:\/\/yoast.com\/wordpress\/plugins\/seo\/ -->\n<title>Chi siamo - Cicaboom e i suoi brand Letrabots \u00a9 , Letranimal \u00a9, Kartbots \u00a9, Numberbots \u00a9<\/title>\n<meta name=\"robots\" content=\"index, follow, max-snippet:-1, max-image-preview:large, max-video-preview:-1\" \/>\n<link rel=\"canonical\" href=\"https:\/\/cicaboom.com\/pt-pt\/quem-somos\/\" \/>\n<meta property=\"og:locale\" content=\"pt_PT\" \/>\n<meta property=\"og:type\" content=\"article\" \/>\n<meta property=\"og:title\" content=\"Chi siamo - Cicaboom e i suoi brand Letrabots \u00a9 , Letranimal \u00a9, Kartbots \u00a9, Numberbots \u00a9\" \/>\n<meta property=\"og:description\" content=\"Criamos sonhos,\u00a0n\u00e3o peda\u00e7os de pl\u00e1stico A empresa Cicaboom srl \u00e9 uma empresa italiana especializada na cria\u00e7\u00e3o e produ\u00e7\u00e3o de brinquedos e de produtos editorais para jovens.\u00a0 A mission de Cicaboom \u00e9 criar brinquedos de qualidade e atemporais colocados em um universo narrativo que faz as crian\u00e7as sonharem. A nossa hist\u00f3ria Scorri di lato per navigare [&hellip;]\" \/>\n<meta property=\"og:url\" content=\"https:\/\/cicaboom.com\/pt-pt\/quem-somos\/\" \/>\n<meta property=\"og:site_name\" content=\"Cicaboom e i suoi brand Letrabots \u00a9 , Letranimal \u00a9, Kartbots \u00a9, Numberbots \u00a9\" \/>\n<meta property=\"article:modified_time\" content=\"2022-02-14T11:54:04+00:00\" \/>\n<meta name=\"twitter:card\" content=\"summary_large_image\" \/>\n<meta name=\"twitter:label1\" content=\"Tempo estimado de leitura\" \/>\n\t<meta name=\"twitter:data1\" content=\"1 minuto\" \/>\n<script type=\"application\/ld+json\" class=\"yoast-schema-graph\">{\"@context\":\"https:\/\/schema.org\",\"@graph\":[{\"@type\":\"Organization\",\"@id\":\"https:\/\/cicaboom.com\/#organization\",\"name\":\"Cicaboom\",\"url\":\"https:\/\/cicaboom.com\/\",\"sameAs\":[],\"logo\":{\"@type\":\"ImageObject\",\"@id\":\"https:\/\/cicaboom.com\/#logo\",\"inLanguage\":\"pt-PT\",\"url\":\"https:\/\/cicaboom.com\/wp-content\/uploads\/2024\/12\/logo-cicaboom.svg\",\"contentUrl\":\"https:\/\/cicaboom.com\/wp-content\/uploads\/2024\/12\/logo-cicaboom.svg\",\"caption\":\"Cicaboom\"},\"image\":{\"@id\":\"https:\/\/cicaboom.com\/#logo\"}},{\"@type\":\"WebSite\",\"@id\":\"https:\/\/cicaboom.com\/#website\",\"url\":\"https:\/\/cicaboom.com\/\",\"name\":\"Cicaboom e i suoi brand Letrabots \u00a9 , Letranimal \u00a9, Kartbots \u00a9, Numberbots \u00a9\",\"description\":\"Cicaboom, editore italiano che con entusiasmo e creativit\u00e0 fa divertire i bambini con Letrabots \u00a9, Letranimal \u00a9, Kartbots \u00a9, Numberbots \u00a9 clicca e scoprili tutti.\",\"publisher\":{\"@id\":\"https:\/\/cicaboom.com\/#organization\"},\"potentialAction\":[{\"@type\":\"SearchAction\",\"target\":{\"@type\":\"EntryPoint\",\"urlTemplate\":\"https:\/\/cicaboom.com\/?s={search_term_string}\"},\"query-input\":\"required name=search_term_string\"}],\"inLanguage\":\"pt-PT\"},{\"@type\":\"WebPage\",\"@id\":\"https:\/\/cicaboom.com\/pt-pt\/quem-somos\/#webpage\",\"url\":\"https:\/\/cicaboom.com\/pt-pt\/quem-somos\/\",\"name\":\"Chi siamo - Cicaboom e i suoi brand Letrabots \u00a9 , Letranimal \u00a9, Kartbots \u00a9, Numberbots \u00a9\",\"isPartOf\":{\"@id\":\"https:\/\/cicaboom.com\/#website\"},\"datePublished\":\"2020-07-29T13:18:27+00:00\",\"dateModified\":\"2022-02-14T11:54:04+00:00\",\"breadcrumb\":{\"@id\":\"https:\/\/cicaboom.com\/pt-pt\/quem-somos\/#breadcrumb\"},\"inLanguage\":\"pt-PT\",\"potentialAction\":[{\"@type\":\"ReadAction\",\"target\":[\"https:\/\/cicaboom.com\/pt-pt\/quem-somos\/\"]}]},{\"@type\":\"BreadcrumbList\",\"@id\":\"https:\/\/cicaboom.com\/pt-pt\/quem-somos\/#breadcrumb\",\"itemListElement\":[{\"@type\":\"ListItem\",\"position\":1,\"name\":\"Home\",\"item\":\"https:\/\/cicaboom.com\/pt-pt\/\"},{\"@type\":\"ListItem\",\"position\":2,\"name\":\"Chi siamo\"}]}]}<\/script>\n<!-- \/ Yoast SEO plugin. -->","yoast_head_json":{"title":"Chi siamo - Cicaboom e i suoi brand Letrabots \u00a9 , Letranimal \u00a9, Kartbots \u00a9, Numberbots \u00a9","robots":{"index":"index","follow":"follow","max-snippet":"max-snippet:-1","max-image-preview":"max-image-preview:large","max-video-preview":"max-video-preview:-1"},"canonical":"https:\/\/cicaboom.com\/pt-pt\/quem-somos\/","og_locale":"pt_PT","og_type":"article","og_title":"Chi siamo - Cicaboom e i suoi brand Letrabots \u00a9 , Letranimal \u00a9, Kartbots \u00a9, Numberbots \u00a9","og_description":"Criamos sonhos,\u00a0n\u00e3o peda\u00e7os de pl\u00e1stico A empresa Cicaboom srl \u00e9 uma empresa italiana especializada na cria\u00e7\u00e3o e produ\u00e7\u00e3o de brinquedos e de produtos editorais para jovens.\u00a0 A mission de Cicaboom \u00e9 criar brinquedos de qualidade e atemporais colocados em um universo narrativo que faz as crian\u00e7as sonharem. A nossa hist\u00f3ria Scorri di lato per navigare [&hellip;]","og_url":"https:\/\/cicaboom.com\/pt-pt\/quem-somos\/","og_site_name":"Cicaboom e i suoi brand Letrabots \u00a9 , Letranimal \u00a9, Kartbots \u00a9, Numberbots \u00a9","article_modified_time":"2022-02-14T11:54:04+00:00","twitter_card":"summary_large_image","twitter_misc":{"Tempo estimado de leitura":"1 minuto"},"schema":{"@context":"https:\/\/schema.org","@graph":[{"@type":"Organization","@id":"https:\/\/cicaboom.com\/#organization","name":"Cicaboom","url":"https:\/\/cicaboom.com\/","sameAs":[],"logo":{"@type":"ImageObject","@id":"https:\/\/cicaboom.com\/#logo","inLanguage":"pt-PT","url":"https:\/\/cicaboom.com\/wp-content\/uploads\/2024\/12\/logo-cicaboom.svg","contentUrl":"https:\/\/cicaboom.com\/wp-content\/uploads\/2024\/12\/logo-cicaboom.svg","caption":"Cicaboom"},"image":{"@id":"https:\/\/cicaboom.com\/#logo"}},{"@type":"WebSite","@id":"https:\/\/cicaboom.com\/#website","url":"https:\/\/cicaboom.com\/","name":"Cicaboom e i suoi brand Letrabots \u00a9 , Letranimal \u00a9, Kartbots \u00a9, Numberbots \u00a9","description":"Cicaboom, editore italiano che con entusiasmo e creativit\u00e0 fa divertire i bambini con Letrabots \u00a9, Letranimal \u00a9, Kartbots \u00a9, Numberbots \u00a9 clicca e scoprili tutti.","publisher":{"@id":"https:\/\/cicaboom.com\/#organization"},"potentialAction":[{"@type":"SearchAction","target":{"@type":"EntryPoint","urlTemplate":"https:\/\/cicaboom.com\/?s={search_term_string}"},"query-input":"required name=search_term_string"}],"inLanguage":"pt-PT"},{"@type":"WebPage","@id":"https:\/\/cicaboom.com\/pt-pt\/quem-somos\/#webpage","url":"https:\/\/cicaboom.com\/pt-pt\/quem-somos\/","name":"Chi siamo - Cicaboom e i suoi brand Letrabots \u00a9 , Letranimal \u00a9, Kartbots \u00a9, Numberbots \u00a9","isPartOf":{"@id":"https:\/\/cicaboom.com\/#website"},"datePublished":"2020-07-29T13:18:27+00:00","dateModified":"2022-02-14T11:54:04+00:00","breadcrumb":{"@id":"https:\/\/cicaboom.com\/pt-pt\/quem-somos\/#breadcrumb"},"inLanguage":"pt-PT","potentialAction":[{"@type":"ReadAction","target":["https:\/\/cicaboom.com\/pt-pt\/quem-somos\/"]}]},{"@type":"BreadcrumbList","@id":"https:\/\/cicaboom.com\/pt-pt\/quem-somos\/#breadcrumb","itemListElement":[{"@type":"ListItem","position":1,"name":"Home","item":"https:\/\/cicaboom.com\/pt-pt\/"},{"@type":"ListItem","position":2,"name":"Chi siamo"}]}]}},"_links":{"self":[{"href":"https:\/\/cicaboom.com\/pt-pt\/wp-json\/wp\/v2\/pages\/17980"}],"collection":[{"href":"https:\/\/cicaboom.com\/pt-pt\/wp-json\/wp\/v2\/pages"}],"about":[{"href":"https:\/\/cicaboom.com\/pt-pt\/wp-json\/wp\/v2\/types\/page"}],"author":[{"embeddable":true,"href":"https:\/\/cicaboom.com\/pt-pt\/wp-json\/wp\/v2\/users\/2"}],"replies":[{"embeddable":true,"href":"https:\/\/cicaboom.com\/pt-pt\/wp-json\/wp\/v2\/comments?post=17980"}],"version-history":[{"count":3,"href":"https:\/\/cicaboom.com\/pt-pt\/wp-json\/wp\/v2\/pages\/17980\/revisions"}],"predecessor-version":[{"id":21840,"href":"https:\/\/cicaboom.com\/pt-pt\/wp-json\/wp\/v2\/pages\/17980\/revisions\/21840"}],"wp:attachment":[{"href":"https:\/\/cicaboom.com\/pt-pt\/wp-json\/wp\/v2\/media?parent=17980"}],"curies":[{"name":"wp","href":"https:\/\/api.w.org\/{rel}","templated":true}]}}